{"id":6251,"date":"2020-05-22T10:24:20","date_gmt":"2020-05-22T10:24:20","guid":{"rendered":"https:\/\/www.santateresagalluraturismo.com\/?page_id=6251"},"modified":"2023-06-15T10:51:24","modified_gmt":"2023-06-15T10:51:24","slug":"tri-selectif","status":"publish","type":"page","link":"https:\/\/www.santateresagalluraturismo.com\/fr\/tri-selectif\/","title":{"rendered":"Tri s\u00e9lectif"},"content":{"rendered":"<div class=\"wpb-content-wrapper\"><p>[vc_row bg_type=\u00a0\u00bbimage\u00a0\u00bb parallax_style=\u00a0\u00bbvcpb-default\u00a0\u00bb bg_image_new=\u00a0\u00bbid^6084|url^https:\/\/www.santateresagalluraturismo.com\/wp-content\/uploads\/2020\/05\/ECOISOLE.jpg|caption^null|alt^ECOISOLE|title^ECOISOLE|description^null\u00a0\u00bb bg_image_repeat=\u00a0\u00bbno-repeat\u00a0\u00bb bg_img_attach=\u00a0\u00bbfixed\u00a0\u00bb bg_override=\u00a0\u00bbex-full\u00a0\u00bb enable_overlay=\u00a0\u00bbenable_overlay_value\u00a0\u00bb overlay_color=\u00a0\u00bbrgba(0,0,0,0.41)\u00a0\u00bb css=\u00a0\u00bb.vc_custom_1590139935474{padding-top: 10% !important;padding-bottom: 10% !important;}\u00a0\u00bb][vc_column]<div id=\"ultimate-heading-929469e2fecaba3b3\" class=\"uvc-heading ult-adjust-bottom-margin ultimate-heading-929469e2fecaba3b3 uvc-7752 \" data-hspacer=\"no_spacer\"  data-halign=\"center\" style=\"text-align:center\"><div class=\"uvc-heading-spacer no_spacer\" style=\"top\"><\/div><div class=\"uvc-main-heading ult-responsive\"  data-ultimate-target='.uvc-heading.ultimate-heading-929469e2fecaba3b3 h2'  data-responsive-json-new='{\"font-size\":\"desktop:70px;tablet:50px;tablet_portrait:40px;mobile_landscape:28px;\",\"line-height\":\"desktop:80px;tablet:60px;tablet_portrait:50px;mobile_landscape:38px;\"}' ><h2 style=\"font-weight:bold;color:#ffffff;\">Santa Teresa Gallura<\/h2><\/div><div class=\"uvc-sub-heading ult-responsive\"  data-ultimate-target='.uvc-heading.ultimate-heading-929469e2fecaba3b3 .uvc-sub-heading '  data-responsive-json-new='{\"font-size\":\"desktop:28px;mobile_landscape:18px;\",\"line-height\":\"desktop:38px;mobile_landscape:28px;\"}'  style=\"font-family:&#039;Roboto Slab&#039;;font-weight:normal;color:#ffffff;\"><\/p>\n<p class=\"entry-title\" style=\"text-align: center;\">Tri s\u00e9lectif<\/p>\n<p><\/div><\/div>[\/vc_column][\/vc_row][vc_row][vc_column][vc_empty_space][vc_column_text]<\/p>\n<p style=\"text-align: justify;\">Dans la municipalit\u00e9 de Santa Teresa Gallura, il existe un service de ramassage avec tri s\u00e9lectif des d\u00e9chets au porte-\u00e0-porte du lundi au samedi. Chaque habitation doit donc \u00eatre \u00e9quip\u00e9e des conteneurs appropri\u00e9s, ainsi que les copropri\u00e9t\u00e9s, et il est n\u00e9cessaire de les mettre sur la voie publique \u00e0 partir de 20 heures la veille jusqu\u2019\u00e0 5 heures du matin le jour indiqu\u00e9 sur le calendrier.<\/p>\n<p style=\"text-align: justify;\">Il est possible de consulter les calendriers ci-dessous\u00a0:<\/p>\n<p><a href=\"https:\/\/www.santateresagalluraturismo.com\/wp-content\/uploads\/2023\/06\/Calendario-Raccolta-Differenziata-Centro-Abitato-Frazioni-e-Zone-a-Mare.pdf\" target=\"_blank\" rel=\"noopener\"><strong>CALENDRIER AGGLOM\u00c9RATION DE SANTA TERESA GALLURA ET HAMEAUX<\/strong><\/a>\u00a0(Capo Testa, La Filetta, La Ficaccia, Marazzino, Ruoni, Capizza di Vacca, Porto Pozzo, San Pasquale)<\/p>\n<p><a href=\"https:\/\/www.santateresagalluraturismo.com\/wp-content\/uploads\/2023\/06\/Calendario-Raccolta-Differenziata-Centro-Abitato-Frazioni-e-Zone-a-Mare.pdf\" target=\"_blank\" rel=\"noopener\"><strong>CALENDRIER ZONES BORD DE MER<\/strong><\/a>\u00a0(Lu Pultiddolu, Baia Santa Reparata, Terravecchia, Porto Quadro, La Marmorata, Valle dell\u2019Erica, Conca Verde)[\/vc_column_text][vc_empty_space][vc_column_text]<\/p>\n<p style=\"text-align: justify;\">\u00c0 certains endroits du territoire, il existe \u00e9galement des <strong>\u00ab\u00a0ilots \u00e9cologiques contr\u00f4l\u00e9s\u00a0\u00bb<\/strong>, qui peuvent \u00eatre utilis\u00e9es avec la carte sanitaire \u00e9lectronique italienne ou l\u2019<em>eco-card<\/em> disponible \u00e0 l\u2019Office de l\u2019environnement, o\u00f9 il est possible d\u2019emmener toutes les cat\u00e9gories de d\u00e9chets. Ces endroits sont:<\/p>\n<ul>\n<li>Santa Teresa Gallura centre-ville: via del Porto (zone du th\u00e9\u00e2tre), via Capo Testa (ancienne caserne de la Guardia di Finanza) et via Don Tedde (en face de Dettori)<\/li>\n<li>Santa Reparata: via Aldebaran et via delle Costellazioni<\/li>\n<li>Ruoni: via dei Cormorani (pr\u00e8s du terrain de sport)<\/li>\n<li>Porto Pozzo: place du port de plaisance<\/li>\n<li>Conca Verde: via Ulisse<\/li>\n<li>Valle dell\u2019Erica: route Liscia di Scopa<\/li>\n<li>Porto Quadro: route provinciale (s.p.) 161<\/li>\n<li>San Pasquale: Via Don Gavino Pes<\/li>\n<\/ul>\n<p>[\/vc_column_text][vc_empty_space][vc_column_text]<\/p>\n<p style=\"text-align: justify;\">Enfin, dans le hameau de Buoncammino (3 km du centre-ville) un Centre \u00c9cologique Communal est pr\u00e9sent. L\u00e0, il est possible d\u2019apporter les d\u00e9chets tri\u00e9s (et donc pas les d\u00e9chets secs non tri\u00e9s) \u00e9galement des d\u00e9chets de grandes dimensions.<\/p>\n<p>[\/vc_column_text][\/vc_column][\/vc_row]<\/p>\n<\/div>","protected":false},"excerpt":{"rendered":"<p>[vc_row bg_type=\u00a0\u00bbimage\u00a0\u00bb parallax_style=\u00a0\u00bbvcpb-default\u00a0\u00bb bg_image_new=\u00a0\u00bbid^6084|url^https:\/\/www.santateresagalluraturismo.com\/wp-content\/uploads\/2020\/05\/ECOISOLE.jpg|caption^null|alt^ECOISOLE|title^ECOISOLE|description^null\u00a0\u00bb bg_image_repeat=\u00a0\u00bbno-repeat\u00a0\u00bb bg_img_attach=\u00a0\u00bbfixed\u00a0\u00bb bg_override=\u00a0\u00bbex-full\u00a0\u00bb enable_overlay=\u00a0\u00bbenable_overlay_value\u00a0\u00bb overlay_color=\u00a0\u00bbrgba(0,0,0,0.41)\u00a0\u00bb css=\u00a0\u00bb.vc_custom_1590139935474{padding-top: 10% !important;padding-bottom: 10% !important;}\u00a0\u00bb][vc_column][\/vc_column][\/vc_row][vc_row][vc_column][vc_empty_space][vc_column_text] Dans la municipalit\u00e9 de Santa Teresa Gallura, il existe un service de ramassage avec tri s\u00e9lectif des d\u00e9chets au porte-\u00e0-porte du lundi au samedi. Chaque habitation doit donc \u00eatre \u00e9quip\u00e9e des conteneurs appropri\u00e9s, ainsi que les copropri\u00e9t\u00e9s, et il est n\u00e9cessaire&hellip;<\/p>\n","protected":false},"author":2,"featured_media":0,"parent":0,"menu_order":0,"comment_status":"closed","ping_status":"closed","template":"","meta":{"_acf_changed":false},"class_list":["post-6251","page","type-page","status-publish","hentry","description-off"],"acf":[],"yoast_head":"<!-- This site is optimized with the Yoast SEO plugin v25.3 - https:\/\/yoast.com\/wordpress\/plugins\/seo\/ -->\n<title>Tri s\u00e9lectif - Santa Teresa Gallura Turismo<\/title>\n<meta name=\"robots\" content=\"index, follow, max-snippet:-1, max-image-preview:large, max-video-preview:-1\" \/>\n<link rel=\"canonical\" href=\"https:\/\/www.santateresagalluraturismo.com\/fr\/tri-selectif\/\" \/>\n<meta property=\"og:locale\" content=\"fr_FR\" \/>\n<meta property=\"og:type\" content=\"article\" \/>\n<meta property=\"og:title\" content=\"Tri s\u00e9lectif - Santa Teresa Gallura Turismo\" \/>\n<meta property=\"og:description\" content=\"[vc_row bg_type=\u00a0\u00bbimage\u00a0\u00bb parallax_style=\u00a0\u00bbvcpb-default\u00a0\u00bb bg_image_new=\u00a0\u00bbid^6084|url^https:\/\/www.santateresagalluraturismo.com\/wp-content\/uploads\/2020\/05\/ECOISOLE.jpg|caption^null|alt^ECOISOLE|title^ECOISOLE|description^null\u00a0\u00bb bg_image_repeat=\u00a0\u00bbno-repeat\u00a0\u00bb bg_img_attach=\u00a0\u00bbfixed\u00a0\u00bb bg_override=\u00a0\u00bbex-full\u00a0\u00bb enable_overlay=\u00a0\u00bbenable_overlay_value\u00a0\u00bb overlay_color=\u00a0\u00bbrgba(0,0,0,0.41)\u00a0\u00bb css=\u00a0\u00bb.vc_custom_1590139935474{padding-top: 10% !important;padding-bottom: 10% !important;}\u00a0\u00bb][vc_column][\/vc_column][\/vc_row][vc_row][vc_column][vc_empty_space][vc_column_text] Dans la municipalit\u00e9 de Santa Teresa Gallura, il existe un service de ramassage avec tri s\u00e9lectif des d\u00e9chets au porte-\u00e0-porte du lundi au samedi. Chaque habitation doit donc \u00eatre \u00e9quip\u00e9e des conteneurs appropri\u00e9s, ainsi que les copropri\u00e9t\u00e9s, et il est n\u00e9cessaire&hellip;\" \/>\n<meta property=\"og:url\" content=\"https:\/\/www.santateresagalluraturismo.com\/fr\/tri-selectif\/\" \/>\n<meta property=\"og:site_name\" content=\"Santa Teresa Gallura Turismo\" \/>\n<meta property=\"article:publisher\" content=\"https:\/\/www.facebook.com\/santateresagalluraturismo\/\" \/>\n<meta property=\"article:modified_time\" content=\"2023-06-15T10:51:24+00:00\" \/>\n<meta name=\"twitter:card\" content=\"summary_large_image\" \/>\n<meta name=\"twitter:label1\" content=\"Dur\u00e9e de lecture estim\u00e9e\" \/>\n\t<meta name=\"twitter:data1\" content=\"2 minutes\" \/>\n<script type=\"application\/ld+json\" class=\"yoast-schema-graph\">{\"@context\":\"https:\/\/schema.org\",\"@graph\":[{\"@type\":\"WebPage\",\"@id\":\"https:\/\/www.santateresagalluraturismo.com\/fr\/tri-selectif\/\",\"url\":\"https:\/\/www.santateresagalluraturismo.com\/fr\/tri-selectif\/\",\"name\":\"Tri s\u00e9lectif - Santa Teresa Gallura Turismo\",\"isPartOf\":{\"@id\":\"https:\/\/www.santateresagalluraturismo.com\/fr\/#website\"},\"datePublished\":\"2020-05-22T10:24:20+00:00\",\"dateModified\":\"2023-06-15T10:51:24+00:00\",\"breadcrumb\":{\"@id\":\"https:\/\/www.santateresagalluraturismo.com\/fr\/tri-selectif\/#breadcrumb\"},\"inLanguage\":\"fr-FR\",\"potentialAction\":[{\"@type\":\"ReadAction\",\"target\":[\"https:\/\/www.santateresagalluraturismo.com\/fr\/tri-selectif\/\"]}]},{\"@type\":\"BreadcrumbList\",\"@id\":\"https:\/\/www.santateresagalluraturismo.com\/fr\/tri-selectif\/#breadcrumb\",\"itemListElement\":[{\"@type\":\"ListItem\",\"position\":1,\"name\":\"Home\",\"item\":\"https:\/\/www.santateresagalluraturismo.com\/fr\/\"},{\"@type\":\"ListItem\",\"position\":2,\"name\":\"Tri s\u00e9lectif\"}]},{\"@type\":\"WebSite\",\"@id\":\"https:\/\/www.santateresagalluraturismo.com\/fr\/#website\",\"url\":\"https:\/\/www.santateresagalluraturismo.com\/fr\/\",\"name\":\"Santa Teresa Gallura Turismo\",\"description\":\"\",\"publisher\":{\"@id\":\"https:\/\/www.santateresagalluraturismo.com\/fr\/#organization\"},\"potentialAction\":[{\"@type\":\"SearchAction\",\"target\":{\"@type\":\"EntryPoint\",\"urlTemplate\":\"https:\/\/www.santateresagalluraturismo.com\/fr\/?s={search_term_string}\"},\"query-input\":{\"@type\":\"PropertyValueSpecification\",\"valueRequired\":true,\"valueName\":\"search_term_string\"}}],\"inLanguage\":\"fr-FR\"},{\"@type\":\"Organization\",\"@id\":\"https:\/\/www.santateresagalluraturismo.com\/fr\/#organization\",\"name\":\"Santa Teresa Gallura Turismo\",\"url\":\"https:\/\/www.santateresagalluraturismo.com\/fr\/\",\"logo\":{\"@type\":\"ImageObject\",\"inLanguage\":\"fr-FR\",\"@id\":\"https:\/\/www.santateresagalluraturismo.com\/fr\/#\/schema\/logo\/image\/\",\"url\":\"https:\/\/www.santateresagalluraturismo.com\/wp-content\/uploads\/2019\/12\/logo300px.png\",\"contentUrl\":\"https:\/\/www.santateresagalluraturismo.com\/wp-content\/uploads\/2019\/12\/logo300px.png\",\"width\":300,\"height\":102,\"caption\":\"Santa Teresa Gallura Turismo\"},\"image\":{\"@id\":\"https:\/\/www.santateresagalluraturismo.com\/fr\/#\/schema\/logo\/image\/\"},\"sameAs\":[\"https:\/\/www.facebook.com\/santateresagalluraturismo\/\",\"https:\/\/www.instagram.com\/santateresagalluraturismo\/\"]}]}<\/script>\n<!-- \/ Yoast SEO plugin. -->","yoast_head_json":{"title":"Tri s\u00e9lectif - Santa Teresa Gallura Turismo","robots":{"index":"index","follow":"follow","max-snippet":"max-snippet:-1","max-image-preview":"max-image-preview:large","max-video-preview":"max-video-preview:-1"},"canonical":"https:\/\/www.santateresagalluraturismo.com\/fr\/tri-selectif\/","og_locale":"fr_FR","og_type":"article","og_title":"Tri s\u00e9lectif - Santa Teresa Gallura Turismo","og_description":"[vc_row bg_type=\u00a0\u00bbimage\u00a0\u00bb parallax_style=\u00a0\u00bbvcpb-default\u00a0\u00bb bg_image_new=\u00a0\u00bbid^6084|url^https:\/\/www.santateresagalluraturismo.com\/wp-content\/uploads\/2020\/05\/ECOISOLE.jpg|caption^null|alt^ECOISOLE|title^ECOISOLE|description^null\u00a0\u00bb bg_image_repeat=\u00a0\u00bbno-repeat\u00a0\u00bb bg_img_attach=\u00a0\u00bbfixed\u00a0\u00bb bg_override=\u00a0\u00bbex-full\u00a0\u00bb enable_overlay=\u00a0\u00bbenable_overlay_value\u00a0\u00bb overlay_color=\u00a0\u00bbrgba(0,0,0,0.41)\u00a0\u00bb css=\u00a0\u00bb.vc_custom_1590139935474{padding-top: 10% !important;padding-bottom: 10% !important;}\u00a0\u00bb][vc_column][\/vc_column][\/vc_row][vc_row][vc_column][vc_empty_space][vc_column_text] Dans la municipalit\u00e9 de Santa Teresa Gallura, il existe un service de ramassage avec tri s\u00e9lectif des d\u00e9chets au porte-\u00e0-porte du lundi au samedi. Chaque habitation doit donc \u00eatre \u00e9quip\u00e9e des conteneurs appropri\u00e9s, ainsi que les copropri\u00e9t\u00e9s, et il est n\u00e9cessaire&hellip;","og_url":"https:\/\/www.santateresagalluraturismo.com\/fr\/tri-selectif\/","og_site_name":"Santa Teresa Gallura Turismo","article_publisher":"https:\/\/www.facebook.com\/santateresagalluraturismo\/","article_modified_time":"2023-06-15T10:51:24+00:00","twitter_card":"summary_large_image","twitter_misc":{"Dur\u00e9e de lecture estim\u00e9e":"2 minutes"},"schema":{"@context":"https:\/\/schema.org","@graph":[{"@type":"WebPage","@id":"https:\/\/www.santateresagalluraturismo.com\/fr\/tri-selectif\/","url":"https:\/\/www.santateresagalluraturismo.com\/fr\/tri-selectif\/","name":"Tri s\u00e9lectif - Santa Teresa Gallura Turismo","isPartOf":{"@id":"https:\/\/www.santateresagalluraturismo.com\/fr\/#website"},"datePublished":"2020-05-22T10:24:20+00:00","dateModified":"2023-06-15T10:51:24+00:00","breadcrumb":{"@id":"https:\/\/www.santateresagalluraturismo.com\/fr\/tri-selectif\/#breadcrumb"},"inLanguage":"fr-FR","potentialAction":[{"@type":"ReadAction","target":["https:\/\/www.santateresagalluraturismo.com\/fr\/tri-selectif\/"]}]},{"@type":"BreadcrumbList","@id":"https:\/\/www.santateresagalluraturismo.com\/fr\/tri-selectif\/#breadcrumb","itemListElement":[{"@type":"ListItem","position":1,"name":"Home","item":"https:\/\/www.santateresagalluraturismo.com\/fr\/"},{"@type":"ListItem","position":2,"name":"Tri s\u00e9lectif"}]},{"@type":"WebSite","@id":"https:\/\/www.santateresagalluraturismo.com\/fr\/#website","url":"https:\/\/www.santateresagalluraturismo.com\/fr\/","name":"Santa Teresa Gallura Turismo","description":"","publisher":{"@id":"https:\/\/www.santateresagalluraturismo.com\/fr\/#organization"},"potentialAction":[{"@type":"SearchAction","target":{"@type":"EntryPoint","urlTemplate":"https:\/\/www.santateresagalluraturismo.com\/fr\/?s={search_term_string}"},"query-input":{"@type":"PropertyValueSpecification","valueRequired":true,"valueName":"search_term_string"}}],"inLanguage":"fr-FR"},{"@type":"Organization","@id":"https:\/\/www.santateresagalluraturismo.com\/fr\/#organization","name":"Santa Teresa Gallura Turismo","url":"https:\/\/www.santateresagalluraturismo.com\/fr\/","logo":{"@type":"ImageObject","inLanguage":"fr-FR","@id":"https:\/\/www.santateresagalluraturismo.com\/fr\/#\/schema\/logo\/image\/","url":"https:\/\/www.santateresagalluraturismo.com\/wp-content\/uploads\/2019\/12\/logo300px.png","contentUrl":"https:\/\/www.santateresagalluraturismo.com\/wp-content\/uploads\/2019\/12\/logo300px.png","width":300,"height":102,"caption":"Santa Teresa Gallura Turismo"},"image":{"@id":"https:\/\/www.santateresagalluraturismo.com\/fr\/#\/schema\/logo\/image\/"},"sameAs":["https:\/\/www.facebook.com\/santateresagalluraturismo\/","https:\/\/www.instagram.com\/santateresagalluraturismo\/"]}]}},"_links":{"self":[{"href":"https:\/\/www.santateresagalluraturismo.com\/fr\/wp-json\/wp\/v2\/pages\/6251","targetHints":{"allow":["GET"]}}],"collection":[{"href":"https:\/\/www.santateresagalluraturismo.com\/fr\/wp-json\/wp\/v2\/pages"}],"about":[{"href":"https:\/\/www.santateresagalluraturismo.com\/fr\/wp-json\/wp\/v2\/types\/page"}],"author":[{"embeddable":true,"href":"https:\/\/www.santateresagalluraturismo.com\/fr\/wp-json\/wp\/v2\/users\/2"}],"replies":[{"embeddable":true,"href":"https:\/\/www.santateresagalluraturismo.com\/fr\/wp-json\/wp\/v2\/comments?post=6251"}],"version-history":[{"count":4,"href":"https:\/\/www.santateresagalluraturismo.com\/fr\/wp-json\/wp\/v2\/pages\/6251\/revisions"}],"predecessor-version":[{"id":11713,"href":"https:\/\/www.santateresagalluraturismo.com\/fr\/wp-json\/wp\/v2\/pages\/6251\/revisions\/11713"}],"wp:attachment":[{"href":"https:\/\/www.santateresagalluraturismo.com\/fr\/wp-json\/wp\/v2\/media?parent=6251"}],"curies":[{"name":"wp","href":"https:\/\/api.w.org\/{rel}","templated":true}]}}