{"id":4988,"date":"2020-01-09T10:40:37","date_gmt":"2020-01-09T10:40:37","guid":{"rendered":"https:\/\/www.santateresagalluraturismo.com\/percorsi-naturalistici\/"},"modified":"2020-05-17T18:02:55","modified_gmt":"2020-05-17T18:02:55","slug":"los-recorridos-en-la-naturaleza","status":"publish","type":"page","link":"https:\/\/www.santateresagalluraturismo.com\/es\/los-recorridos-en-la-naturaleza\/","title":{"rendered":"Los recorridos en la naturaleza"},"content":{"rendered":"<div class=\"wpb-content-wrapper\"><p>[vc_row bg_type=\u00bbimage\u00bb parallax_style=\u00bbvcpb-default\u00bb bg_image_new=\u00bbid^5960|url^https:\/\/www.santateresagalluraturismo.com\/wp-content\/uploads\/2020\/05\/PERCORSI-BITO.jpg|caption^null|alt^null|title^PERCORSI-BITO|description^null\u00bb bg_image_repeat=\u00bbno-repeat\u00bb bg_img_attach=\u00bbfixed\u00bb bg_override=\u00bbex-full\u00bb enable_overlay=\u00bbenable_overlay_value\u00bb overlay_color=\u00bbrgba(0,0,0,0.41)\u00bb type=\u00bbvc_default\u00bb css=\u00bb.vc_custom_1589738572927{padding-top: 20% !important;padding-bottom: 20% !important;}\u00bb][vc_column css=\u00bb.vc_custom_1492694838569{padding-top: 6% !important;padding-bottom: 6% !important;}\u00bb offset=\u00bbvc_col-lg-offset-2 vc_col-lg-8 vc_col-md-offset-1 vc_col-md-10 vc_col-sm-offset-0&#8243;]<div id=\"ultimate-heading-211269e2ffcaef7fd\" class=\"uvc-heading ult-adjust-bottom-margin ultimate-heading-211269e2ffcaef7fd uvc-7854 \" data-hspacer=\"no_spacer\"  data-halign=\"center\" style=\"text-align:center\"><div class=\"uvc-heading-spacer no_spacer\" style=\"top\"><\/div><div class=\"uvc-main-heading ult-responsive\"  data-ultimate-target='.uvc-heading.ultimate-heading-211269e2ffcaef7fd h2'  data-responsive-json-new='{\"font-size\":\"desktop:70px;tablet:50px;tablet_portrait:40px;mobile_landscape:28px;\",\"line-height\":\"desktop:80px;tablet:60px;tablet_portrait:50px;mobile_landscape:38px;\"}' ><h2 style=\"font-weight:bold;color:#ffffff;margin-bottom:30px;\">Santa Teresa Gallura<\/h2><\/div><div class=\"uvc-sub-heading ult-responsive\"  data-ultimate-target='.uvc-heading.ultimate-heading-211269e2ffcaef7fd .uvc-sub-heading '  data-responsive-json-new='{\"font-size\":\"desktop:28px;mobile_landscape:18px;\",\"line-height\":\"desktop:38px;mobile_landscape:28px;\"}'  style=\"font-family:&#039;Roboto Slab&#039;;font-weight:700;color:#ffffff;\">Los recorridos en la naturaleza<\/div><\/div>[\/vc_column][\/vc_row][vc_row equal_height=\u00bbyes\u00bb type=\u00bbvc_default\u00bb css=\u00bb.vc_custom_1492758885864{padding-top: 100px !important;padding-bottom: 50px !important;}\u00bb][vc_column width=\u00bb1\/2&#8243; css=\u00bb.vc_custom_1578215197353{padding-bottom: 50px !important;}\u00bb offset=\u00bbvc_col-lg-6 vc_col-md-6&#8243;]<div id=\"ultimate-heading-23669e2ffcaef863\" class=\"uvc-heading ult-adjust-bottom-margin ultimate-heading-23669e2ffcaef863 uvc-8533 \" data-hspacer=\"no_spacer\"  data-halign=\"left\" style=\"text-align:left\"><div class=\"uvc-heading-spacer no_spacer\" style=\"top\"><\/div><div class=\"uvc-main-heading ult-responsive\"  data-ultimate-target='.uvc-heading.ultimate-heading-23669e2ffcaef863 h2'  data-responsive-json-new='{\"font-size\":\"desktop:36px;\",\"line-height\":\"desktop:46px;\"}' ><h2 style=\"font-weight:bold;margin-bottom:25px;\">PARCO DE PUNTA CONTESSA<\/h2><\/div><\/div>[vc_column_text]El \u00abParque Punta Contessa\u00bb es un territorio del Municipio de Santa Teresa Gallura, gestionado por el Ente Foreste (Ente para los bosques) de Cerde\u00f1a, y que ocupa una superficie de 101,9890 Ha.<\/p>\n<p>Se puede visitar a trav\u00e9s de una serie de carreteras menores de tierra y una red de senderos que recorren lugares sugerentes, con vistas a la costa rica de promontorios poblados por la maquia mediterr\u00e1nea, con encantadoras rocas gran\u00edticas erosionadas por el viento, y con panoramas que miran hacia las Bocas de Bonifacio en C\u00f3rcega.<\/p>\n<p>El sitio forma parte del \u00e1rea LIC \u00abCapo Testa\u00bb (JTB010007) y est\u00e1 dentro de la red ecol\u00f3gica \u00abNatura 2000\u00bb, sistema de \u00e1reas dedicadas a la conservaci\u00f3n de la biodiversidad, caracterizadas por la presencia de h\u00e1bitats y especies de fauna y flora de inter\u00e9s comunitario, inseridos en la Directiva \u00abH\u00e1bitat\u00bb (92\/43\/CEE) y en la Directiva \u00abAves\u00bb (79\/409\/CEE sustituida por la Directiva 2009\/147\/CE).<\/p>\n<p>El paisaje se distingue por la notable variedad de formas t\u00edpicas del granito, que dan al sitio una fuerte reconocibilidad y singularidad en t\u00e9rminos paisaj\u00edsticos.<\/p>\n<p>&nbsp;<\/p>\n<p>Las particulares caracter\u00edsticas geomorfol\u00f3gicas permiten el desarrollo de numerosos h\u00e1bitats que confieren al territorio una elevada biodiversidad con especies faun\u00edsticas, en particular avifaun\u00edsticas, muchas de las cuales est\u00e1n inseridas en el Anexo I de la directiva \u00abAves\u00bb, adem\u00e1s de especies de flora particularmente raras y significativas, algunas de ellas end\u00e9micas de la isla e incluso exclusivas del territorio de Capo Testa.<\/p>\n<p>La \u00abred de senderos\u00bb ha sido pensada y proyectada por el Ente Foreste de Cerde\u00f1a que, en colaboraci\u00f3n con el Municipio de Santa Teresa Gallura, prev\u00e9 el mantenimiento y la actualizaci\u00f3n de los trazados.[\/vc_column_text][\/vc_column][vc_column width=\u00bb1\/2&#8243; css=\u00bb.vc_custom_1578566741920{background-position: center !important;background-repeat: no-repeat !important;background-size: cover !important;}\u00bb offset=\u00bbvc_col-lg-6 vc_col-md-6&#8243;][vc_single_image image=\u00bb3756&#8243; img_size=\u00bbfull\u00bb alignment=\u00bbcenter\u00bb onclick=\u00bblink_image\u00bb][vc_single_image image=\u00bb4234&#8243; img_size=\u00bbfull\u00bb alignment=\u00bbcenter\u00bb onclick=\u00bblink_image\u00bb][vc_empty_space height=\u00bb22px\u00bb][\/vc_column][\/vc_row][vc_row equal_height=\u00bbyes\u00bb type=\u00bbvc_default\u00bb css=\u00bb.vc_custom_1579710614384{background-color: #f7f7f7 !important;}\u00bb][vc_column width=\u00bb1\/2&#8243; css=\u00bb.vc_custom_1579710629071{padding-bottom: 90px !important;}\u00bb]<div id=\"ultimate-heading-921169e2ffcaef890\" class=\"uvc-heading ult-adjust-bottom-margin ultimate-heading-921169e2ffcaef890 uvc-2340 \" data-hspacer=\"no_spacer\"  data-halign=\"left\" style=\"text-align:left\"><div class=\"uvc-heading-spacer no_spacer\" style=\"top\"><\/div><div class=\"uvc-main-heading ult-responsive\"  data-ultimate-target='.uvc-heading.ultimate-heading-921169e2ffcaef890 h2'  data-responsive-json-new='{\"font-size\":\"desktop:36px;\",\"line-height\":\"desktop:46px;\"}' ><h2 style=\"font-weight:bold;margin-bottom:25px;\">PUNTA FALCONE<\/h2><\/div><\/div>[vc_column_text]Es la punta m\u00e1s septentrional de Cerde\u00f1a, situada al este del pueblo, frente a las Bocas de Bonifacio y las islas del archipi\u00e9lago de La Maddalena. All\u00ed se deben visitar las viejas bater\u00edas militares Ferrero y De Carolis abandonadas durante la II Guerra Mundial en este contexto de extraordinaria belleza paisaj\u00edstica del \u00e1rea mediterr\u00e1nea.<\/p>\n<p>&nbsp;<\/p>\n<p>Se costea la carretera panor\u00e1mica que desde el puerto de Santa Teresa llega a la localidad tur\u00edstica de la Marmorata.<\/p>\n<p>Una vez en el cruce principal es necesario girar hacia el \u00e1rea de la Ficaccia y proseguir a trav\u00e9s de una cancilla de madera por un estrecho camino agr\u00edcola. Con un todo terreno se puede proseguir en autom\u00f3vil, si no, es aconsejable recorrer el camino a pie.[\/vc_column_text][vc_empty_space height=\u00bb22px\u00bb][\/vc_column][vc_column width=\u00bb1\/2&#8243;][vc_single_image image=\u00bb3534&#8243; img_size=\u00bbfull\u00bb][\/vc_column][\/vc_row][vc_row full_width=\u00bbstretch_row\u00bb css=\u00bb.vc_custom_1579792705728{padding-top: 30px !important;background-color: #e8e8e8 !important;}\u00bb][vc_column width=\u00bb1\/2&#8243;][vc_single_image image=\u00bb4201&#8243; img_size=\u00bbfull\u00bb onclick=\u00bblink_image\u00bb][vc_column_text]<div class='w3eden'><!-- WPDM Link Template: Default Template -->\n\n<div class=\"link-template-default card mb-2\">\n    <div class=\"card-body\">\n        <div class=\"media\">\n            <div class=\"mr-3 img-48\"><img decoding=\"async\" class=\"wpdm_icon\" alt=\"Icono\" src=\"https:\/\/www.santateresagalluraturismo.com\/wp-content\/plugins\/download-manager\/assets\/file-type-icons\/pdf.svg\" \/><\/div>\n            <div class=\"media-body\">\n                <h3 class=\"package-title\"><a href='https:\/\/www.santateresagalluraturismo.com\/es\/download\/carta-del-territorio-stg\/'>Carta del Territorio Santa Teresa Gallura<\/a><\/h3>\n                <div class=\"text-muted text-small\"><i class=\"fas fa-copy\"><\/i> 1 archivo(s) <i class=\"fas fa-hdd ml-3\"><\/i> 21.92 MB<\/div>\n            <\/div>\n            <div class=\"ml-3\">\n                <a class='wpdm-download-link download-on-click btn btn-primary ' rel='nofollow' href='#' data-downloadurl=\"https:\/\/www.santateresagalluraturismo.com\/es\/download\/carta-del-territorio-stg\/?wpdmdl=4006&refresh=69e2ffcaf10be1776484298\">Descargar<\/a>\n            <\/div>\n        <\/div>\n    <\/div>\n<\/div>\n\n<\/div>[\/vc_column_text][\/vc_column][vc_column width=\u00bb1\/2&#8243;][vc_single_image image=\u00bb4196&#8243; img_size=\u00bbfull\u00bb onclick=\u00bblink_image\u00bb][vc_column_text]<div class='w3eden'><!-- WPDM Link Template: Default Template -->\n\n<div class=\"link-template-default card mb-2\">\n    <div class=\"card-body\">\n        <div class=\"media\">\n            <div class=\"mr-3 img-48\"><img decoding=\"async\" class=\"wpdm_icon\" alt=\"Icono\" src=\"https:\/\/www.santateresagalluraturismo.com\/wp-content\/plugins\/download-manager\/assets\/file-type-icons\/pdf.svg\" \/><\/div>\n            <div class=\"media-body\">\n                <h3 class=\"package-title\"><a href='https:\/\/www.santateresagalluraturismo.com\/es\/download\/stradario-santa-teresa-gallura\/'>Stradario Santa Teresa Gallura<\/a><\/h3>\n                <div class=\"text-muted text-small\"><i class=\"fas fa-copy\"><\/i> 1 archivo(s) <i class=\"fas fa-hdd ml-3\"><\/i> 10.95 MB<\/div>\n            <\/div>\n            <div class=\"ml-3\">\n                <a class='wpdm-download-link download-on-click btn btn-primary ' rel='nofollow' href='#' data-downloadurl=\"https:\/\/www.santateresagalluraturismo.com\/es\/download\/stradario-santa-teresa-gallura\/?wpdmdl=2567&refresh=69e2ffcaf40d31776484298\">Descargar<\/a>\n            <\/div>\n        <\/div>\n    <\/div>\n<\/div>\n\n<\/div>[\/vc_column_text][\/vc_column][\/vc_row]<\/p>\n<\/div>","protected":false},"excerpt":{"rendered":"<p>[vc_row bg_type=\u00bbimage\u00bb parallax_style=\u00bbvcpb-default\u00bb bg_image_new=\u00bbid^5960|url^https:\/\/www.santateresagalluraturismo.com\/wp-content\/uploads\/2020\/05\/PERCORSI-BITO.jpg|caption^null|alt^null|title^PERCORSI-BITO|description^null\u00bb bg_image_repeat=\u00bbno-repeat\u00bb bg_img_attach=\u00bbfixed\u00bb bg_override=\u00bbex-full\u00bb enable_overlay=\u00bbenable_overlay_value\u00bb overlay_color=\u00bbrgba(0,0,0,0.41)\u00bb type=\u00bbvc_default\u00bb css=\u00bb.vc_custom_1589738572927{padding-top: 20% !important;padding-bottom: 20% !important;}\u00bb][vc_column css=\u00bb.vc_custom_1492694838569{padding-top: 6% !important;padding-bottom: 6% !important;}\u00bb offset=\u00bbvc_col-lg-offset-2 vc_col-lg-8 vc_col-md-offset-1 vc_col-md-10 vc_col-sm-offset-0&#8243;][\/vc_column][\/vc_row][vc_row equal_height=\u00bbyes\u00bb type=\u00bbvc_default\u00bb css=\u00bb.vc_custom_1492758885864{padding-top: 100px !important;padding-bottom: 50px !important;}\u00bb][vc_column width=\u00bb1\/2&#8243; css=\u00bb.vc_custom_1578215197353{padding-bottom: 50px !important;}\u00bb offset=\u00bbvc_col-lg-6 vc_col-md-6&#8243;][vc_column_text]El \u00abParque Punta Contessa\u00bb es un territorio del Municipio de Santa Teresa Gallura, gestionado por el Ente Foreste&hellip;<\/p>\n","protected":false},"author":1,"featured_media":0,"parent":0,"menu_order":0,"comment_status":"closed","ping_status":"closed","template":"","meta":{"_acf_changed":false},"class_list":["post-4988","page","type-page","status-publish","hentry","description-off"],"acf":[],"yoast_head":"<!-- This site is optimized with the Yoast SEO plugin v25.3 - https:\/\/yoast.com\/wordpress\/plugins\/seo\/ -->\n<title>Los recorridos en la naturaleza - Santa Teresa Gallura Turismo<\/title>\n<meta name=\"robots\" content=\"index, follow, max-snippet:-1, max-image-preview:large, max-video-preview:-1\" \/>\n<link rel=\"canonical\" href=\"https:\/\/www.santateresagalluraturismo.com\/es\/los-recorridos-en-la-naturaleza\/\" \/>\n<meta property=\"og:locale\" content=\"es_ES\" \/>\n<meta property=\"og:type\" content=\"article\" \/>\n<meta property=\"og:title\" content=\"Los recorridos en la naturaleza - Santa Teresa Gallura Turismo\" \/>\n<meta property=\"og:description\" content=\"[vc_row bg_type=\u00bbimage\u00bb parallax_style=\u00bbvcpb-default\u00bb bg_image_new=\u00bbid^5960|url^https:\/\/www.santateresagalluraturismo.com\/wp-content\/uploads\/2020\/05\/PERCORSI-BITO.jpg|caption^null|alt^null|title^PERCORSI-BITO|description^null\u00bb bg_image_repeat=\u00bbno-repeat\u00bb bg_img_attach=\u00bbfixed\u00bb bg_override=\u00bbex-full\u00bb enable_overlay=\u00bbenable_overlay_value\u00bb overlay_color=\u00bbrgba(0,0,0,0.41)\u00bb type=\u00bbvc_default\u00bb css=\u00bb.vc_custom_1589738572927{padding-top: 20% !important;padding-bottom: 20% !important;}\u00bb][vc_column css=\u00bb.vc_custom_1492694838569{padding-top: 6% !important;padding-bottom: 6% !important;}\u00bb offset=\u00bbvc_col-lg-offset-2 vc_col-lg-8 vc_col-md-offset-1 vc_col-md-10 vc_col-sm-offset-0&#8243;][\/vc_column][\/vc_row][vc_row equal_height=\u00bbyes\u00bb type=\u00bbvc_default\u00bb css=\u00bb.vc_custom_1492758885864{padding-top: 100px !important;padding-bottom: 50px !important;}\u00bb][vc_column width=\u00bb1\/2&#8243; css=\u00bb.vc_custom_1578215197353{padding-bottom: 50px !important;}\u00bb offset=\u00bbvc_col-lg-6 vc_col-md-6&#8243;][vc_column_text]El \u00abParque Punta Contessa\u00bb es un territorio del Municipio de Santa Teresa Gallura, gestionado por el Ente Foreste&hellip;\" \/>\n<meta property=\"og:url\" content=\"https:\/\/www.santateresagalluraturismo.com\/es\/los-recorridos-en-la-naturaleza\/\" \/>\n<meta property=\"og:site_name\" content=\"Santa Teresa Gallura Turismo\" \/>\n<meta property=\"article:publisher\" content=\"https:\/\/www.facebook.com\/santateresagalluraturismo\/\" \/>\n<meta property=\"article:modified_time\" content=\"2020-05-17T18:02:55+00:00\" \/>\n<meta name=\"twitter:card\" content=\"summary_large_image\" \/>\n<meta name=\"twitter:label1\" content=\"Tiempo de lectura\" \/>\n\t<meta name=\"twitter:data1\" content=\"4 minutos\" \/>\n<script type=\"application\/ld+json\" class=\"yoast-schema-graph\">{\"@context\":\"https:\/\/schema.org\",\"@graph\":[{\"@type\":\"WebPage\",\"@id\":\"https:\/\/www.santateresagalluraturismo.com\/es\/los-recorridos-en-la-naturaleza\/\",\"url\":\"https:\/\/www.santateresagalluraturismo.com\/es\/los-recorridos-en-la-naturaleza\/\",\"name\":\"Los recorridos en la naturaleza - Santa Teresa Gallura Turismo\",\"isPartOf\":{\"@id\":\"https:\/\/www.santateresagalluraturismo.com\/es\/#website\"},\"datePublished\":\"2020-01-09T10:40:37+00:00\",\"dateModified\":\"2020-05-17T18:02:55+00:00\",\"breadcrumb\":{\"@id\":\"https:\/\/www.santateresagalluraturismo.com\/es\/los-recorridos-en-la-naturaleza\/#breadcrumb\"},\"inLanguage\":\"es\",\"potentialAction\":[{\"@type\":\"ReadAction\",\"target\":[\"https:\/\/www.santateresagalluraturismo.com\/es\/los-recorridos-en-la-naturaleza\/\"]}]},{\"@type\":\"BreadcrumbList\",\"@id\":\"https:\/\/www.santateresagalluraturismo.com\/es\/los-recorridos-en-la-naturaleza\/#breadcrumb\",\"itemListElement\":[{\"@type\":\"ListItem\",\"position\":1,\"name\":\"Home\",\"item\":\"https:\/\/www.santateresagalluraturismo.com\/es\/\"},{\"@type\":\"ListItem\",\"position\":2,\"name\":\"Los recorridos en la naturaleza\"}]},{\"@type\":\"WebSite\",\"@id\":\"https:\/\/www.santateresagalluraturismo.com\/es\/#website\",\"url\":\"https:\/\/www.santateresagalluraturismo.com\/es\/\",\"name\":\"Santa Teresa Gallura Turismo\",\"description\":\"\",\"publisher\":{\"@id\":\"https:\/\/www.santateresagalluraturismo.com\/es\/#organization\"},\"potentialAction\":[{\"@type\":\"SearchAction\",\"target\":{\"@type\":\"EntryPoint\",\"urlTemplate\":\"https:\/\/www.santateresagalluraturismo.com\/es\/?s={search_term_string}\"},\"query-input\":{\"@type\":\"PropertyValueSpecification\",\"valueRequired\":true,\"valueName\":\"search_term_string\"}}],\"inLanguage\":\"es\"},{\"@type\":\"Organization\",\"@id\":\"https:\/\/www.santateresagalluraturismo.com\/es\/#organization\",\"name\":\"Santa Teresa Gallura Turismo\",\"url\":\"https:\/\/www.santateresagalluraturismo.com\/es\/\",\"logo\":{\"@type\":\"ImageObject\",\"inLanguage\":\"es\",\"@id\":\"https:\/\/www.santateresagalluraturismo.com\/es\/#\/schema\/logo\/image\/\",\"url\":\"https:\/\/www.santateresagalluraturismo.com\/wp-content\/uploads\/2019\/12\/logo300px.png\",\"contentUrl\":\"https:\/\/www.santateresagalluraturismo.com\/wp-content\/uploads\/2019\/12\/logo300px.png\",\"width\":300,\"height\":102,\"caption\":\"Santa Teresa Gallura Turismo\"},\"image\":{\"@id\":\"https:\/\/www.santateresagalluraturismo.com\/es\/#\/schema\/logo\/image\/\"},\"sameAs\":[\"https:\/\/www.facebook.com\/santateresagalluraturismo\/\",\"https:\/\/www.instagram.com\/santateresagalluraturismo\/\"]}]}<\/script>\n<!-- \/ Yoast SEO plugin. -->","yoast_head_json":{"title":"Los recorridos en la naturaleza - Santa Teresa Gallura Turismo","robots":{"index":"index","follow":"follow","max-snippet":"max-snippet:-1","max-image-preview":"max-image-preview:large","max-video-preview":"max-video-preview:-1"},"canonical":"https:\/\/www.santateresagalluraturismo.com\/es\/los-recorridos-en-la-naturaleza\/","og_locale":"es_ES","og_type":"article","og_title":"Los recorridos en la naturaleza - Santa Teresa Gallura Turismo","og_description":"[vc_row bg_type=\u00bbimage\u00bb parallax_style=\u00bbvcpb-default\u00bb bg_image_new=\u00bbid^5960|url^https:\/\/www.santateresagalluraturismo.com\/wp-content\/uploads\/2020\/05\/PERCORSI-BITO.jpg|caption^null|alt^null|title^PERCORSI-BITO|description^null\u00bb bg_image_repeat=\u00bbno-repeat\u00bb bg_img_attach=\u00bbfixed\u00bb bg_override=\u00bbex-full\u00bb enable_overlay=\u00bbenable_overlay_value\u00bb overlay_color=\u00bbrgba(0,0,0,0.41)\u00bb type=\u00bbvc_default\u00bb css=\u00bb.vc_custom_1589738572927{padding-top: 20% !important;padding-bottom: 20% !important;}\u00bb][vc_column css=\u00bb.vc_custom_1492694838569{padding-top: 6% !important;padding-bottom: 6% !important;}\u00bb offset=\u00bbvc_col-lg-offset-2 vc_col-lg-8 vc_col-md-offset-1 vc_col-md-10 vc_col-sm-offset-0&#8243;][\/vc_column][\/vc_row][vc_row equal_height=\u00bbyes\u00bb type=\u00bbvc_default\u00bb css=\u00bb.vc_custom_1492758885864{padding-top: 100px !important;padding-bottom: 50px !important;}\u00bb][vc_column width=\u00bb1\/2&#8243; css=\u00bb.vc_custom_1578215197353{padding-bottom: 50px !important;}\u00bb offset=\u00bbvc_col-lg-6 vc_col-md-6&#8243;][vc_column_text]El \u00abParque Punta Contessa\u00bb es un territorio del Municipio de Santa Teresa Gallura, gestionado por el Ente Foreste&hellip;","og_url":"https:\/\/www.santateresagalluraturismo.com\/es\/los-recorridos-en-la-naturaleza\/","og_site_name":"Santa Teresa Gallura Turismo","article_publisher":"https:\/\/www.facebook.com\/santateresagalluraturismo\/","article_modified_time":"2020-05-17T18:02:55+00:00","twitter_card":"summary_large_image","twitter_misc":{"Tiempo de lectura":"4 minutos"},"schema":{"@context":"https:\/\/schema.org","@graph":[{"@type":"WebPage","@id":"https:\/\/www.santateresagalluraturismo.com\/es\/los-recorridos-en-la-naturaleza\/","url":"https:\/\/www.santateresagalluraturismo.com\/es\/los-recorridos-en-la-naturaleza\/","name":"Los recorridos en la naturaleza - Santa Teresa Gallura Turismo","isPartOf":{"@id":"https:\/\/www.santateresagalluraturismo.com\/es\/#website"},"datePublished":"2020-01-09T10:40:37+00:00","dateModified":"2020-05-17T18:02:55+00:00","breadcrumb":{"@id":"https:\/\/www.santateresagalluraturismo.com\/es\/los-recorridos-en-la-naturaleza\/#breadcrumb"},"inLanguage":"es","potentialAction":[{"@type":"ReadAction","target":["https:\/\/www.santateresagalluraturismo.com\/es\/los-recorridos-en-la-naturaleza\/"]}]},{"@type":"BreadcrumbList","@id":"https:\/\/www.santateresagalluraturismo.com\/es\/los-recorridos-en-la-naturaleza\/#breadcrumb","itemListElement":[{"@type":"ListItem","position":1,"name":"Home","item":"https:\/\/www.santateresagalluraturismo.com\/es\/"},{"@type":"ListItem","position":2,"name":"Los recorridos en la naturaleza"}]},{"@type":"WebSite","@id":"https:\/\/www.santateresagalluraturismo.com\/es\/#website","url":"https:\/\/www.santateresagalluraturismo.com\/es\/","name":"Santa Teresa Gallura Turismo","description":"","publisher":{"@id":"https:\/\/www.santateresagalluraturismo.com\/es\/#organization"},"potentialAction":[{"@type":"SearchAction","target":{"@type":"EntryPoint","urlTemplate":"https:\/\/www.santateresagalluraturismo.com\/es\/?s={search_term_string}"},"query-input":{"@type":"PropertyValueSpecification","valueRequired":true,"valueName":"search_term_string"}}],"inLanguage":"es"},{"@type":"Organization","@id":"https:\/\/www.santateresagalluraturismo.com\/es\/#organization","name":"Santa Teresa Gallura Turismo","url":"https:\/\/www.santateresagalluraturismo.com\/es\/","logo":{"@type":"ImageObject","inLanguage":"es","@id":"https:\/\/www.santateresagalluraturismo.com\/es\/#\/schema\/logo\/image\/","url":"https:\/\/www.santateresagalluraturismo.com\/wp-content\/uploads\/2019\/12\/logo300px.png","contentUrl":"https:\/\/www.santateresagalluraturismo.com\/wp-content\/uploads\/2019\/12\/logo300px.png","width":300,"height":102,"caption":"Santa Teresa Gallura Turismo"},"image":{"@id":"https:\/\/www.santateresagalluraturismo.com\/es\/#\/schema\/logo\/image\/"},"sameAs":["https:\/\/www.facebook.com\/santateresagalluraturismo\/","https:\/\/www.instagram.com\/santateresagalluraturismo\/"]}]}},"_links":{"self":[{"href":"https:\/\/www.santateresagalluraturismo.com\/es\/wp-json\/wp\/v2\/pages\/4988","targetHints":{"allow":["GET"]}}],"collection":[{"href":"https:\/\/www.santateresagalluraturismo.com\/es\/wp-json\/wp\/v2\/pages"}],"about":[{"href":"https:\/\/www.santateresagalluraturismo.com\/es\/wp-json\/wp\/v2\/types\/page"}],"author":[{"embeddable":true,"href":"https:\/\/www.santateresagalluraturismo.com\/es\/wp-json\/wp\/v2\/users\/1"}],"replies":[{"embeddable":true,"href":"https:\/\/www.santateresagalluraturismo.com\/es\/wp-json\/wp\/v2\/comments?post=4988"}],"version-history":[{"count":2,"href":"https:\/\/www.santateresagalluraturismo.com\/es\/wp-json\/wp\/v2\/pages\/4988\/revisions"}],"predecessor-version":[{"id":5965,"href":"https:\/\/www.santateresagalluraturismo.com\/es\/wp-json\/wp\/v2\/pages\/4988\/revisions\/5965"}],"wp:attachment":[{"href":"https:\/\/www.santateresagalluraturismo.com\/es\/wp-json\/wp\/v2\/media?parent=4988"}],"curies":[{"name":"wp","href":"https:\/\/api.w.org\/{rel}","templated":true}]}}