{"id":4971,"date":"2020-01-08T18:38:59","date_gmt":"2020-01-08T18:38:59","guid":{"rendered":"https:\/\/www.santateresagalluraturismo.com\/il-paese\/"},"modified":"2020-05-17T17:57:21","modified_gmt":"2020-05-17T17:57:21","slug":"el-pueblo","status":"publish","type":"page","link":"https:\/\/www.santateresagalluraturismo.com\/es\/el-pueblo\/","title":{"rendered":"El Pueblo"},"content":{"rendered":"<div class=\"wpb-content-wrapper\"><p>[vc_row bg_type=\u00bbimage\u00bb parallax_style=\u00bbvcpb-default\u00bb bg_image_new=\u00bbid^5940|url^https:\/\/www.santateresagalluraturismo.com\/wp-content\/uploads\/2020\/05\/PAESE-BITO.jpg|caption^null|alt^null|title^PAESE-BITO|description^null\u00bb bg_image_repeat=\u00bbno-repeat\u00bb bg_img_attach=\u00bbfixed\u00bb bg_override=\u00bbex-full\u00bb enable_overlay=\u00bbenable_overlay_value\u00bb overlay_color=\u00bbrgba(0,0,0,0.41)\u00bb type=\u00bbvc_default\u00bb css=\u00bb.vc_custom_1589738239900{padding-top: 20% !important;padding-bottom: 20% !important;}\u00bb][vc_column css=\u00bb.vc_custom_1492694838569{padding-top: 6% !important;padding-bottom: 6% !important;}\u00bb offset=\u00bbvc_col-lg-offset-2 vc_col-lg-8 vc_col-md-offset-1 vc_col-md-10 vc_col-sm-offset-0&#8243;]<div id=\"ultimate-heading-563069e2ffcf43a28\" class=\"uvc-heading ult-adjust-bottom-margin ultimate-heading-563069e2ffcf43a28 uvc-5130 \" data-hspacer=\"no_spacer\"  data-halign=\"center\" style=\"text-align:center\"><div class=\"uvc-heading-spacer no_spacer\" style=\"top\"><\/div><div class=\"uvc-main-heading ult-responsive\"  data-ultimate-target='.uvc-heading.ultimate-heading-563069e2ffcf43a28 h2'  data-responsive-json-new='{\"font-size\":\"desktop:70px;tablet:50px;tablet_portrait:40px;mobile_landscape:28px;\",\"line-height\":\"desktop:80px;tablet:60px;tablet_portrait:50px;mobile_landscape:38px;\"}' ><h2 style=\"font-weight:bold;color:#ffffff;margin-bottom:30px;\">Santa Teresa Gallura<\/h2><\/div><div class=\"uvc-sub-heading ult-responsive\"  data-ultimate-target='.uvc-heading.ultimate-heading-563069e2ffcf43a28 .uvc-sub-heading '  data-responsive-json-new='{\"font-size\":\"desktop:28px;mobile_landscape:18px;\",\"line-height\":\"desktop:38px;mobile_landscape:28px;\"}'  style=\"font-family:&#039;Roboto Slab&#039;;font-weight:700;color:#ffffff;\">El Pueblo<\/div><\/div>[\/vc_column][\/vc_row][vc_row equal_height=\u00bbyes\u00bb type=\u00bbvc_default\u00bb css=\u00bb.vc_custom_1580291810452{padding-bottom: 15px !important;background-color: #f7f7f7 !important;}\u00bb el_id=\u00bbfrazioni\u00bb][vc_column width=\u00bb1\/2&#8243; css=\u00bb.vc_custom_1579791688206{padding-top: 30px !important;}\u00bb][vc_column_text]Camina por las calles del pueblo y visita la iglesia parroquial de San Victorio del Siglo XIX, la playa con bandera azul desde 1987, \u00abRena Bianca\u00bb, la Torre Espa\u00f1ola de Longonsardo, Punta Bechi y La Madonna \u00abStella Maris\u00bb, escultura de M. Scano cerca de la Torre. Tampoco puede faltar la peque\u00f1a iglesia de Santa Lucia, situada en la colina que mira a la entrada del puerto comercial. No te puedes perder el puerto tur\u00edstico de Longonsardo, con las ruinas del Castillo de Arborea y la vista panor\u00e1mica de la iglesia de San Diego.<\/p>\n<p>El puerto tur\u00edstico, ya conocido por los romanos con el nombre de Longonis, est\u00e1 bien reparado del viento y es uno de los puertos m\u00e1s completos del norte de Cerde\u00f1a. Subiendo por <em>via<\/em> del Porto y girando a la izquierda, se llega, en Piazza Bruno Modesto, al monumento a los ca\u00eddos de la artista Maria Scano y a la escultura de Pinuccio Sciola \u00abLa historia del Tiempo\u00bb. Recorriendo, en direcci\u00f3n al centro, via Carlo Alberto, llegar\u00e9is a la plaza Vittorio Emanuele I y a via XX Settembre, donde en la estaci\u00f3n veraniega se celebran los mercadillos artesanos y los principales eventos.[\/vc_column_text][vc_empty_space height=\u00bb22px\u00bb][\/vc_column][vc_column width=\u00bb1\/2&#8243; css=\u00bb.vc_custom_1579791693929{padding-top: 30px !important;}\u00bb][vc_media_grid grid_id=\u00bbvc_gid:1589738194374-e1acad44-6110-4&#8243; include=\u00bb3994,3989,3984,3979,3974,3969,3964,3959,4216&#8243;][\/vc_column][\/vc_row][vc_row full_width=\u00bbstretch_row\u00bb equal_height=\u00bbyes\u00bb type=\u00bbvc_default\u00bb css=\u00bb.vc_custom_1578565845114{padding-top: 100px !important;padding-bottom: 50px !important;background-color: #ffffff !important;}\u00bb el_id=\u00bbporto\u00bb][vc_column width=\u00bb1\/2&#8243; css=\u00bb.vc_custom_1580291885525{padding-top: 15px !important;padding-bottom: 15px !important;}\u00bb offset=\u00bbvc_col-lg-6 vc_col-md-6&#8243;]<div id=\"ultimate-heading-515169e2ffcf43ab6\" class=\"uvc-heading ult-adjust-bottom-margin ultimate-heading-515169e2ffcf43ab6 uvc-6073 \" data-hspacer=\"no_spacer\"  data-halign=\"left\" style=\"text-align:left\"><div class=\"uvc-heading-spacer no_spacer\" style=\"top\"><\/div><div class=\"uvc-main-heading ult-responsive\"  data-ultimate-target='.uvc-heading.ultimate-heading-515169e2ffcf43ab6 h2'  data-responsive-json-new='{\"font-size\":\"desktop:36px;\",\"line-height\":\"desktop:46px;\"}' ><h2 style=\"font-weight:bold;margin-bottom:25px;\">EL PUERTO<\/h2><\/div><\/div>[vc_column_text]En el puerto de Longonsardo, noto ya a los romanos por su afortunada posici\u00f3n reparada del viento mistral, se ha desarrollado una de las estructuras portuarias tur\u00edstico-comerciales m\u00e1s equipadas del norte de Cerde\u00f1a, que cuenta con aproximadamente con 700 plazas preparadas para recibir embarcaciones de 30-50 metros.<\/p>\n<p>Las comunicaciones con la cercana isla de C\u00f3rcega, aproximadamente a 50 minutos, son diarias.<\/p>\n<p>Durante la temporada de verano es el punto de donde parten excursiones inolvidables al archipi\u00e9lago de La Maddalena y el Corso, adem\u00e1s de un escenario sugerente para eventos enogastron\u00f3micos, entre otros.<\/p>\n<p>Fue su forma alargada la que dio origen al antiguo nombre de Santa Teresa: Longonis.<\/p>\n<p>El puerto de Longonsardo es bandera azul de la FEE.[\/vc_column_text][\/vc_column][vc_column width=\u00bb1\/2&#8243; css=\u00bb.vc_custom_1580291932207{padding-top: 80px !important;padding-bottom: 15px !important;background-position: center !important;background-repeat: no-repeat !important;background-size: cover !important;}\u00bb offset=\u00bbvc_col-lg-6 vc_col-md-6&#8243;][vc_single_image image=\u00bb2579&#8243; img_size=\u00bb600&#215;400&#8243; onclick=\u00bblink_image\u00bb][\/vc_column][\/vc_row][vc_row][vc_column width=\u00bb1\/2&#8243;][vc_column_text]<div class='w3eden'><!-- WPDM Link Template: Default Template -->\n\n<div class=\"link-template-default card mb-2\">\n    <div class=\"card-body\">\n        <div class=\"media\">\n            <div class=\"mr-3 img-48\"><img decoding=\"async\" class=\"wpdm_icon\" alt=\"Icono\" src=\"https:\/\/www.santateresagalluraturismo.com\/wp-content\/plugins\/download-manager\/assets\/file-type-icons\/pdf.svg\" \/><\/div>\n            <div class=\"media-body\">\n                <h3 class=\"package-title\"><a href='https:\/\/www.santateresagalluraturismo.com\/es\/download\/callejero-de-santa-teresa-gallura\/'>Callejero de Santa Teresa Gallura<\/a><\/h3>\n                <div class=\"text-muted text-small\"><i class=\"fas fa-copy\"><\/i> 1 archivo(s) <i class=\"fas fa-hdd ml-3\"><\/i> 10.95 MB<\/div>\n            <\/div>\n            <div class=\"ml-3\">\n                <a class='wpdm-download-link download-on-click btn btn-primary ' rel='nofollow' href='#' data-downloadurl=\"https:\/\/www.santateresagalluraturismo.com\/es\/download\/callejero-de-santa-teresa-gallura\/?wpdmdl=4975&refresh=69e2ffcf44ec01776484303\">Descargar<\/a>\n            <\/div>\n        <\/div>\n    <\/div>\n<\/div>\n\n<\/div>[\/vc_column_text][\/vc_column][vc_column width=\u00bb1\/2&#8243;][\/vc_column][\/vc_row]<\/p>\n<\/div>","protected":false},"excerpt":{"rendered":"<p>[vc_row bg_type=\u00bbimage\u00bb parallax_style=\u00bbvcpb-default\u00bb bg_image_new=\u00bbid^5940|url^https:\/\/www.santateresagalluraturismo.com\/wp-content\/uploads\/2020\/05\/PAESE-BITO.jpg|caption^null|alt^null|title^PAESE-BITO|description^null\u00bb bg_image_repeat=\u00bbno-repeat\u00bb bg_img_attach=\u00bbfixed\u00bb bg_override=\u00bbex-full\u00bb enable_overlay=\u00bbenable_overlay_value\u00bb overlay_color=\u00bbrgba(0,0,0,0.41)\u00bb type=\u00bbvc_default\u00bb css=\u00bb.vc_custom_1589738239900{padding-top: 20% !important;padding-bottom: 20% !important;}\u00bb][vc_column css=\u00bb.vc_custom_1492694838569{padding-top: 6% !important;padding-bottom: 6% !important;}\u00bb offset=\u00bbvc_col-lg-offset-2 vc_col-lg-8 vc_col-md-offset-1 vc_col-md-10 vc_col-sm-offset-0&#8243;][\/vc_column][\/vc_row][vc_row equal_height=\u00bbyes\u00bb type=\u00bbvc_default\u00bb css=\u00bb.vc_custom_1580291810452{padding-bottom: 15px !important;background-color: #f7f7f7 !important;}\u00bb el_id=\u00bbfrazioni\u00bb][vc_column width=\u00bb1\/2&#8243; css=\u00bb.vc_custom_1579791688206{padding-top: 30px !important;}\u00bb][vc_column_text]Camina por las calles del pueblo y visita la iglesia parroquial de San Victorio del Siglo XIX, la playa&hellip;<\/p>\n","protected":false},"author":1,"featured_media":0,"parent":0,"menu_order":0,"comment_status":"closed","ping_status":"closed","template":"","meta":{"_acf_changed":false},"class_list":["post-4971","page","type-page","status-publish","hentry","description-off"],"acf":[],"yoast_head":"<!-- This site is optimized with the Yoast SEO plugin v25.3 - https:\/\/yoast.com\/wordpress\/plugins\/seo\/ -->\n<title>El Pueblo - Santa Teresa Gallura Turismo<\/title>\n<meta name=\"robots\" content=\"index, follow, max-snippet:-1, max-image-preview:large, max-video-preview:-1\" \/>\n<link rel=\"canonical\" href=\"https:\/\/www.santateresagalluraturismo.com\/es\/el-pueblo\/\" \/>\n<meta property=\"og:locale\" content=\"es_ES\" \/>\n<meta property=\"og:type\" content=\"article\" \/>\n<meta property=\"og:title\" content=\"El Pueblo - Santa Teresa Gallura Turismo\" \/>\n<meta property=\"og:description\" content=\"[vc_row bg_type=\u00bbimage\u00bb parallax_style=\u00bbvcpb-default\u00bb bg_image_new=\u00bbid^5940|url^https:\/\/www.santateresagalluraturismo.com\/wp-content\/uploads\/2020\/05\/PAESE-BITO.jpg|caption^null|alt^null|title^PAESE-BITO|description^null\u00bb bg_image_repeat=\u00bbno-repeat\u00bb bg_img_attach=\u00bbfixed\u00bb bg_override=\u00bbex-full\u00bb enable_overlay=\u00bbenable_overlay_value\u00bb overlay_color=\u00bbrgba(0,0,0,0.41)\u00bb type=\u00bbvc_default\u00bb css=\u00bb.vc_custom_1589738239900{padding-top: 20% !important;padding-bottom: 20% !important;}\u00bb][vc_column css=\u00bb.vc_custom_1492694838569{padding-top: 6% !important;padding-bottom: 6% !important;}\u00bb offset=\u00bbvc_col-lg-offset-2 vc_col-lg-8 vc_col-md-offset-1 vc_col-md-10 vc_col-sm-offset-0&#8243;][\/vc_column][\/vc_row][vc_row equal_height=\u00bbyes\u00bb type=\u00bbvc_default\u00bb css=\u00bb.vc_custom_1580291810452{padding-bottom: 15px !important;background-color: #f7f7f7 !important;}\u00bb el_id=\u00bbfrazioni\u00bb][vc_column width=\u00bb1\/2&#8243; css=\u00bb.vc_custom_1579791688206{padding-top: 30px !important;}\u00bb][vc_column_text]Camina por las calles del pueblo y visita la iglesia parroquial de San Victorio del Siglo XIX, la playa&hellip;\" \/>\n<meta property=\"og:url\" content=\"https:\/\/www.santateresagalluraturismo.com\/es\/el-pueblo\/\" \/>\n<meta property=\"og:site_name\" content=\"Santa Teresa Gallura Turismo\" \/>\n<meta property=\"article:publisher\" content=\"https:\/\/www.facebook.com\/santateresagalluraturismo\/\" \/>\n<meta property=\"article:modified_time\" content=\"2020-05-17T17:57:21+00:00\" \/>\n<meta name=\"twitter:card\" content=\"summary_large_image\" \/>\n<meta name=\"twitter:label1\" content=\"Tiempo de lectura\" \/>\n\t<meta name=\"twitter:data1\" content=\"4 minutos\" \/>\n<script type=\"application\/ld+json\" class=\"yoast-schema-graph\">{\"@context\":\"https:\/\/schema.org\",\"@graph\":[{\"@type\":\"WebPage\",\"@id\":\"https:\/\/www.santateresagalluraturismo.com\/es\/el-pueblo\/\",\"url\":\"https:\/\/www.santateresagalluraturismo.com\/es\/el-pueblo\/\",\"name\":\"El Pueblo - Santa Teresa Gallura Turismo\",\"isPartOf\":{\"@id\":\"https:\/\/www.santateresagalluraturismo.com\/es\/#website\"},\"datePublished\":\"2020-01-08T18:38:59+00:00\",\"dateModified\":\"2020-05-17T17:57:21+00:00\",\"breadcrumb\":{\"@id\":\"https:\/\/www.santateresagalluraturismo.com\/es\/el-pueblo\/#breadcrumb\"},\"inLanguage\":\"es\",\"potentialAction\":[{\"@type\":\"ReadAction\",\"target\":[\"https:\/\/www.santateresagalluraturismo.com\/es\/el-pueblo\/\"]}]},{\"@type\":\"BreadcrumbList\",\"@id\":\"https:\/\/www.santateresagalluraturismo.com\/es\/el-pueblo\/#breadcrumb\",\"itemListElement\":[{\"@type\":\"ListItem\",\"position\":1,\"name\":\"Home\",\"item\":\"https:\/\/www.santateresagalluraturismo.com\/es\/\"},{\"@type\":\"ListItem\",\"position\":2,\"name\":\"El Pueblo\"}]},{\"@type\":\"WebSite\",\"@id\":\"https:\/\/www.santateresagalluraturismo.com\/es\/#website\",\"url\":\"https:\/\/www.santateresagalluraturismo.com\/es\/\",\"name\":\"Santa Teresa Gallura Turismo\",\"description\":\"\",\"publisher\":{\"@id\":\"https:\/\/www.santateresagalluraturismo.com\/es\/#organization\"},\"potentialAction\":[{\"@type\":\"SearchAction\",\"target\":{\"@type\":\"EntryPoint\",\"urlTemplate\":\"https:\/\/www.santateresagalluraturismo.com\/es\/?s={search_term_string}\"},\"query-input\":{\"@type\":\"PropertyValueSpecification\",\"valueRequired\":true,\"valueName\":\"search_term_string\"}}],\"inLanguage\":\"es\"},{\"@type\":\"Organization\",\"@id\":\"https:\/\/www.santateresagalluraturismo.com\/es\/#organization\",\"name\":\"Santa Teresa Gallura Turismo\",\"url\":\"https:\/\/www.santateresagalluraturismo.com\/es\/\",\"logo\":{\"@type\":\"ImageObject\",\"inLanguage\":\"es\",\"@id\":\"https:\/\/www.santateresagalluraturismo.com\/es\/#\/schema\/logo\/image\/\",\"url\":\"https:\/\/www.santateresagalluraturismo.com\/wp-content\/uploads\/2019\/12\/logo300px.png\",\"contentUrl\":\"https:\/\/www.santateresagalluraturismo.com\/wp-content\/uploads\/2019\/12\/logo300px.png\",\"width\":300,\"height\":102,\"caption\":\"Santa Teresa Gallura Turismo\"},\"image\":{\"@id\":\"https:\/\/www.santateresagalluraturismo.com\/es\/#\/schema\/logo\/image\/\"},\"sameAs\":[\"https:\/\/www.facebook.com\/santateresagalluraturismo\/\",\"https:\/\/www.instagram.com\/santateresagalluraturismo\/\"]}]}<\/script>\n<!-- \/ Yoast SEO plugin. -->","yoast_head_json":{"title":"El Pueblo - Santa Teresa Gallura Turismo","robots":{"index":"index","follow":"follow","max-snippet":"max-snippet:-1","max-image-preview":"max-image-preview:large","max-video-preview":"max-video-preview:-1"},"canonical":"https:\/\/www.santateresagalluraturismo.com\/es\/el-pueblo\/","og_locale":"es_ES","og_type":"article","og_title":"El Pueblo - Santa Teresa Gallura Turismo","og_description":"[vc_row bg_type=\u00bbimage\u00bb parallax_style=\u00bbvcpb-default\u00bb bg_image_new=\u00bbid^5940|url^https:\/\/www.santateresagalluraturismo.com\/wp-content\/uploads\/2020\/05\/PAESE-BITO.jpg|caption^null|alt^null|title^PAESE-BITO|description^null\u00bb bg_image_repeat=\u00bbno-repeat\u00bb bg_img_attach=\u00bbfixed\u00bb bg_override=\u00bbex-full\u00bb enable_overlay=\u00bbenable_overlay_value\u00bb overlay_color=\u00bbrgba(0,0,0,0.41)\u00bb type=\u00bbvc_default\u00bb css=\u00bb.vc_custom_1589738239900{padding-top: 20% !important;padding-bottom: 20% !important;}\u00bb][vc_column css=\u00bb.vc_custom_1492694838569{padding-top: 6% !important;padding-bottom: 6% !important;}\u00bb offset=\u00bbvc_col-lg-offset-2 vc_col-lg-8 vc_col-md-offset-1 vc_col-md-10 vc_col-sm-offset-0&#8243;][\/vc_column][\/vc_row][vc_row equal_height=\u00bbyes\u00bb type=\u00bbvc_default\u00bb css=\u00bb.vc_custom_1580291810452{padding-bottom: 15px !important;background-color: #f7f7f7 !important;}\u00bb el_id=\u00bbfrazioni\u00bb][vc_column width=\u00bb1\/2&#8243; css=\u00bb.vc_custom_1579791688206{padding-top: 30px !important;}\u00bb][vc_column_text]Camina por las calles del pueblo y visita la iglesia parroquial de San Victorio del Siglo XIX, la playa&hellip;","og_url":"https:\/\/www.santateresagalluraturismo.com\/es\/el-pueblo\/","og_site_name":"Santa Teresa Gallura Turismo","article_publisher":"https:\/\/www.facebook.com\/santateresagalluraturismo\/","article_modified_time":"2020-05-17T17:57:21+00:00","twitter_card":"summary_large_image","twitter_misc":{"Tiempo de lectura":"4 minutos"},"schema":{"@context":"https:\/\/schema.org","@graph":[{"@type":"WebPage","@id":"https:\/\/www.santateresagalluraturismo.com\/es\/el-pueblo\/","url":"https:\/\/www.santateresagalluraturismo.com\/es\/el-pueblo\/","name":"El Pueblo - Santa Teresa Gallura Turismo","isPartOf":{"@id":"https:\/\/www.santateresagalluraturismo.com\/es\/#website"},"datePublished":"2020-01-08T18:38:59+00:00","dateModified":"2020-05-17T17:57:21+00:00","breadcrumb":{"@id":"https:\/\/www.santateresagalluraturismo.com\/es\/el-pueblo\/#breadcrumb"},"inLanguage":"es","potentialAction":[{"@type":"ReadAction","target":["https:\/\/www.santateresagalluraturismo.com\/es\/el-pueblo\/"]}]},{"@type":"BreadcrumbList","@id":"https:\/\/www.santateresagalluraturismo.com\/es\/el-pueblo\/#breadcrumb","itemListElement":[{"@type":"ListItem","position":1,"name":"Home","item":"https:\/\/www.santateresagalluraturismo.com\/es\/"},{"@type":"ListItem","position":2,"name":"El Pueblo"}]},{"@type":"WebSite","@id":"https:\/\/www.santateresagalluraturismo.com\/es\/#website","url":"https:\/\/www.santateresagalluraturismo.com\/es\/","name":"Santa Teresa Gallura Turismo","description":"","publisher":{"@id":"https:\/\/www.santateresagalluraturismo.com\/es\/#organization"},"potentialAction":[{"@type":"SearchAction","target":{"@type":"EntryPoint","urlTemplate":"https:\/\/www.santateresagalluraturismo.com\/es\/?s={search_term_string}"},"query-input":{"@type":"PropertyValueSpecification","valueRequired":true,"valueName":"search_term_string"}}],"inLanguage":"es"},{"@type":"Organization","@id":"https:\/\/www.santateresagalluraturismo.com\/es\/#organization","name":"Santa Teresa Gallura Turismo","url":"https:\/\/www.santateresagalluraturismo.com\/es\/","logo":{"@type":"ImageObject","inLanguage":"es","@id":"https:\/\/www.santateresagalluraturismo.com\/es\/#\/schema\/logo\/image\/","url":"https:\/\/www.santateresagalluraturismo.com\/wp-content\/uploads\/2019\/12\/logo300px.png","contentUrl":"https:\/\/www.santateresagalluraturismo.com\/wp-content\/uploads\/2019\/12\/logo300px.png","width":300,"height":102,"caption":"Santa Teresa Gallura Turismo"},"image":{"@id":"https:\/\/www.santateresagalluraturismo.com\/es\/#\/schema\/logo\/image\/"},"sameAs":["https:\/\/www.facebook.com\/santateresagalluraturismo\/","https:\/\/www.instagram.com\/santateresagalluraturismo\/"]}]}},"_links":{"self":[{"href":"https:\/\/www.santateresagalluraturismo.com\/es\/wp-json\/wp\/v2\/pages\/4971","targetHints":{"allow":["GET"]}}],"collection":[{"href":"https:\/\/www.santateresagalluraturismo.com\/es\/wp-json\/wp\/v2\/pages"}],"about":[{"href":"https:\/\/www.santateresagalluraturismo.com\/es\/wp-json\/wp\/v2\/types\/page"}],"author":[{"embeddable":true,"href":"https:\/\/www.santateresagalluraturismo.com\/es\/wp-json\/wp\/v2\/users\/1"}],"replies":[{"embeddable":true,"href":"https:\/\/www.santateresagalluraturismo.com\/es\/wp-json\/wp\/v2\/comments?post=4971"}],"version-history":[{"count":4,"href":"https:\/\/www.santateresagalluraturismo.com\/es\/wp-json\/wp\/v2\/pages\/4971\/revisions"}],"predecessor-version":[{"id":5945,"href":"https:\/\/www.santateresagalluraturismo.com\/es\/wp-json\/wp\/v2\/pages\/4971\/revisions\/5945"}],"wp:attachment":[{"href":"https:\/\/www.santateresagalluraturismo.com\/es\/wp-json\/wp\/v2\/media?parent=4971"}],"curies":[{"name":"wp","href":"https:\/\/api.w.org\/{rel}","templated":true}]}}