{"id":4929,"date":"2020-01-22T15:37:23","date_gmt":"2020-01-22T15:37:23","guid":{"rendered":"https:\/\/www.santateresagalluraturismo.com\/il-territorio\/come-arrivare\/"},"modified":"2025-10-13T14:49:42","modified_gmt":"2025-10-13T14:49:42","slug":"como-llegar","status":"publish","type":"page","link":"https:\/\/www.santateresagalluraturismo.com\/es\/il-territorio\/como-llegar\/","title":{"rendered":"C\u00f3mo llegar"},"content":{"rendered":"<div class=\"wpb-content-wrapper\"><p>[vc_row bg_type=\u00bbimage\u00bb parallax_style=\u00bbvcpb-default\u00bb bg_image_new=\u00bbid^5919|url^https:\/\/www.santateresagalluraturismo.com\/wp-content\/uploads\/2020\/05\/TRASPORTI-ACHENZA.jpg|caption^null|alt^null|title^TRASPORTI-ACHENZA|description^null\u00bb bg_image_repeat=\u00bbno-repeat\u00bb bg_img_attach=\u00bbfixed\u00bb bg_override=\u00bbex-full\u00bb enable_overlay=\u00bbenable_overlay_value\u00bb overlay_color=\u00bbrgba(0,0,0,0.6)\u00bb type=\u00bbvc_default\u00bb css=\u00bb.vc_custom_1589737552742{padding-top: 6% !important;padding-bottom: 6% !important;}\u00bb][vc_column css=\u00bb.vc_custom_1492694838569{padding-top: 6% !important;padding-bottom: 6% !important;}\u00bb offset=\u00bbvc_col-lg-offset-2 vc_col-lg-8 vc_col-md-offset-1 vc_col-md-10 vc_col-sm-offset-0&#8243;]<div id=\"ultimate-heading-471669e2ffcd66b82\" class=\"uvc-heading ult-adjust-bottom-margin ultimate-heading-471669e2ffcd66b82 uvc-1901 \" data-hspacer=\"no_spacer\"  data-halign=\"center\" style=\"text-align:center\"><div class=\"uvc-heading-spacer no_spacer\" style=\"top\"><\/div><div class=\"uvc-main-heading ult-responsive\"  data-ultimate-target='.uvc-heading.ultimate-heading-471669e2ffcd66b82 h2'  data-responsive-json-new='{\"font-size\":\"desktop:70px;tablet:50px;tablet_portrait:40px;mobile_landscape:28px;\",\"line-height\":\"desktop:80px;tablet:60px;tablet_portrait:50px;mobile_landscape:38px;\"}' ><h2 style=\"font-weight:bold;color:#ffffff;margin-bottom:30px;\">Santa Teresa Gallura<\/h2><\/div><div class=\"uvc-sub-heading ult-responsive\"  data-ultimate-target='.uvc-heading.ultimate-heading-471669e2ffcd66b82 .uvc-sub-heading '  data-responsive-json-new='{\"font-size\":\"desktop:28px;mobile_landscape:18px;\",\"line-height\":\"desktop:38px;mobile_landscape:28px;\"}'  style=\"font-family:&#039;Roboto Slab&#039;;font-weight:700;color:#ffffff;\">Transportes<\/div><\/div>[\/vc_column][\/vc_row][vc_row equal_height=\u00bbyes\u00bb bg_type=\u00bbbg_color\u00bb bg_override=\u00bbex-full\u00bb type=\u00bbvc_default\u00bb bg_color_value=\u00bb#f4f4f4&#8243; el_id=\u00bbcome-arrivare\u00bb][vc_column width=\u00bb1\/2&#8243; css=\u00bb.vc_custom_1492764938173{padding-top: 90px !important;padding-bottom: 90px !important;}\u00bb]<div id=\"ultimate-heading-842769e2ffcd66be3\" class=\"uvc-heading ult-adjust-bottom-margin ultimate-heading-842769e2ffcd66be3 uvc-4860 accent-subtitle-color\" data-hspacer=\"no_spacer\"  data-halign=\"left\" style=\"text-align:left\"><div class=\"uvc-heading-spacer no_spacer\" style=\"top\"><\/div><div class=\"uvc-main-heading ult-responsive\"  data-ultimate-target='.uvc-heading.ultimate-heading-842769e2ffcd66be3 h2'  data-responsive-json-new='{\"font-size\":\"desktop:36px;\",\"line-height\":\"desktop:46px;\"}' ><h2 style=\"font-weight:bold;margin-bottom:10px;\">C\u00d3MO LLEGAR<\/h2><\/div><div class=\"uvc-sub-heading ult-responsive\"  data-ultimate-target='.uvc-heading.ultimate-heading-842769e2ffcd66be3 .uvc-sub-heading '  data-responsive-json-new='{\"font-size\":\"desktop:22px;\",\"line-height\":\"desktop:32px;\"}'  style=\"font-family:&#039;Roboto Slab&#039;;font-weight:700;margin-bottom:25px;\"><strong>Avi\u00f3n, Ferry, Autob\u00fas<\/strong><\/div><\/div>[vc_column_text css=\u00bb.vc_custom_1583510240557{padding-bottom: 25px !important;}\u00bb]Las dos opciones principales para llegar a Santa Teresa Gallura en Cerde\u00f1a son el avi\u00f3n o la nave. Adem\u00e1s de los aeropuertos y los puertos salen autobuses que permiten llegar a la localidad tur\u00edstica en poco tiempo.[\/vc_column_text]<div class=\"standard-arrow bullet-top\"><ul>\n<li><strong>Avi\u00f3n<\/strong>: El aeropuerto m\u00e1s cercano es el de Olvia \u00abCosta Smeralda\u00bb que est\u00e1 solo a 60 km de Santa Teresa Gallura. En la costa oeste, el aeropuerto de Alghero Fertilia est\u00e1 a 133 km.<\/li>\n<li><strong>Nave<\/strong>: Los puertos mar\u00edtimos m\u00e1s cercanos a Santa Teresa Gallura son el de Olbia, Golfo Aranci, Porto Torres y Palau.<\/li>\n<li><strong>Autob\u00fas<\/strong>: De los aeropuertos salen autobuses de compa\u00f1\u00edas p\u00fablicas y privadas que tienen como destino Santa Teresa Gallura.<\/li>\n<\/ul>\n<\/div><div id=\"ultimate-heading-984869e2ffcd66c6d\" class=\"uvc-heading ult-adjust-bottom-margin ultimate-heading-984869e2ffcd66c6d uvc-4208 accent-subtitle-color\" data-hspacer=\"no_spacer\"  data-halign=\"left\" style=\"text-align:left\"><div class=\"uvc-heading-spacer no_spacer\" style=\"top\"><\/div><div class=\"uvc-main-heading ult-responsive\"  data-ultimate-target='.uvc-heading.ultimate-heading-984869e2ffcd66c6d h2'  data-responsive-json-new='{\"font-size\":\"desktop:36px;\",\"line-height\":\"desktop:46px;\"}' ><h2 style=\"font-weight:bold;margin-bottom:10px;\">C\u00d3MO MOVERSE<\/h2><\/div><\/div><div class=\"standard-arrow bullet-top\"><p>Desde Santa Teresa se puede ir en medios de transporte p\u00fablicos y privados a diversas localidades de Cerde\u00f1a. Durante la temporada estival se ofrece adem\u00e1s un servicio de transporte a las principales playas del territorio <em>teresino<\/em>. Adem\u00e1s no falta la posibilidad de efectuar viajes en barco hacia las islas de los cercanos archipi\u00e9lagos de La Maddalena y de C\u00f3rcega.<\/p>\n<p><a href=\"https:\/\/www.santateresagalluraturismo.com\/wp-content\/uploads\/2025\/10\/ORARI-AUTOBUS-BASSA-STAGIONE-2025-26-4.png\" target=\"_blank\" rel=\"noopener\"><strong>LOS HORARIOS DE TRANSPORTE 2025-26<\/strong><\/a><\/p>\n<p>Para m\u00e1s informaci\u00f3n visite los sitios web:<\/p>\n<p><a href=\"http:\/\/www.arst.sardegna.it\/index.html\">ARST<\/a><\/p>\n<p><a href=\"https:\/\/gruppoturmotravel.com\/\">TURMOTRAVEL<\/a> BOLETOS EN LA APLICATI\u00d3N \u00abTURMOTRAVEL\u00bb<\/p>\n<p><a href=\"http:\/\/www.sardabus.it\/\">SARDABUS<\/a><\/p>\n<p><a href=\"https:\/\/www.digitur.it\/\">DIGITUR<\/a><\/p>\n<p><a href=\"https:\/\/www.moby.it\/\">MOBYLINES<\/a><\/p>\n<p><a href=\"https:\/\/ichnusalines.com\/\" target=\"_blank\" rel=\"noopener\">ICHNUSA LINES<\/a><\/p>\n<\/div>[\/vc_column][vc_column width=\u00bb1\/2&#8243; css=\u00bb.vc_custom_1579708031460{margin-right: -25% !important;padding-top: 25% !important;padding-bottom: 25% !important;background-position: center !important;background-repeat: no-repeat !important;background-size: cover !important;}\u00bb][vc_single_image image=\u00bb1910&#8243; img_size=\u00bbfull\u00bb alignment=\u00bbcenter\u00bb onclick=\u00bbcustom_link\u00bb img_link_target=\u00bb_blank\u00bb link=\u00bbhttps:\/\/goo.gl\/maps\/2eURVVrXCtQGsuDc8&#8243;][\/vc_column][\/vc_row]<\/p>\n<\/div>","protected":false},"excerpt":{"rendered":"<p>[vc_row bg_type=\u00bbimage\u00bb parallax_style=\u00bbvcpb-default\u00bb bg_image_new=\u00bbid^5919|url^https:\/\/www.santateresagalluraturismo.com\/wp-content\/uploads\/2020\/05\/TRASPORTI-ACHENZA.jpg|caption^null|alt^null|title^TRASPORTI-ACHENZA|description^null\u00bb bg_image_repeat=\u00bbno-repeat\u00bb bg_img_attach=\u00bbfixed\u00bb bg_override=\u00bbex-full\u00bb enable_overlay=\u00bbenable_overlay_value\u00bb overlay_color=\u00bbrgba(0,0,0,0.6)\u00bb type=\u00bbvc_default\u00bb css=\u00bb.vc_custom_1589737552742{padding-top: 6% !important;padding-bottom: 6% !important;}\u00bb][vc_column css=\u00bb.vc_custom_1492694838569{padding-top: 6% !important;padding-bottom: 6% !important;}\u00bb offset=\u00bbvc_col-lg-offset-2 vc_col-lg-8 vc_col-md-offset-1 vc_col-md-10 vc_col-sm-offset-0&#8243;][\/vc_column][\/vc_row][vc_row equal_height=\u00bbyes\u00bb bg_type=\u00bbbg_color\u00bb bg_override=\u00bbex-full\u00bb type=\u00bbvc_default\u00bb bg_color_value=\u00bb#f4f4f4&#8243; el_id=\u00bbcome-arrivare\u00bb][vc_column width=\u00bb1\/2&#8243; css=\u00bb.vc_custom_1492764938173{padding-top: 90px !important;padding-bottom: 90px !important;}\u00bb][vc_column_text css=\u00bb.vc_custom_1583510240557{padding-bottom: 25px !important;}\u00bb]Las dos opciones principales para llegar a Santa Teresa Gallura en Cerde\u00f1a son el avi\u00f3n o&hellip;<\/p>\n","protected":false},"author":1,"featured_media":0,"parent":1899,"menu_order":0,"comment_status":"closed","ping_status":"closed","template":"","meta":{"_acf_changed":false},"class_list":["post-4929","page","type-page","status-publish","hentry","description-off"],"acf":[],"yoast_head":"<!-- This site is optimized with the Yoast SEO plugin v25.3 - https:\/\/yoast.com\/wordpress\/plugins\/seo\/ -->\n<title>C\u00f3mo llegar - Santa Teresa Gallura Turismo<\/title>\n<meta name=\"robots\" content=\"index, follow, max-snippet:-1, max-image-preview:large, max-video-preview:-1\" \/>\n<link rel=\"canonical\" href=\"https:\/\/www.santateresagalluraturismo.com\/es\/il-territorio\/como-llegar\/\" \/>\n<meta property=\"og:locale\" content=\"es_ES\" \/>\n<meta property=\"og:type\" content=\"article\" \/>\n<meta property=\"og:title\" content=\"C\u00f3mo llegar - Santa Teresa Gallura Turismo\" \/>\n<meta property=\"og:description\" content=\"[vc_row bg_type=\u00bbimage\u00bb parallax_style=\u00bbvcpb-default\u00bb bg_image_new=\u00bbid^5919|url^https:\/\/www.santateresagalluraturismo.com\/wp-content\/uploads\/2020\/05\/TRASPORTI-ACHENZA.jpg|caption^null|alt^null|title^TRASPORTI-ACHENZA|description^null\u00bb bg_image_repeat=\u00bbno-repeat\u00bb bg_img_attach=\u00bbfixed\u00bb bg_override=\u00bbex-full\u00bb enable_overlay=\u00bbenable_overlay_value\u00bb overlay_color=\u00bbrgba(0,0,0,0.6)\u00bb type=\u00bbvc_default\u00bb css=\u00bb.vc_custom_1589737552742{padding-top: 6% !important;padding-bottom: 6% !important;}\u00bb][vc_column css=\u00bb.vc_custom_1492694838569{padding-top: 6% !important;padding-bottom: 6% !important;}\u00bb offset=\u00bbvc_col-lg-offset-2 vc_col-lg-8 vc_col-md-offset-1 vc_col-md-10 vc_col-sm-offset-0&#8243;][\/vc_column][\/vc_row][vc_row equal_height=\u00bbyes\u00bb bg_type=\u00bbbg_color\u00bb bg_override=\u00bbex-full\u00bb type=\u00bbvc_default\u00bb bg_color_value=\u00bb#f4f4f4&#8243; el_id=\u00bbcome-arrivare\u00bb][vc_column width=\u00bb1\/2&#8243; css=\u00bb.vc_custom_1492764938173{padding-top: 90px !important;padding-bottom: 90px !important;}\u00bb][vc_column_text css=\u00bb.vc_custom_1583510240557{padding-bottom: 25px !important;}\u00bb]Las dos opciones principales para llegar a Santa Teresa Gallura en Cerde\u00f1a son el avi\u00f3n o&hellip;\" \/>\n<meta property=\"og:url\" content=\"https:\/\/www.santateresagalluraturismo.com\/es\/il-territorio\/como-llegar\/\" \/>\n<meta property=\"og:site_name\" content=\"Santa Teresa Gallura Turismo\" \/>\n<meta property=\"article:publisher\" content=\"https:\/\/www.facebook.com\/santateresagalluraturismo\/\" \/>\n<meta property=\"article:modified_time\" content=\"2025-10-13T14:49:42+00:00\" \/>\n<meta name=\"twitter:card\" content=\"summary_large_image\" \/>\n<meta name=\"twitter:label1\" content=\"Tiempo de lectura\" \/>\n\t<meta name=\"twitter:data1\" content=\"2 minutos\" \/>\n<script type=\"application\/ld+json\" class=\"yoast-schema-graph\">{\"@context\":\"https:\/\/schema.org\",\"@graph\":[{\"@type\":\"WebPage\",\"@id\":\"https:\/\/www.santateresagalluraturismo.com\/es\/il-territorio\/como-llegar\/\",\"url\":\"https:\/\/www.santateresagalluraturismo.com\/es\/il-territorio\/como-llegar\/\",\"name\":\"C\u00f3mo llegar - Santa Teresa Gallura Turismo\",\"isPartOf\":{\"@id\":\"https:\/\/www.santateresagalluraturismo.com\/es\/#website\"},\"datePublished\":\"2020-01-22T15:37:23+00:00\",\"dateModified\":\"2025-10-13T14:49:42+00:00\",\"breadcrumb\":{\"@id\":\"https:\/\/www.santateresagalluraturismo.com\/es\/il-territorio\/como-llegar\/#breadcrumb\"},\"inLanguage\":\"es\",\"potentialAction\":[{\"@type\":\"ReadAction\",\"target\":[\"https:\/\/www.santateresagalluraturismo.com\/es\/il-territorio\/como-llegar\/\"]}]},{\"@type\":\"BreadcrumbList\",\"@id\":\"https:\/\/www.santateresagalluraturismo.com\/es\/il-territorio\/como-llegar\/#breadcrumb\",\"itemListElement\":[{\"@type\":\"ListItem\",\"position\":1,\"name\":\"Home\",\"item\":\"https:\/\/www.santateresagalluraturismo.com\/es\/\"},{\"@type\":\"ListItem\",\"position\":2,\"name\":\"El Territorio\",\"item\":\"https:\/\/www.santateresagalluraturismo.com\/es\/il-territorio\/\"},{\"@type\":\"ListItem\",\"position\":3,\"name\":\"C\u00f3mo llegar\"}]},{\"@type\":\"WebSite\",\"@id\":\"https:\/\/www.santateresagalluraturismo.com\/es\/#website\",\"url\":\"https:\/\/www.santateresagalluraturismo.com\/es\/\",\"name\":\"Santa Teresa Gallura Turismo\",\"description\":\"\",\"publisher\":{\"@id\":\"https:\/\/www.santateresagalluraturismo.com\/es\/#organization\"},\"potentialAction\":[{\"@type\":\"SearchAction\",\"target\":{\"@type\":\"EntryPoint\",\"urlTemplate\":\"https:\/\/www.santateresagalluraturismo.com\/es\/?s={search_term_string}\"},\"query-input\":{\"@type\":\"PropertyValueSpecification\",\"valueRequired\":true,\"valueName\":\"search_term_string\"}}],\"inLanguage\":\"es\"},{\"@type\":\"Organization\",\"@id\":\"https:\/\/www.santateresagalluraturismo.com\/es\/#organization\",\"name\":\"Santa Teresa Gallura Turismo\",\"url\":\"https:\/\/www.santateresagalluraturismo.com\/es\/\",\"logo\":{\"@type\":\"ImageObject\",\"inLanguage\":\"es\",\"@id\":\"https:\/\/www.santateresagalluraturismo.com\/es\/#\/schema\/logo\/image\/\",\"url\":\"https:\/\/www.santateresagalluraturismo.com\/wp-content\/uploads\/2019\/12\/logo300px.png\",\"contentUrl\":\"https:\/\/www.santateresagalluraturismo.com\/wp-content\/uploads\/2019\/12\/logo300px.png\",\"width\":300,\"height\":102,\"caption\":\"Santa Teresa Gallura Turismo\"},\"image\":{\"@id\":\"https:\/\/www.santateresagalluraturismo.com\/es\/#\/schema\/logo\/image\/\"},\"sameAs\":[\"https:\/\/www.facebook.com\/santateresagalluraturismo\/\",\"https:\/\/www.instagram.com\/santateresagalluraturismo\/\"]}]}<\/script>\n<!-- \/ Yoast SEO plugin. -->","yoast_head_json":{"title":"C\u00f3mo llegar - Santa Teresa Gallura Turismo","robots":{"index":"index","follow":"follow","max-snippet":"max-snippet:-1","max-image-preview":"max-image-preview:large","max-video-preview":"max-video-preview:-1"},"canonical":"https:\/\/www.santateresagalluraturismo.com\/es\/il-territorio\/como-llegar\/","og_locale":"es_ES","og_type":"article","og_title":"C\u00f3mo llegar - Santa Teresa Gallura Turismo","og_description":"[vc_row bg_type=\u00bbimage\u00bb parallax_style=\u00bbvcpb-default\u00bb bg_image_new=\u00bbid^5919|url^https:\/\/www.santateresagalluraturismo.com\/wp-content\/uploads\/2020\/05\/TRASPORTI-ACHENZA.jpg|caption^null|alt^null|title^TRASPORTI-ACHENZA|description^null\u00bb bg_image_repeat=\u00bbno-repeat\u00bb bg_img_attach=\u00bbfixed\u00bb bg_override=\u00bbex-full\u00bb enable_overlay=\u00bbenable_overlay_value\u00bb overlay_color=\u00bbrgba(0,0,0,0.6)\u00bb type=\u00bbvc_default\u00bb css=\u00bb.vc_custom_1589737552742{padding-top: 6% !important;padding-bottom: 6% !important;}\u00bb][vc_column css=\u00bb.vc_custom_1492694838569{padding-top: 6% !important;padding-bottom: 6% !important;}\u00bb offset=\u00bbvc_col-lg-offset-2 vc_col-lg-8 vc_col-md-offset-1 vc_col-md-10 vc_col-sm-offset-0&#8243;][\/vc_column][\/vc_row][vc_row equal_height=\u00bbyes\u00bb bg_type=\u00bbbg_color\u00bb bg_override=\u00bbex-full\u00bb type=\u00bbvc_default\u00bb bg_color_value=\u00bb#f4f4f4&#8243; el_id=\u00bbcome-arrivare\u00bb][vc_column width=\u00bb1\/2&#8243; css=\u00bb.vc_custom_1492764938173{padding-top: 90px !important;padding-bottom: 90px !important;}\u00bb][vc_column_text css=\u00bb.vc_custom_1583510240557{padding-bottom: 25px !important;}\u00bb]Las dos opciones principales para llegar a Santa Teresa Gallura en Cerde\u00f1a son el avi\u00f3n o&hellip;","og_url":"https:\/\/www.santateresagalluraturismo.com\/es\/il-territorio\/como-llegar\/","og_site_name":"Santa Teresa Gallura Turismo","article_publisher":"https:\/\/www.facebook.com\/santateresagalluraturismo\/","article_modified_time":"2025-10-13T14:49:42+00:00","twitter_card":"summary_large_image","twitter_misc":{"Tiempo de lectura":"2 minutos"},"schema":{"@context":"https:\/\/schema.org","@graph":[{"@type":"WebPage","@id":"https:\/\/www.santateresagalluraturismo.com\/es\/il-territorio\/como-llegar\/","url":"https:\/\/www.santateresagalluraturismo.com\/es\/il-territorio\/como-llegar\/","name":"C\u00f3mo llegar - Santa Teresa Gallura Turismo","isPartOf":{"@id":"https:\/\/www.santateresagalluraturismo.com\/es\/#website"},"datePublished":"2020-01-22T15:37:23+00:00","dateModified":"2025-10-13T14:49:42+00:00","breadcrumb":{"@id":"https:\/\/www.santateresagalluraturismo.com\/es\/il-territorio\/como-llegar\/#breadcrumb"},"inLanguage":"es","potentialAction":[{"@type":"ReadAction","target":["https:\/\/www.santateresagalluraturismo.com\/es\/il-territorio\/como-llegar\/"]}]},{"@type":"BreadcrumbList","@id":"https:\/\/www.santateresagalluraturismo.com\/es\/il-territorio\/como-llegar\/#breadcrumb","itemListElement":[{"@type":"ListItem","position":1,"name":"Home","item":"https:\/\/www.santateresagalluraturismo.com\/es\/"},{"@type":"ListItem","position":2,"name":"El Territorio","item":"https:\/\/www.santateresagalluraturismo.com\/es\/il-territorio\/"},{"@type":"ListItem","position":3,"name":"C\u00f3mo llegar"}]},{"@type":"WebSite","@id":"https:\/\/www.santateresagalluraturismo.com\/es\/#website","url":"https:\/\/www.santateresagalluraturismo.com\/es\/","name":"Santa Teresa Gallura Turismo","description":"","publisher":{"@id":"https:\/\/www.santateresagalluraturismo.com\/es\/#organization"},"potentialAction":[{"@type":"SearchAction","target":{"@type":"EntryPoint","urlTemplate":"https:\/\/www.santateresagalluraturismo.com\/es\/?s={search_term_string}"},"query-input":{"@type":"PropertyValueSpecification","valueRequired":true,"valueName":"search_term_string"}}],"inLanguage":"es"},{"@type":"Organization","@id":"https:\/\/www.santateresagalluraturismo.com\/es\/#organization","name":"Santa Teresa Gallura Turismo","url":"https:\/\/www.santateresagalluraturismo.com\/es\/","logo":{"@type":"ImageObject","inLanguage":"es","@id":"https:\/\/www.santateresagalluraturismo.com\/es\/#\/schema\/logo\/image\/","url":"https:\/\/www.santateresagalluraturismo.com\/wp-content\/uploads\/2019\/12\/logo300px.png","contentUrl":"https:\/\/www.santateresagalluraturismo.com\/wp-content\/uploads\/2019\/12\/logo300px.png","width":300,"height":102,"caption":"Santa Teresa Gallura Turismo"},"image":{"@id":"https:\/\/www.santateresagalluraturismo.com\/es\/#\/schema\/logo\/image\/"},"sameAs":["https:\/\/www.facebook.com\/santateresagalluraturismo\/","https:\/\/www.instagram.com\/santateresagalluraturismo\/"]}]}},"_links":{"self":[{"href":"https:\/\/www.santateresagalluraturismo.com\/es\/wp-json\/wp\/v2\/pages\/4929","targetHints":{"allow":["GET"]}}],"collection":[{"href":"https:\/\/www.santateresagalluraturismo.com\/es\/wp-json\/wp\/v2\/pages"}],"about":[{"href":"https:\/\/www.santateresagalluraturismo.com\/es\/wp-json\/wp\/v2\/types\/page"}],"author":[{"embeddable":true,"href":"https:\/\/www.santateresagalluraturismo.com\/es\/wp-json\/wp\/v2\/users\/1"}],"replies":[{"embeddable":true,"href":"https:\/\/www.santateresagalluraturismo.com\/es\/wp-json\/wp\/v2\/comments?post=4929"}],"version-history":[{"count":34,"href":"https:\/\/www.santateresagalluraturismo.com\/es\/wp-json\/wp\/v2\/pages\/4929\/revisions"}],"predecessor-version":[{"id":23229,"href":"https:\/\/www.santateresagalluraturismo.com\/es\/wp-json\/wp\/v2\/pages\/4929\/revisions\/23229"}],"up":[{"embeddable":true,"href":"https:\/\/www.santateresagalluraturismo.com\/es\/wp-json\/wp\/v2\/pages\/1899"}],"wp:attachment":[{"href":"https:\/\/www.santateresagalluraturismo.com\/es\/wp-json\/wp\/v2\/media?parent=4929"}],"curies":[{"name":"wp","href":"https:\/\/api.w.org\/{rel}","templated":true}]}}