{"id":4925,"date":"2020-01-07T22:54:18","date_gmt":"2020-01-07T22:54:18","guid":{"rendered":"https:\/\/www.santateresagalluraturismo.com\/il-territorio\/la-storia\/"},"modified":"2020-05-17T17:39:21","modified_gmt":"2020-05-17T17:39:21","slug":"la-storia","status":"publish","type":"page","link":"https:\/\/www.santateresagalluraturismo.com\/es\/il-territorio\/la-storia\/","title":{"rendered":"La Historia"},"content":{"rendered":"<div class=\"wpb-content-wrapper\"><p>[vc_row bg_type=\u00bbimage\u00bb parallax_style=\u00bbvcpb-default\u00bb bg_image_new=\u00bbid^5909|url^https:\/\/www.santateresagalluraturismo.com\/wp-content\/uploads\/2020\/05\/COLONNE-BITO.jpg|caption^null|alt^null|title^COLONNE-BITO|description^null\u00bb bg_image_repeat=\u00bbno-repeat\u00bb bg_img_attach=\u00bbfixed\u00bb bg_override=\u00bbex-full\u00bb enable_overlay=\u00bbenable_overlay_value\u00bb overlay_color=\u00bbrgba(0,0,0,0.6)\u00bb type=\u00bbvc_default\u00bb css=\u00bb.vc_custom_1589737160242{padding-top: 6% !important;padding-bottom: 6% !important;}\u00bb][vc_column css=\u00bb.vc_custom_1492694838569{padding-top: 6% !important;padding-bottom: 6% !important;}\u00bb offset=\u00bbvc_col-lg-offset-2 vc_col-lg-8 vc_col-md-offset-1 vc_col-md-10 vc_col-sm-offset-0&#8243;]<div id=\"ultimate-heading-7469e2ffca381af\" class=\"uvc-heading ult-adjust-bottom-margin ultimate-heading-7469e2ffca381af uvc-4225 \" data-hspacer=\"no_spacer\"  data-halign=\"center\" style=\"text-align:center\"><div class=\"uvc-heading-spacer no_spacer\" style=\"top\"><\/div><div class=\"uvc-main-heading ult-responsive\"  data-ultimate-target='.uvc-heading.ultimate-heading-7469e2ffca381af h2'  data-responsive-json-new='{\"font-size\":\"desktop:70px;tablet:50px;tablet_portrait:40px;mobile_landscape:28px;\",\"line-height\":\"desktop:80px;tablet:60px;tablet_portrait:50px;mobile_landscape:38px;\"}' ><h2 style=\"font-weight:bold;color:#ffffff;margin-bottom:30px;\">Santa Teresa Gallura<\/h2><\/div><div class=\"uvc-sub-heading ult-responsive\"  data-ultimate-target='.uvc-heading.ultimate-heading-7469e2ffca381af .uvc-sub-heading '  data-responsive-json-new='{\"font-size\":\"desktop:28px;mobile_landscape:18px;\",\"line-height\":\"desktop:38px;mobile_landscape:28px;\"}'  style=\"font-family:&#039;Roboto Slab&#039;;font-weight:700;color:#ffffff;\">La Historia<\/div><\/div>[\/vc_column][\/vc_row][vc_row equal_height=\u00bbyes\u00bb type=\u00bbvc_default\u00bb el_id=\u00bbstoria\u00bb][vc_column width=\u00bb1\/2&#8243; css=\u00bb.vc_custom_1492764938173{padding-top: 90px !important;padding-bottom: 90px !important;}\u00bb]<div id=\"ultimate-heading-404269e2ffca3820d\" class=\"uvc-heading ult-adjust-bottom-margin ultimate-heading-404269e2ffca3820d uvc-3519 accent-subtitle-color\" data-hspacer=\"no_spacer\"  data-halign=\"left\" style=\"text-align:left\"><div class=\"uvc-heading-spacer no_spacer\" style=\"top\"><\/div><div class=\"uvc-main-heading ult-responsive\"  data-ultimate-target='.uvc-heading.ultimate-heading-404269e2ffca3820d h2'  data-responsive-json-new='{\"font-size\":\"desktop:36px;\",\"line-height\":\"desktop:46px;\"}' ><h2 style=\"font-weight:bold;margin-bottom:10px;\">LA HISTORIA<\/h2><\/div><\/div>[vc_column_text css=\u00bb.vc_custom_1583510102981{padding-bottom: 25px !important;}\u00bb]Los testimonios hist\u00f3ricos en el territorio son muy antiguos desde el periodo eneol\u00edtico. Son de un inter\u00e9s particular el sitio arqueol\u00f3gico Lu Brandali (de la \u00e9poca nur\u00e1gica, datado del siglo XIV al siglo X a. C.) y las canteras romanas de Capo Testa, asentamientos muy antiguos que han dejado interesant\u00edsimas huellas antropol\u00f3gicas y arqueol\u00f3gicas. Nos quedan de la Edad Media los restos del Castillo de Eleonora d&#8217;Arborea en el puerto, testimonio de la \u00e9poca de los Juzgados Sardos. La posici\u00f3n favorable del lugar, caracterizada por ensenadas y calas adecuadas al atraque de los barcos, despert\u00f3 inter\u00e9s sobre todo para fines militares, de hecho, ya durante la segunda mitad del S XVI, el rey Felipe II de Espa\u00f1a decidi\u00f3 construir la torre costera de Longonsardo, estructura que junto a un centenar de torres repartidas por toda la costa de la isla ten\u00edan la funci\u00f3n de defender y controlar eventuales incursiones enemigas. El nombre de Santa Teresa Gallura lleg\u00f3 en 1808, cuando el rey Vittorio Emanuel I decidi\u00f3 fundar un burgo que se pareciera a su amada ciudad de Torino, d\u00e1ndole el nombre de Santa Teresa en honor a su esposa, la reina Maria Teresa de Austria-Este.[\/vc_column_text][\/vc_column][vc_column width=\u00bb1\/2&#8243; css=\u00bb.vc_custom_1578301383980{padding-top: 25% !important;padding-bottom: 25% !important;background-position: center !important;background-repeat: no-repeat !important;background-size: cover !important;}\u00bb][vc_masonry_media_grid element_width=\u00bb6&#8243; grid_id=\u00bbvc_gid:1589737113796-1abe1360-8cbb-3&#8243; include=\u00bb3924,3929,3934,3939,3944&#8243;][\/vc_column][\/vc_row]<\/p>\n<\/div>","protected":false},"excerpt":{"rendered":"<p>[vc_row bg_type=\u00bbimage\u00bb parallax_style=\u00bbvcpb-default\u00bb bg_image_new=\u00bbid^5909|url^https:\/\/www.santateresagalluraturismo.com\/wp-content\/uploads\/2020\/05\/COLONNE-BITO.jpg|caption^null|alt^null|title^COLONNE-BITO|description^null\u00bb bg_image_repeat=\u00bbno-repeat\u00bb bg_img_attach=\u00bbfixed\u00bb bg_override=\u00bbex-full\u00bb enable_overlay=\u00bbenable_overlay_value\u00bb overlay_color=\u00bbrgba(0,0,0,0.6)\u00bb type=\u00bbvc_default\u00bb css=\u00bb.vc_custom_1589737160242{padding-top: 6% !important;padding-bottom: 6% !important;}\u00bb][vc_column css=\u00bb.vc_custom_1492694838569{padding-top: 6% !important;padding-bottom: 6% !important;}\u00bb offset=\u00bbvc_col-lg-offset-2 vc_col-lg-8 vc_col-md-offset-1 vc_col-md-10 vc_col-sm-offset-0&#8243;][\/vc_column][\/vc_row][vc_row equal_height=\u00bbyes\u00bb type=\u00bbvc_default\u00bb el_id=\u00bbstoria\u00bb][vc_column width=\u00bb1\/2&#8243; css=\u00bb.vc_custom_1492764938173{padding-top: 90px !important;padding-bottom: 90px !important;}\u00bb][vc_column_text css=\u00bb.vc_custom_1583510102981{padding-bottom: 25px !important;}\u00bb]Los testimonios hist\u00f3ricos en el territorio son muy antiguos desde el periodo eneol\u00edtico. Son de un inter\u00e9s particular el&hellip;<\/p>\n","protected":false},"author":1,"featured_media":0,"parent":1899,"menu_order":0,"comment_status":"closed","ping_status":"closed","template":"","meta":{"_acf_changed":false},"class_list":["post-4925","page","type-page","status-publish","hentry","description-off"],"acf":[],"yoast_head":"<!-- This site is optimized with the Yoast SEO plugin v25.3 - https:\/\/yoast.com\/wordpress\/plugins\/seo\/ -->\n<title>La Historia - Santa Teresa Gallura Turismo<\/title>\n<meta name=\"robots\" content=\"index, follow, max-snippet:-1, max-image-preview:large, max-video-preview:-1\" \/>\n<link rel=\"canonical\" href=\"https:\/\/www.santateresagalluraturismo.com\/es\/il-territorio\/la-storia\/\" \/>\n<meta property=\"og:locale\" content=\"es_ES\" \/>\n<meta property=\"og:type\" content=\"article\" \/>\n<meta property=\"og:title\" content=\"La Historia - Santa Teresa Gallura Turismo\" \/>\n<meta property=\"og:description\" content=\"[vc_row bg_type=\u00bbimage\u00bb parallax_style=\u00bbvcpb-default\u00bb bg_image_new=\u00bbid^5909|url^https:\/\/www.santateresagalluraturismo.com\/wp-content\/uploads\/2020\/05\/COLONNE-BITO.jpg|caption^null|alt^null|title^COLONNE-BITO|description^null\u00bb bg_image_repeat=\u00bbno-repeat\u00bb bg_img_attach=\u00bbfixed\u00bb bg_override=\u00bbex-full\u00bb enable_overlay=\u00bbenable_overlay_value\u00bb overlay_color=\u00bbrgba(0,0,0,0.6)\u00bb type=\u00bbvc_default\u00bb css=\u00bb.vc_custom_1589737160242{padding-top: 6% !important;padding-bottom: 6% !important;}\u00bb][vc_column css=\u00bb.vc_custom_1492694838569{padding-top: 6% !important;padding-bottom: 6% !important;}\u00bb offset=\u00bbvc_col-lg-offset-2 vc_col-lg-8 vc_col-md-offset-1 vc_col-md-10 vc_col-sm-offset-0&#8243;][\/vc_column][\/vc_row][vc_row equal_height=\u00bbyes\u00bb type=\u00bbvc_default\u00bb el_id=\u00bbstoria\u00bb][vc_column width=\u00bb1\/2&#8243; css=\u00bb.vc_custom_1492764938173{padding-top: 90px !important;padding-bottom: 90px !important;}\u00bb][vc_column_text css=\u00bb.vc_custom_1583510102981{padding-bottom: 25px !important;}\u00bb]Los testimonios hist\u00f3ricos en el territorio son muy antiguos desde el periodo eneol\u00edtico. Son de un inter\u00e9s particular el&hellip;\" \/>\n<meta property=\"og:url\" content=\"https:\/\/www.santateresagalluraturismo.com\/es\/il-territorio\/la-storia\/\" \/>\n<meta property=\"og:site_name\" content=\"Santa Teresa Gallura Turismo\" \/>\n<meta property=\"article:publisher\" content=\"https:\/\/www.facebook.com\/santateresagalluraturismo\/\" \/>\n<meta property=\"article:modified_time\" content=\"2020-05-17T17:39:21+00:00\" \/>\n<meta name=\"twitter:card\" content=\"summary_large_image\" \/>\n<meta name=\"twitter:label1\" content=\"Tiempo de lectura\" \/>\n\t<meta name=\"twitter:data1\" content=\"3 minutos\" \/>\n<script type=\"application\/ld+json\" class=\"yoast-schema-graph\">{\"@context\":\"https:\/\/schema.org\",\"@graph\":[{\"@type\":\"WebPage\",\"@id\":\"https:\/\/www.santateresagalluraturismo.com\/es\/il-territorio\/la-storia\/\",\"url\":\"https:\/\/www.santateresagalluraturismo.com\/es\/il-territorio\/la-storia\/\",\"name\":\"La Historia - Santa Teresa Gallura Turismo\",\"isPartOf\":{\"@id\":\"https:\/\/www.santateresagalluraturismo.com\/es\/#website\"},\"datePublished\":\"2020-01-07T22:54:18+00:00\",\"dateModified\":\"2020-05-17T17:39:21+00:00\",\"breadcrumb\":{\"@id\":\"https:\/\/www.santateresagalluraturismo.com\/es\/il-territorio\/la-storia\/#breadcrumb\"},\"inLanguage\":\"es\",\"potentialAction\":[{\"@type\":\"ReadAction\",\"target\":[\"https:\/\/www.santateresagalluraturismo.com\/es\/il-territorio\/la-storia\/\"]}]},{\"@type\":\"BreadcrumbList\",\"@id\":\"https:\/\/www.santateresagalluraturismo.com\/es\/il-territorio\/la-storia\/#breadcrumb\",\"itemListElement\":[{\"@type\":\"ListItem\",\"position\":1,\"name\":\"Home\",\"item\":\"https:\/\/www.santateresagalluraturismo.com\/es\/\"},{\"@type\":\"ListItem\",\"position\":2,\"name\":\"El Territorio\",\"item\":\"https:\/\/www.santateresagalluraturismo.com\/es\/il-territorio\/\"},{\"@type\":\"ListItem\",\"position\":3,\"name\":\"La Historia\"}]},{\"@type\":\"WebSite\",\"@id\":\"https:\/\/www.santateresagalluraturismo.com\/es\/#website\",\"url\":\"https:\/\/www.santateresagalluraturismo.com\/es\/\",\"name\":\"Santa Teresa Gallura Turismo\",\"description\":\"\",\"publisher\":{\"@id\":\"https:\/\/www.santateresagalluraturismo.com\/es\/#organization\"},\"potentialAction\":[{\"@type\":\"SearchAction\",\"target\":{\"@type\":\"EntryPoint\",\"urlTemplate\":\"https:\/\/www.santateresagalluraturismo.com\/es\/?s={search_term_string}\"},\"query-input\":{\"@type\":\"PropertyValueSpecification\",\"valueRequired\":true,\"valueName\":\"search_term_string\"}}],\"inLanguage\":\"es\"},{\"@type\":\"Organization\",\"@id\":\"https:\/\/www.santateresagalluraturismo.com\/es\/#organization\",\"name\":\"Santa Teresa Gallura Turismo\",\"url\":\"https:\/\/www.santateresagalluraturismo.com\/es\/\",\"logo\":{\"@type\":\"ImageObject\",\"inLanguage\":\"es\",\"@id\":\"https:\/\/www.santateresagalluraturismo.com\/es\/#\/schema\/logo\/image\/\",\"url\":\"https:\/\/www.santateresagalluraturismo.com\/wp-content\/uploads\/2019\/12\/logo300px.png\",\"contentUrl\":\"https:\/\/www.santateresagalluraturismo.com\/wp-content\/uploads\/2019\/12\/logo300px.png\",\"width\":300,\"height\":102,\"caption\":\"Santa Teresa Gallura Turismo\"},\"image\":{\"@id\":\"https:\/\/www.santateresagalluraturismo.com\/es\/#\/schema\/logo\/image\/\"},\"sameAs\":[\"https:\/\/www.facebook.com\/santateresagalluraturismo\/\",\"https:\/\/www.instagram.com\/santateresagalluraturismo\/\"]}]}<\/script>\n<!-- \/ Yoast SEO plugin. -->","yoast_head_json":{"title":"La Historia - Santa Teresa Gallura Turismo","robots":{"index":"index","follow":"follow","max-snippet":"max-snippet:-1","max-image-preview":"max-image-preview:large","max-video-preview":"max-video-preview:-1"},"canonical":"https:\/\/www.santateresagalluraturismo.com\/es\/il-territorio\/la-storia\/","og_locale":"es_ES","og_type":"article","og_title":"La Historia - Santa Teresa Gallura Turismo","og_description":"[vc_row bg_type=\u00bbimage\u00bb parallax_style=\u00bbvcpb-default\u00bb bg_image_new=\u00bbid^5909|url^https:\/\/www.santateresagalluraturismo.com\/wp-content\/uploads\/2020\/05\/COLONNE-BITO.jpg|caption^null|alt^null|title^COLONNE-BITO|description^null\u00bb bg_image_repeat=\u00bbno-repeat\u00bb bg_img_attach=\u00bbfixed\u00bb bg_override=\u00bbex-full\u00bb enable_overlay=\u00bbenable_overlay_value\u00bb overlay_color=\u00bbrgba(0,0,0,0.6)\u00bb type=\u00bbvc_default\u00bb css=\u00bb.vc_custom_1589737160242{padding-top: 6% !important;padding-bottom: 6% !important;}\u00bb][vc_column css=\u00bb.vc_custom_1492694838569{padding-top: 6% !important;padding-bottom: 6% !important;}\u00bb offset=\u00bbvc_col-lg-offset-2 vc_col-lg-8 vc_col-md-offset-1 vc_col-md-10 vc_col-sm-offset-0&#8243;][\/vc_column][\/vc_row][vc_row equal_height=\u00bbyes\u00bb type=\u00bbvc_default\u00bb el_id=\u00bbstoria\u00bb][vc_column width=\u00bb1\/2&#8243; css=\u00bb.vc_custom_1492764938173{padding-top: 90px !important;padding-bottom: 90px !important;}\u00bb][vc_column_text css=\u00bb.vc_custom_1583510102981{padding-bottom: 25px !important;}\u00bb]Los testimonios hist\u00f3ricos en el territorio son muy antiguos desde el periodo eneol\u00edtico. Son de un inter\u00e9s particular el&hellip;","og_url":"https:\/\/www.santateresagalluraturismo.com\/es\/il-territorio\/la-storia\/","og_site_name":"Santa Teresa Gallura Turismo","article_publisher":"https:\/\/www.facebook.com\/santateresagalluraturismo\/","article_modified_time":"2020-05-17T17:39:21+00:00","twitter_card":"summary_large_image","twitter_misc":{"Tiempo de lectura":"3 minutos"},"schema":{"@context":"https:\/\/schema.org","@graph":[{"@type":"WebPage","@id":"https:\/\/www.santateresagalluraturismo.com\/es\/il-territorio\/la-storia\/","url":"https:\/\/www.santateresagalluraturismo.com\/es\/il-territorio\/la-storia\/","name":"La Historia - Santa Teresa Gallura Turismo","isPartOf":{"@id":"https:\/\/www.santateresagalluraturismo.com\/es\/#website"},"datePublished":"2020-01-07T22:54:18+00:00","dateModified":"2020-05-17T17:39:21+00:00","breadcrumb":{"@id":"https:\/\/www.santateresagalluraturismo.com\/es\/il-territorio\/la-storia\/#breadcrumb"},"inLanguage":"es","potentialAction":[{"@type":"ReadAction","target":["https:\/\/www.santateresagalluraturismo.com\/es\/il-territorio\/la-storia\/"]}]},{"@type":"BreadcrumbList","@id":"https:\/\/www.santateresagalluraturismo.com\/es\/il-territorio\/la-storia\/#breadcrumb","itemListElement":[{"@type":"ListItem","position":1,"name":"Home","item":"https:\/\/www.santateresagalluraturismo.com\/es\/"},{"@type":"ListItem","position":2,"name":"El Territorio","item":"https:\/\/www.santateresagalluraturismo.com\/es\/il-territorio\/"},{"@type":"ListItem","position":3,"name":"La Historia"}]},{"@type":"WebSite","@id":"https:\/\/www.santateresagalluraturismo.com\/es\/#website","url":"https:\/\/www.santateresagalluraturismo.com\/es\/","name":"Santa Teresa Gallura Turismo","description":"","publisher":{"@id":"https:\/\/www.santateresagalluraturismo.com\/es\/#organization"},"potentialAction":[{"@type":"SearchAction","target":{"@type":"EntryPoint","urlTemplate":"https:\/\/www.santateresagalluraturismo.com\/es\/?s={search_term_string}"},"query-input":{"@type":"PropertyValueSpecification","valueRequired":true,"valueName":"search_term_string"}}],"inLanguage":"es"},{"@type":"Organization","@id":"https:\/\/www.santateresagalluraturismo.com\/es\/#organization","name":"Santa Teresa Gallura Turismo","url":"https:\/\/www.santateresagalluraturismo.com\/es\/","logo":{"@type":"ImageObject","inLanguage":"es","@id":"https:\/\/www.santateresagalluraturismo.com\/es\/#\/schema\/logo\/image\/","url":"https:\/\/www.santateresagalluraturismo.com\/wp-content\/uploads\/2019\/12\/logo300px.png","contentUrl":"https:\/\/www.santateresagalluraturismo.com\/wp-content\/uploads\/2019\/12\/logo300px.png","width":300,"height":102,"caption":"Santa Teresa Gallura Turismo"},"image":{"@id":"https:\/\/www.santateresagalluraturismo.com\/es\/#\/schema\/logo\/image\/"},"sameAs":["https:\/\/www.facebook.com\/santateresagalluraturismo\/","https:\/\/www.instagram.com\/santateresagalluraturismo\/"]}]}},"_links":{"self":[{"href":"https:\/\/www.santateresagalluraturismo.com\/es\/wp-json\/wp\/v2\/pages\/4925","targetHints":{"allow":["GET"]}}],"collection":[{"href":"https:\/\/www.santateresagalluraturismo.com\/es\/wp-json\/wp\/v2\/pages"}],"about":[{"href":"https:\/\/www.santateresagalluraturismo.com\/es\/wp-json\/wp\/v2\/types\/page"}],"author":[{"embeddable":true,"href":"https:\/\/www.santateresagalluraturismo.com\/es\/wp-json\/wp\/v2\/users\/1"}],"replies":[{"embeddable":true,"href":"https:\/\/www.santateresagalluraturismo.com\/es\/wp-json\/wp\/v2\/comments?post=4925"}],"version-history":[{"count":2,"href":"https:\/\/www.santateresagalluraturismo.com\/es\/wp-json\/wp\/v2\/pages\/4925\/revisions"}],"predecessor-version":[{"id":5914,"href":"https:\/\/www.santateresagalluraturismo.com\/es\/wp-json\/wp\/v2\/pages\/4925\/revisions\/5914"}],"up":[{"embeddable":true,"href":"https:\/\/www.santateresagalluraturismo.com\/es\/wp-json\/wp\/v2\/pages\/1899"}],"wp:attachment":[{"href":"https:\/\/www.santateresagalluraturismo.com\/es\/wp-json\/wp\/v2\/media?parent=4925"}],"curies":[{"name":"wp","href":"https:\/\/api.w.org\/{rel}","templated":true}]}}