{"id":16757,"date":"2024-07-17T15:30:33","date_gmt":"2024-07-17T15:30:33","guid":{"rendered":"https:\/\/www.santateresagalluraturismo.com\/souvenir\/"},"modified":"2025-07-30T08:12:25","modified_gmt":"2025-07-30T08:12:25","slug":"recuerdos","status":"publish","type":"page","link":"https:\/\/www.santateresagalluraturismo.com\/es\/recuerdos\/","title":{"rendered":"Recuerdos de verano de Santa Teresa Gallura"},"content":{"rendered":"<div class=\"wpb-content-wrapper\"><p>[vc_row bg_type=\u00bbimage\u00bb parallax_style=\u00bbvcpb-default\u00bb bg_image_new=\u00bbid^16437|url^https:\/\/www.santateresagalluraturismo.com\/wp-content\/uploads\/2024\/07\/sfondo.jpg|caption^null|alt^null|title^sfondo|description^null\u00bb bg_image_repeat=\u00bbno-repeat\u00bb bg_img_attach=\u00bbfixed\u00bb bg_override=\u00bbex-full\u00bb enable_overlay=\u00bbenable_overlay_value\u00bb overlay_color=\u00bbrgba(0,0,0,0.38)\u00bb type=\u00bbvc_default\u00bb css=\u00bb.vc_custom_1721228184183{padding-top: 6% !important;padding-bottom: 6% !important;}\u00bb][vc_column css=\u00bb.vc_custom_1492694838569{padding-top: 6% !important;padding-bottom: 6% !important;}\u00bb offset=\u00bbvc_col-lg-offset-2 vc_col-lg-8 vc_col-md-offset-1 vc_col-md-10 vc_col-sm-offset-0&#8243;]<div id=\"ultimate-heading-404469e2ffdef1256\" class=\"uvc-heading ult-adjust-bottom-margin ultimate-heading-404469e2ffdef1256 uvc-181 \" data-hspacer=\"no_spacer\"  data-halign=\"center\" style=\"text-align:center\"><div class=\"uvc-heading-spacer no_spacer\" style=\"top\"><\/div><div class=\"uvc-main-heading ult-responsive\"  data-ultimate-target='.uvc-heading.ultimate-heading-404469e2ffdef1256 h2'  data-responsive-json-new='{\"font-size\":\"desktop:70px;tablet:50px;tablet_portrait:40px;mobile_landscape:28px;\",\"line-height\":\"desktop:80px;tablet:60px;tablet_portrait:50px;mobile_landscape:38px;\"}' ><h2 style=\"font-weight:bold;color:#ffffff;margin-bottom:30px;\">Recuerdos de verano de Santa Teresa Gallura<\/h2><\/div><div class=\"uvc-sub-heading ult-responsive\"  data-ultimate-target='.uvc-heading.ultimate-heading-404469e2ffdef1256 .uvc-sub-heading '  data-responsive-json-new='{\"font-size\":\"desktop:28px;mobile_landscape:18px;\",\"line-height\":\"desktop:38px;mobile_landscape:28px;\"}'  style=\"font-family:&#039;Roboto Slab&#039;;font-weight:700;color:#ffffff;\"><strong>Descubra la selecci\u00f3n<\/strong><\/div><\/div>[\/vc_column][\/vc_row][vc_row equal_height=\u00bbyes\u00bb type=\u00bbvc_default\u00bb css=\u00bb.vc_custom_1580250132571{padding-top: 15px !important;padding-bottom: 15px !important;}\u00bb][vc_column width=\u00bb1\/2&#8243; offset=\u00bbvc_col-lg-6 vc_col-md-6&#8243;]<div id=\"ultimate-heading-57669e2ffdef12af\" class=\"uvc-heading ult-adjust-bottom-margin ultimate-heading-57669e2ffdef12af uvc-8718 \" data-hspacer=\"no_spacer\"  data-halign=\"left\" style=\"text-align:left\"><div class=\"uvc-heading-spacer no_spacer\" style=\"top\"><\/div><\/div>[vc_column_text]Aqu\u00ed est\u00e1n los souvenirs <strong>Love Santa Teresa Gallura<\/strong>, propuestos por la Cristoforo Cooperativa Social, que gestiona la Oficina de Turismo.<\/p>\n<p>Una selecci\u00f3n de objetos \u00fatiles y bonitos que te acompa\u00f1ar\u00e1n durante tus vacaciones en Santa Teresa Gallura y m\u00e1s all\u00e1.<\/p>\n<p>Para llevar siempre contigo, junto con el recuerdo del sol, el mar, los sabores, los perfumes y los colores de Santa Teresa Gallura.<\/p>\n<p>\u00a1D\u00e9jate llevar por la tentaci\u00f2n!<\/p>\n<p><strong>Puede adquirirlos dirigi\u00e9ndose directamente a Info Point de la playa Rena Bianca.<\/strong><\/p>\n<p>\u00bfCu\u00e1l te gusta m\u00e1s?<\/p>\n<p>&nbsp;<\/p>\n<p><strong>El mar es como la m\u00fasica! Contiene y despierta todos los sue\u00f1os del alma, C.G. Jung<\/strong>[\/vc_column_text][vc_empty_space height=\u00bb22px\u00bb][\/vc_column][vc_column width=\u00bb1\/2&#8243; offset=\u00bbvc_col-lg-6 vc_col-md-6&#8243;]<div class=\"shortcode-single-image-wrap alignnone \" style=\"margin-top:0px; margin-bottom:0px; margin-left:0px; margin-right:0px; width:600px;\"><div class=\"shortcode-single-image\"><div class=\"fancy-media-wrap\" style=\"\"><a class=\"layzr-bg rollover rollover-zoom dt-pswp-item pswp-image\" href=\"https:\/\/www.santateresagalluraturismo.com\/wp-content\/uploads\/2024\/07\/Souvenir.png\" title=\"Souvenir\" data-dt-img-description=\"\" data-large_image_width=\"2993\" data-large_image_height = \"2069\"  style=\"\"><img loading=\"lazy\" decoding=\"async\" class=\"preload-me lazy-load\" src=\"data:image\/svg+xml,%3Csvg%20xmlns%3D&#39;http%3A%2F%2Fwww.w3.org%2F2000%2Fsvg&#39;%20viewBox%3D&#39;0%200%20600%20400&#39;%2F%3E\" data-src=\"https:\/\/www.santateresagalluraturismo.com\/wp-content\/uploads\/2024\/07\/Souvenir-600x400.png\" data-srcset=\"https:\/\/www.santateresagalluraturismo.com\/wp-content\/uploads\/2024\/07\/Souvenir-600x400.png 600w, https:\/\/www.santateresagalluraturismo.com\/wp-content\/uploads\/2024\/07\/Souvenir-1200x800.png 1200w\" width=\"600\" height=\"400\"  data-dt-location=\"https:\/\/www.santateresagalluraturismo.com\/es\/souvenir\/attachment\/souvenir-2\/\" alt=\"\" \/><\/a><\/div><\/div><\/div>[\/vc_column][\/vc_row][vc_row][vc_column][vc_empty_space][vc_media_grid gap=\u00bb10&#8243; grid_id=\u00bbvc_gid:1753863110851-c98193d8-c9fc-1&#8243; include=\u00bb16593,16603,16623,16613,16638,16588,16618,16538,16643&#8243;][\/vc_column][\/vc_row][vc_row][vc_column][\/vc_column][\/vc_row]<\/p>\n<\/div>","protected":false},"excerpt":{"rendered":"<p>[vc_row bg_type=\u00bbimage\u00bb parallax_style=\u00bbvcpb-default\u00bb bg_image_new=\u00bbid^16437|url^https:\/\/www.santateresagalluraturismo.com\/wp-content\/uploads\/2024\/07\/sfondo.jpg|caption^null|alt^null|title^sfondo|description^null\u00bb bg_image_repeat=\u00bbno-repeat\u00bb bg_img_attach=\u00bbfixed\u00bb bg_override=\u00bbex-full\u00bb enable_overlay=\u00bbenable_overlay_value\u00bb overlay_color=\u00bbrgba(0,0,0,0.38)\u00bb type=\u00bbvc_default\u00bb css=\u00bb.vc_custom_1721228184183{padding-top: 6% !important;padding-bottom: 6% !important;}\u00bb][vc_column css=\u00bb.vc_custom_1492694838569{padding-top: 6% !important;padding-bottom: 6% !important;}\u00bb offset=\u00bbvc_col-lg-offset-2 vc_col-lg-8 vc_col-md-offset-1 vc_col-md-10 vc_col-sm-offset-0&#8243;][\/vc_column][\/vc_row][vc_row equal_height=\u00bbyes\u00bb type=\u00bbvc_default\u00bb css=\u00bb.vc_custom_1580250132571{padding-top: 15px !important;padding-bottom: 15px !important;}\u00bb][vc_column width=\u00bb1\/2&#8243; offset=\u00bbvc_col-lg-6 vc_col-md-6&#8243;][vc_column_text]Aqu\u00ed est\u00e1n los souvenirs Love Santa Teresa Gallura, propuestos por la Cristoforo Cooperativa Social, que gestiona la Oficina de Turismo. Una&hellip;<\/p>\n","protected":false},"author":1,"featured_media":0,"parent":0,"menu_order":0,"comment_status":"closed","ping_status":"closed","template":"","meta":{"_acf_changed":false},"class_list":["post-16757","page","type-page","status-publish","hentry","description-off"],"acf":[],"yoast_head":"<!-- This site is optimized with the Yoast SEO plugin v25.3 - https:\/\/yoast.com\/wordpress\/plugins\/seo\/ -->\n<title>Recuerdos de verano de Santa Teresa Gallura - Santa Teresa Gallura Turismo<\/title>\n<meta name=\"robots\" content=\"index, follow, max-snippet:-1, max-image-preview:large, max-video-preview:-1\" \/>\n<link rel=\"canonical\" href=\"https:\/\/www.santateresagalluraturismo.com\/es\/recuerdos\/\" \/>\n<meta property=\"og:locale\" content=\"es_ES\" \/>\n<meta property=\"og:type\" content=\"article\" \/>\n<meta property=\"og:title\" content=\"Recuerdos de verano de Santa Teresa Gallura - Santa Teresa Gallura Turismo\" \/>\n<meta property=\"og:description\" content=\"[vc_row bg_type=\u00bbimage\u00bb parallax_style=\u00bbvcpb-default\u00bb bg_image_new=\u00bbid^16437|url^https:\/\/www.santateresagalluraturismo.com\/wp-content\/uploads\/2024\/07\/sfondo.jpg|caption^null|alt^null|title^sfondo|description^null\u00bb bg_image_repeat=\u00bbno-repeat\u00bb bg_img_attach=\u00bbfixed\u00bb bg_override=\u00bbex-full\u00bb enable_overlay=\u00bbenable_overlay_value\u00bb overlay_color=\u00bbrgba(0,0,0,0.38)\u00bb type=\u00bbvc_default\u00bb css=\u00bb.vc_custom_1721228184183{padding-top: 6% !important;padding-bottom: 6% !important;}\u00bb][vc_column css=\u00bb.vc_custom_1492694838569{padding-top: 6% !important;padding-bottom: 6% !important;}\u00bb offset=\u00bbvc_col-lg-offset-2 vc_col-lg-8 vc_col-md-offset-1 vc_col-md-10 vc_col-sm-offset-0&#8243;][\/vc_column][\/vc_row][vc_row equal_height=\u00bbyes\u00bb type=\u00bbvc_default\u00bb css=\u00bb.vc_custom_1580250132571{padding-top: 15px !important;padding-bottom: 15px !important;}\u00bb][vc_column width=\u00bb1\/2&#8243; offset=\u00bbvc_col-lg-6 vc_col-md-6&#8243;][vc_column_text]Aqu\u00ed est\u00e1n los souvenirs Love Santa Teresa Gallura, propuestos por la Cristoforo Cooperativa Social, que gestiona la Oficina de Turismo. Una&hellip;\" \/>\n<meta property=\"og:url\" content=\"https:\/\/www.santateresagalluraturismo.com\/es\/recuerdos\/\" \/>\n<meta property=\"og:site_name\" content=\"Santa Teresa Gallura Turismo\" \/>\n<meta property=\"article:publisher\" content=\"https:\/\/www.facebook.com\/santateresagalluraturismo\/\" \/>\n<meta property=\"article:modified_time\" content=\"2025-07-30T08:12:25+00:00\" \/>\n<meta name=\"twitter:card\" content=\"summary_large_image\" \/>\n<meta name=\"twitter:label1\" content=\"Tiempo de lectura\" \/>\n\t<meta name=\"twitter:data1\" content=\"1 minuto\" \/>\n<script type=\"application\/ld+json\" class=\"yoast-schema-graph\">{\"@context\":\"https:\/\/schema.org\",\"@graph\":[{\"@type\":\"WebPage\",\"@id\":\"https:\/\/www.santateresagalluraturismo.com\/es\/recuerdos\/\",\"url\":\"https:\/\/www.santateresagalluraturismo.com\/es\/recuerdos\/\",\"name\":\"Recuerdos de verano de Santa Teresa Gallura - Santa Teresa Gallura Turismo\",\"isPartOf\":{\"@id\":\"https:\/\/www.santateresagalluraturismo.com\/es\/#website\"},\"datePublished\":\"2024-07-17T15:30:33+00:00\",\"dateModified\":\"2025-07-30T08:12:25+00:00\",\"breadcrumb\":{\"@id\":\"https:\/\/www.santateresagalluraturismo.com\/es\/recuerdos\/#breadcrumb\"},\"inLanguage\":\"es\",\"potentialAction\":[{\"@type\":\"ReadAction\",\"target\":[\"https:\/\/www.santateresagalluraturismo.com\/es\/recuerdos\/\"]}]},{\"@type\":\"BreadcrumbList\",\"@id\":\"https:\/\/www.santateresagalluraturismo.com\/es\/recuerdos\/#breadcrumb\",\"itemListElement\":[{\"@type\":\"ListItem\",\"position\":1,\"name\":\"Home\",\"item\":\"https:\/\/www.santateresagalluraturismo.com\/es\/\"},{\"@type\":\"ListItem\",\"position\":2,\"name\":\"Recuerdos de verano de Santa Teresa Gallura\"}]},{\"@type\":\"WebSite\",\"@id\":\"https:\/\/www.santateresagalluraturismo.com\/es\/#website\",\"url\":\"https:\/\/www.santateresagalluraturismo.com\/es\/\",\"name\":\"Santa Teresa Gallura Turismo\",\"description\":\"\",\"publisher\":{\"@id\":\"https:\/\/www.santateresagalluraturismo.com\/es\/#organization\"},\"potentialAction\":[{\"@type\":\"SearchAction\",\"target\":{\"@type\":\"EntryPoint\",\"urlTemplate\":\"https:\/\/www.santateresagalluraturismo.com\/es\/?s={search_term_string}\"},\"query-input\":{\"@type\":\"PropertyValueSpecification\",\"valueRequired\":true,\"valueName\":\"search_term_string\"}}],\"inLanguage\":\"es\"},{\"@type\":\"Organization\",\"@id\":\"https:\/\/www.santateresagalluraturismo.com\/es\/#organization\",\"name\":\"Santa Teresa Gallura Turismo\",\"url\":\"https:\/\/www.santateresagalluraturismo.com\/es\/\",\"logo\":{\"@type\":\"ImageObject\",\"inLanguage\":\"es\",\"@id\":\"https:\/\/www.santateresagalluraturismo.com\/es\/#\/schema\/logo\/image\/\",\"url\":\"https:\/\/www.santateresagalluraturismo.com\/wp-content\/uploads\/2019\/12\/logo300px.png\",\"contentUrl\":\"https:\/\/www.santateresagalluraturismo.com\/wp-content\/uploads\/2019\/12\/logo300px.png\",\"width\":300,\"height\":102,\"caption\":\"Santa Teresa Gallura Turismo\"},\"image\":{\"@id\":\"https:\/\/www.santateresagalluraturismo.com\/es\/#\/schema\/logo\/image\/\"},\"sameAs\":[\"https:\/\/www.facebook.com\/santateresagalluraturismo\/\",\"https:\/\/www.instagram.com\/santateresagalluraturismo\/\"]}]}<\/script>\n<!-- \/ Yoast SEO plugin. -->","yoast_head_json":{"title":"Recuerdos de verano de Santa Teresa Gallura - Santa Teresa Gallura Turismo","robots":{"index":"index","follow":"follow","max-snippet":"max-snippet:-1","max-image-preview":"max-image-preview:large","max-video-preview":"max-video-preview:-1"},"canonical":"https:\/\/www.santateresagalluraturismo.com\/es\/recuerdos\/","og_locale":"es_ES","og_type":"article","og_title":"Recuerdos de verano de Santa Teresa Gallura - Santa Teresa Gallura Turismo","og_description":"[vc_row bg_type=\u00bbimage\u00bb parallax_style=\u00bbvcpb-default\u00bb bg_image_new=\u00bbid^16437|url^https:\/\/www.santateresagalluraturismo.com\/wp-content\/uploads\/2024\/07\/sfondo.jpg|caption^null|alt^null|title^sfondo|description^null\u00bb bg_image_repeat=\u00bbno-repeat\u00bb bg_img_attach=\u00bbfixed\u00bb bg_override=\u00bbex-full\u00bb enable_overlay=\u00bbenable_overlay_value\u00bb overlay_color=\u00bbrgba(0,0,0,0.38)\u00bb type=\u00bbvc_default\u00bb css=\u00bb.vc_custom_1721228184183{padding-top: 6% !important;padding-bottom: 6% !important;}\u00bb][vc_column css=\u00bb.vc_custom_1492694838569{padding-top: 6% !important;padding-bottom: 6% !important;}\u00bb offset=\u00bbvc_col-lg-offset-2 vc_col-lg-8 vc_col-md-offset-1 vc_col-md-10 vc_col-sm-offset-0&#8243;][\/vc_column][\/vc_row][vc_row equal_height=\u00bbyes\u00bb type=\u00bbvc_default\u00bb css=\u00bb.vc_custom_1580250132571{padding-top: 15px !important;padding-bottom: 15px !important;}\u00bb][vc_column width=\u00bb1\/2&#8243; offset=\u00bbvc_col-lg-6 vc_col-md-6&#8243;][vc_column_text]Aqu\u00ed est\u00e1n los souvenirs Love Santa Teresa Gallura, propuestos por la Cristoforo Cooperativa Social, que gestiona la Oficina de Turismo. Una&hellip;","og_url":"https:\/\/www.santateresagalluraturismo.com\/es\/recuerdos\/","og_site_name":"Santa Teresa Gallura Turismo","article_publisher":"https:\/\/www.facebook.com\/santateresagalluraturismo\/","article_modified_time":"2025-07-30T08:12:25+00:00","twitter_card":"summary_large_image","twitter_misc":{"Tiempo de lectura":"1 minuto"},"schema":{"@context":"https:\/\/schema.org","@graph":[{"@type":"WebPage","@id":"https:\/\/www.santateresagalluraturismo.com\/es\/recuerdos\/","url":"https:\/\/www.santateresagalluraturismo.com\/es\/recuerdos\/","name":"Recuerdos de verano de Santa Teresa Gallura - Santa Teresa Gallura Turismo","isPartOf":{"@id":"https:\/\/www.santateresagalluraturismo.com\/es\/#website"},"datePublished":"2024-07-17T15:30:33+00:00","dateModified":"2025-07-30T08:12:25+00:00","breadcrumb":{"@id":"https:\/\/www.santateresagalluraturismo.com\/es\/recuerdos\/#breadcrumb"},"inLanguage":"es","potentialAction":[{"@type":"ReadAction","target":["https:\/\/www.santateresagalluraturismo.com\/es\/recuerdos\/"]}]},{"@type":"BreadcrumbList","@id":"https:\/\/www.santateresagalluraturismo.com\/es\/recuerdos\/#breadcrumb","itemListElement":[{"@type":"ListItem","position":1,"name":"Home","item":"https:\/\/www.santateresagalluraturismo.com\/es\/"},{"@type":"ListItem","position":2,"name":"Recuerdos de verano de Santa Teresa Gallura"}]},{"@type":"WebSite","@id":"https:\/\/www.santateresagalluraturismo.com\/es\/#website","url":"https:\/\/www.santateresagalluraturismo.com\/es\/","name":"Santa Teresa Gallura Turismo","description":"","publisher":{"@id":"https:\/\/www.santateresagalluraturismo.com\/es\/#organization"},"potentialAction":[{"@type":"SearchAction","target":{"@type":"EntryPoint","urlTemplate":"https:\/\/www.santateresagalluraturismo.com\/es\/?s={search_term_string}"},"query-input":{"@type":"PropertyValueSpecification","valueRequired":true,"valueName":"search_term_string"}}],"inLanguage":"es"},{"@type":"Organization","@id":"https:\/\/www.santateresagalluraturismo.com\/es\/#organization","name":"Santa Teresa Gallura Turismo","url":"https:\/\/www.santateresagalluraturismo.com\/es\/","logo":{"@type":"ImageObject","inLanguage":"es","@id":"https:\/\/www.santateresagalluraturismo.com\/es\/#\/schema\/logo\/image\/","url":"https:\/\/www.santateresagalluraturismo.com\/wp-content\/uploads\/2019\/12\/logo300px.png","contentUrl":"https:\/\/www.santateresagalluraturismo.com\/wp-content\/uploads\/2019\/12\/logo300px.png","width":300,"height":102,"caption":"Santa Teresa Gallura Turismo"},"image":{"@id":"https:\/\/www.santateresagalluraturismo.com\/es\/#\/schema\/logo\/image\/"},"sameAs":["https:\/\/www.facebook.com\/santateresagalluraturismo\/","https:\/\/www.instagram.com\/santateresagalluraturismo\/"]}]}},"_links":{"self":[{"href":"https:\/\/www.santateresagalluraturismo.com\/es\/wp-json\/wp\/v2\/pages\/16757","targetHints":{"allow":["GET"]}}],"collection":[{"href":"https:\/\/www.santateresagalluraturismo.com\/es\/wp-json\/wp\/v2\/pages"}],"about":[{"href":"https:\/\/www.santateresagalluraturismo.com\/es\/wp-json\/wp\/v2\/types\/page"}],"author":[{"embeddable":true,"href":"https:\/\/www.santateresagalluraturismo.com\/es\/wp-json\/wp\/v2\/users\/1"}],"replies":[{"embeddable":true,"href":"https:\/\/www.santateresagalluraturismo.com\/es\/wp-json\/wp\/v2\/comments?post=16757"}],"version-history":[{"count":3,"href":"https:\/\/www.santateresagalluraturismo.com\/es\/wp-json\/wp\/v2\/pages\/16757\/revisions"}],"predecessor-version":[{"id":21639,"href":"https:\/\/www.santateresagalluraturismo.com\/es\/wp-json\/wp\/v2\/pages\/16757\/revisions\/21639"}],"wp:attachment":[{"href":"https:\/\/www.santateresagalluraturismo.com\/es\/wp-json\/wp\/v2\/media?parent=16757"}],"curies":[{"name":"wp","href":"https:\/\/api.w.org\/{rel}","templated":true}]}}