{"id":6253,"date":"2020-05-22T12:22:37","date_gmt":"2020-05-22T12:22:37","guid":{"rendered":"https:\/\/www.santateresagalluraturismo.com\/?page_id=6253"},"modified":"2023-06-15T10:54:00","modified_gmt":"2023-06-15T10:54:00","slug":"muelltrennung","status":"publish","type":"page","link":"https:\/\/www.santateresagalluraturismo.com\/de\/muelltrennung\/","title":{"rendered":"M\u00fclltrennung"},"content":{"rendered":"<div class=\"wpb-content-wrapper\"><p>[vc_row bg_type=&#8220;image&#8220; parallax_style=&#8220;vcpb-default&#8220; bg_image_new=&#8220;id^6084|url^https:\/\/www.santateresagalluraturismo.com\/wp-content\/uploads\/2020\/05\/ECOISOLE.jpg|caption^null|alt^ECOISOLE|title^ECOISOLE|description^null&#8220; bg_image_repeat=&#8220;no-repeat&#8220; bg_img_attach=&#8220;fixed&#8220; bg_override=&#8220;ex-full&#8220; enable_overlay=&#8220;enable_overlay_value&#8220; overlay_color=&#8220;rgba(0,0,0,0.41)&#8220; css=&#8220;.vc_custom_1590139935474{padding-top: 10% !important;padding-bottom: 10% !important;}&#8220;][vc_column]<div id=\"ultimate-heading-508969e2ffd19031c\" class=\"uvc-heading ult-adjust-bottom-margin ultimate-heading-508969e2ffd19031c uvc-6929 \" data-hspacer=\"no_spacer\"  data-halign=\"center\" style=\"text-align:center\"><div class=\"uvc-heading-spacer no_spacer\" style=\"top\"><\/div><div class=\"uvc-main-heading ult-responsive\"  data-ultimate-target='.uvc-heading.ultimate-heading-508969e2ffd19031c h2'  data-responsive-json-new='{\"font-size\":\"desktop:70px;tablet:50px;tablet_portrait:40px;mobile_landscape:28px;\",\"line-height\":\"desktop:80px;tablet:60px;tablet_portrait:50px;mobile_landscape:38px;\"}' ><h2 style=\"font-weight:bold;color:#ffffff;\">Santa Teresa Gallura<\/h2><\/div><div class=\"uvc-sub-heading ult-responsive\"  data-ultimate-target='.uvc-heading.ultimate-heading-508969e2ffd19031c .uvc-sub-heading '  data-responsive-json-new='{\"font-size\":\"desktop:28px;mobile_landscape:18px;\",\"line-height\":\"desktop:38px;mobile_landscape:28px;\"}'  style=\"font-family:&#039;Roboto Slab&#039;;font-weight:normal;color:#ffffff;\"><\/p>\n<p class=\"entry-title\" style=\"text-align: center;\">M\u00fclltrennung<\/p>\n<p><\/div><\/div>[\/vc_column][\/vc_row][vc_row][vc_column][vc_empty_space][vc_column_text]<\/p>\n<p style=\"text-align: justify;\">In der Gemeinde Santa Teresa Gallura wird die M\u00fclltrennung von Haus zu Haus von Montag bis Samstag durchgef\u00fchrt. Jedes Ein- und Mehrfamilienhaus muss daher \u00fcber die entsprechenden Beh\u00e4lter verf\u00fcgen, und diese m\u00fcssen ab 20.00 Uhr des Vortages bis 5.00 Uhr an dem im Kalender angegebenen Tag an die \u00f6ffentliche Stra\u00dfe gestellt werden.<\/p>\n<p style=\"text-align: justify;\">Die Kalender k\u00f6nnen hier eingesehen werden:<\/p>\n<p><a href=\"https:\/\/www.santateresagalluraturismo.com\/wp-content\/uploads\/2023\/06\/Calendario-Raccolta-Differenziata-Centro-Abitato-Frazioni-e-Zone-a-Mare.pdf\" target=\"_blank\" rel=\"noopener\"><strong>KALENDER ORTSZENTRUM UND ORTSTEILE<\/strong><\/a>\u00a0(Capo Testa, La Filetta, La Ficaccia, Marazzino, Ruoni, Capizza di Vacca, Porto Pozzo, San Pasquale)<\/p>\n<p><a href=\"https:\/\/www.santateresagalluraturismo.com\/wp-content\/uploads\/2023\/06\/Calendario-Raccolta-Differenziata-Centro-Abitato-Frazioni-e-Zone-a-Mare.pdf\" target=\"_blank\" rel=\"noopener\"><strong>KALENDER MEERESBEREICHE<\/strong><\/a>\u00a0(Lu Pultiddolu, Baia Santa Reparata, Terravecchia, Porto Quadro, La Marmorata, Valle dell\u2019Erica, Conca Verde)[\/vc_column_text][vc_empty_space][vc_column_text]<\/p>\n<p style=\"text-align: justify;\">An einigen Stellen des Gebietes befinden sich zudem\u00a0<strong>kontrollierte \u00d6koinseln<\/strong>, die mit derVersichertenkarte oder mit \u00d6kokarten benutzbar sind, welche man beim Umweltamt erh\u00e4lt, und in denen alle Abfallkategorien entsorgt werden k\u00f6nnen. Hier die Positionen:<\/p>\n<ul>\n<li>Santa Teresa Gallura Ortszentrum: Via del Porto (Theaterbereich), Via Capo Testa (ehem.Finanzkaserne) und Via Don Tedde (vor Dettori)<\/li>\n<li>Santa Reparata: Via Aldebaran und Via delle Costellazioni<\/li>\n<li>Ruoni: Via dei Cormorani <span style=\"font-family: arial, helvetica, sans-serif;\">(in der N\u00e4he <span class=\"Y2IQFc\" lang=\"de\">des Sportplatzes<\/span>)<\/span><\/li>\n<li>Porto Pozzo: Platz vor dem Yachthafen<\/li>\n<li>Conca Verde: Via Ulisse<\/li>\n<li>Valle dell\u2019Erica: Strada Liscia di Scopa<\/li>\n<li>Porto Quadro: s.p. 161<\/li>\n<li>San Pasquale: Via Don Gavino Pes<\/li>\n<\/ul>\n<p>[\/vc_column_text][vc_empty_space][vc_column_text]<\/p>\n<p style=\"text-align: justify;\">Und zuallerletztgibt esnoch den kommunalen Werkstoffhof im Ort Buoncammino (3 km vom Ortszentrum), in dem differenzierteAbf\u00e4lle (also nicht der trockene Restm\u00fcll),auch Sperrm\u00fcll, abgegeben werden k\u00f6nnen.<\/p>\n<p>[\/vc_column_text][\/vc_column][\/vc_row]<\/p>\n<\/div>","protected":false},"excerpt":{"rendered":"<p>[vc_row bg_type=&#8220;image&#8220; parallax_style=&#8220;vcpb-default&#8220; bg_image_new=&#8220;id^6084|url^https:\/\/www.santateresagalluraturismo.com\/wp-content\/uploads\/2020\/05\/ECOISOLE.jpg|caption^null|alt^ECOISOLE|title^ECOISOLE|description^null&#8220; bg_image_repeat=&#8220;no-repeat&#8220; bg_img_attach=&#8220;fixed&#8220; bg_override=&#8220;ex-full&#8220; enable_overlay=&#8220;enable_overlay_value&#8220; overlay_color=&#8220;rgba(0,0,0,0.41)&#8220; css=&#8220;.vc_custom_1590139935474{padding-top: 10% !important;padding-bottom: 10% !important;}&#8220;][vc_column][\/vc_column][\/vc_row][vc_row][vc_column][vc_empty_space][vc_column_text] In der Gemeinde Santa Teresa Gallura wird die M\u00fclltrennung von Haus zu Haus von Montag bis Samstag durchgef\u00fchrt. Jedes Ein- und Mehrfamilienhaus muss daher \u00fcber die entsprechenden Beh\u00e4lter verf\u00fcgen, und diese m\u00fcssen ab 20.00 Uhr des Vortages bis 5.00 Uhr an&hellip;<\/p>\n","protected":false},"author":2,"featured_media":0,"parent":0,"menu_order":0,"comment_status":"closed","ping_status":"closed","template":"","meta":{"_acf_changed":false},"class_list":["post-6253","page","type-page","status-publish","hentry","description-off"],"acf":[],"yoast_head":"<!-- This site is optimized with the Yoast SEO plugin v25.3 - https:\/\/yoast.com\/wordpress\/plugins\/seo\/ -->\n<title>M\u00fclltrennung - Santa Teresa Gallura Turismo<\/title>\n<meta name=\"robots\" content=\"index, follow, max-snippet:-1, max-image-preview:large, max-video-preview:-1\" \/>\n<link rel=\"canonical\" href=\"https:\/\/www.santateresagalluraturismo.com\/de\/muelltrennung\/\" \/>\n<meta property=\"og:locale\" content=\"de_DE\" \/>\n<meta property=\"og:type\" content=\"article\" \/>\n<meta property=\"og:title\" content=\"M\u00fclltrennung - Santa Teresa Gallura Turismo\" \/>\n<meta property=\"og:description\" content=\"[vc_row bg_type=&#8220;image&#8220; parallax_style=&#8220;vcpb-default&#8220; bg_image_new=&#8220;id^6084|url^https:\/\/www.santateresagalluraturismo.com\/wp-content\/uploads\/2020\/05\/ECOISOLE.jpg|caption^null|alt^ECOISOLE|title^ECOISOLE|description^null&#8220; bg_image_repeat=&#8220;no-repeat&#8220; bg_img_attach=&#8220;fixed&#8220; bg_override=&#8220;ex-full&#8220; enable_overlay=&#8220;enable_overlay_value&#8220; overlay_color=&#8220;rgba(0,0,0,0.41)&#8220; css=&#8220;.vc_custom_1590139935474{padding-top: 10% !important;padding-bottom: 10% !important;}&#8220;][vc_column][\/vc_column][\/vc_row][vc_row][vc_column][vc_empty_space][vc_column_text] In der Gemeinde Santa Teresa Gallura wird die M\u00fclltrennung von Haus zu Haus von Montag bis Samstag durchgef\u00fchrt. Jedes Ein- und Mehrfamilienhaus muss daher \u00fcber die entsprechenden Beh\u00e4lter verf\u00fcgen, und diese m\u00fcssen ab 20.00 Uhr des Vortages bis 5.00 Uhr an&hellip;\" \/>\n<meta property=\"og:url\" content=\"https:\/\/www.santateresagalluraturismo.com\/de\/muelltrennung\/\" \/>\n<meta property=\"og:site_name\" content=\"Santa Teresa Gallura Turismo\" \/>\n<meta property=\"article:publisher\" content=\"https:\/\/www.facebook.com\/santateresagalluraturismo\/\" \/>\n<meta property=\"article:modified_time\" content=\"2023-06-15T10:54:00+00:00\" \/>\n<meta name=\"twitter:card\" content=\"summary_large_image\" \/>\n<meta name=\"twitter:label1\" content=\"Gesch\u00e4tzte Lesezeit\" \/>\n\t<meta name=\"twitter:data1\" content=\"2\u00a0Minuten\" \/>\n<script type=\"application\/ld+json\" class=\"yoast-schema-graph\">{\"@context\":\"https:\/\/schema.org\",\"@graph\":[{\"@type\":\"WebPage\",\"@id\":\"https:\/\/www.santateresagalluraturismo.com\/de\/muelltrennung\/\",\"url\":\"https:\/\/www.santateresagalluraturismo.com\/de\/muelltrennung\/\",\"name\":\"M\u00fclltrennung - Santa Teresa Gallura Turismo\",\"isPartOf\":{\"@id\":\"https:\/\/www.santateresagalluraturismo.com\/de\/#website\"},\"datePublished\":\"2020-05-22T12:22:37+00:00\",\"dateModified\":\"2023-06-15T10:54:00+00:00\",\"breadcrumb\":{\"@id\":\"https:\/\/www.santateresagalluraturismo.com\/de\/muelltrennung\/#breadcrumb\"},\"inLanguage\":\"de\",\"potentialAction\":[{\"@type\":\"ReadAction\",\"target\":[\"https:\/\/www.santateresagalluraturismo.com\/de\/muelltrennung\/\"]}]},{\"@type\":\"BreadcrumbList\",\"@id\":\"https:\/\/www.santateresagalluraturismo.com\/de\/muelltrennung\/#breadcrumb\",\"itemListElement\":[{\"@type\":\"ListItem\",\"position\":1,\"name\":\"Home\",\"item\":\"https:\/\/www.santateresagalluraturismo.com\/de\/\"},{\"@type\":\"ListItem\",\"position\":2,\"name\":\"M\u00fclltrennung\"}]},{\"@type\":\"WebSite\",\"@id\":\"https:\/\/www.santateresagalluraturismo.com\/de\/#website\",\"url\":\"https:\/\/www.santateresagalluraturismo.com\/de\/\",\"name\":\"Santa Teresa Gallura Turismo\",\"description\":\"\",\"publisher\":{\"@id\":\"https:\/\/www.santateresagalluraturismo.com\/de\/#organization\"},\"potentialAction\":[{\"@type\":\"SearchAction\",\"target\":{\"@type\":\"EntryPoint\",\"urlTemplate\":\"https:\/\/www.santateresagalluraturismo.com\/de\/?s={search_term_string}\"},\"query-input\":{\"@type\":\"PropertyValueSpecification\",\"valueRequired\":true,\"valueName\":\"search_term_string\"}}],\"inLanguage\":\"de\"},{\"@type\":\"Organization\",\"@id\":\"https:\/\/www.santateresagalluraturismo.com\/de\/#organization\",\"name\":\"Santa Teresa Gallura Turismo\",\"url\":\"https:\/\/www.santateresagalluraturismo.com\/de\/\",\"logo\":{\"@type\":\"ImageObject\",\"inLanguage\":\"de\",\"@id\":\"https:\/\/www.santateresagalluraturismo.com\/de\/#\/schema\/logo\/image\/\",\"url\":\"https:\/\/www.santateresagalluraturismo.com\/wp-content\/uploads\/2019\/12\/logo300px.png\",\"contentUrl\":\"https:\/\/www.santateresagalluraturismo.com\/wp-content\/uploads\/2019\/12\/logo300px.png\",\"width\":300,\"height\":102,\"caption\":\"Santa Teresa Gallura Turismo\"},\"image\":{\"@id\":\"https:\/\/www.santateresagalluraturismo.com\/de\/#\/schema\/logo\/image\/\"},\"sameAs\":[\"https:\/\/www.facebook.com\/santateresagalluraturismo\/\",\"https:\/\/www.instagram.com\/santateresagalluraturismo\/\"]}]}<\/script>\n<!-- \/ Yoast SEO plugin. -->","yoast_head_json":{"title":"M\u00fclltrennung - Santa Teresa Gallura Turismo","robots":{"index":"index","follow":"follow","max-snippet":"max-snippet:-1","max-image-preview":"max-image-preview:large","max-video-preview":"max-video-preview:-1"},"canonical":"https:\/\/www.santateresagalluraturismo.com\/de\/muelltrennung\/","og_locale":"de_DE","og_type":"article","og_title":"M\u00fclltrennung - Santa Teresa Gallura Turismo","og_description":"[vc_row bg_type=&#8220;image&#8220; parallax_style=&#8220;vcpb-default&#8220; bg_image_new=&#8220;id^6084|url^https:\/\/www.santateresagalluraturismo.com\/wp-content\/uploads\/2020\/05\/ECOISOLE.jpg|caption^null|alt^ECOISOLE|title^ECOISOLE|description^null&#8220; bg_image_repeat=&#8220;no-repeat&#8220; bg_img_attach=&#8220;fixed&#8220; bg_override=&#8220;ex-full&#8220; enable_overlay=&#8220;enable_overlay_value&#8220; overlay_color=&#8220;rgba(0,0,0,0.41)&#8220; css=&#8220;.vc_custom_1590139935474{padding-top: 10% !important;padding-bottom: 10% !important;}&#8220;][vc_column][\/vc_column][\/vc_row][vc_row][vc_column][vc_empty_space][vc_column_text] In der Gemeinde Santa Teresa Gallura wird die M\u00fclltrennung von Haus zu Haus von Montag bis Samstag durchgef\u00fchrt. Jedes Ein- und Mehrfamilienhaus muss daher \u00fcber die entsprechenden Beh\u00e4lter verf\u00fcgen, und diese m\u00fcssen ab 20.00 Uhr des Vortages bis 5.00 Uhr an&hellip;","og_url":"https:\/\/www.santateresagalluraturismo.com\/de\/muelltrennung\/","og_site_name":"Santa Teresa Gallura Turismo","article_publisher":"https:\/\/www.facebook.com\/santateresagalluraturismo\/","article_modified_time":"2023-06-15T10:54:00+00:00","twitter_card":"summary_large_image","twitter_misc":{"Gesch\u00e4tzte Lesezeit":"2\u00a0Minuten"},"schema":{"@context":"https:\/\/schema.org","@graph":[{"@type":"WebPage","@id":"https:\/\/www.santateresagalluraturismo.com\/de\/muelltrennung\/","url":"https:\/\/www.santateresagalluraturismo.com\/de\/muelltrennung\/","name":"M\u00fclltrennung - Santa Teresa Gallura Turismo","isPartOf":{"@id":"https:\/\/www.santateresagalluraturismo.com\/de\/#website"},"datePublished":"2020-05-22T12:22:37+00:00","dateModified":"2023-06-15T10:54:00+00:00","breadcrumb":{"@id":"https:\/\/www.santateresagalluraturismo.com\/de\/muelltrennung\/#breadcrumb"},"inLanguage":"de","potentialAction":[{"@type":"ReadAction","target":["https:\/\/www.santateresagalluraturismo.com\/de\/muelltrennung\/"]}]},{"@type":"BreadcrumbList","@id":"https:\/\/www.santateresagalluraturismo.com\/de\/muelltrennung\/#breadcrumb","itemListElement":[{"@type":"ListItem","position":1,"name":"Home","item":"https:\/\/www.santateresagalluraturismo.com\/de\/"},{"@type":"ListItem","position":2,"name":"M\u00fclltrennung"}]},{"@type":"WebSite","@id":"https:\/\/www.santateresagalluraturismo.com\/de\/#website","url":"https:\/\/www.santateresagalluraturismo.com\/de\/","name":"Santa Teresa Gallura Turismo","description":"","publisher":{"@id":"https:\/\/www.santateresagalluraturismo.com\/de\/#organization"},"potentialAction":[{"@type":"SearchAction","target":{"@type":"EntryPoint","urlTemplate":"https:\/\/www.santateresagalluraturismo.com\/de\/?s={search_term_string}"},"query-input":{"@type":"PropertyValueSpecification","valueRequired":true,"valueName":"search_term_string"}}],"inLanguage":"de"},{"@type":"Organization","@id":"https:\/\/www.santateresagalluraturismo.com\/de\/#organization","name":"Santa Teresa Gallura Turismo","url":"https:\/\/www.santateresagalluraturismo.com\/de\/","logo":{"@type":"ImageObject","inLanguage":"de","@id":"https:\/\/www.santateresagalluraturismo.com\/de\/#\/schema\/logo\/image\/","url":"https:\/\/www.santateresagalluraturismo.com\/wp-content\/uploads\/2019\/12\/logo300px.png","contentUrl":"https:\/\/www.santateresagalluraturismo.com\/wp-content\/uploads\/2019\/12\/logo300px.png","width":300,"height":102,"caption":"Santa Teresa Gallura Turismo"},"image":{"@id":"https:\/\/www.santateresagalluraturismo.com\/de\/#\/schema\/logo\/image\/"},"sameAs":["https:\/\/www.facebook.com\/santateresagalluraturismo\/","https:\/\/www.instagram.com\/santateresagalluraturismo\/"]}]}},"_links":{"self":[{"href":"https:\/\/www.santateresagalluraturismo.com\/de\/wp-json\/wp\/v2\/pages\/6253","targetHints":{"allow":["GET"]}}],"collection":[{"href":"https:\/\/www.santateresagalluraturismo.com\/de\/wp-json\/wp\/v2\/pages"}],"about":[{"href":"https:\/\/www.santateresagalluraturismo.com\/de\/wp-json\/wp\/v2\/types\/page"}],"author":[{"embeddable":true,"href":"https:\/\/www.santateresagalluraturismo.com\/de\/wp-json\/wp\/v2\/users\/2"}],"replies":[{"embeddable":true,"href":"https:\/\/www.santateresagalluraturismo.com\/de\/wp-json\/wp\/v2\/comments?post=6253"}],"version-history":[{"count":5,"href":"https:\/\/www.santateresagalluraturismo.com\/de\/wp-json\/wp\/v2\/pages\/6253\/revisions"}],"predecessor-version":[{"id":11715,"href":"https:\/\/www.santateresagalluraturismo.com\/de\/wp-json\/wp\/v2\/pages\/6253\/revisions\/11715"}],"wp:attachment":[{"href":"https:\/\/www.santateresagalluraturismo.com\/de\/wp-json\/wp\/v2\/media?parent=6253"}],"curies":[{"name":"wp","href":"https:\/\/api.w.org\/{rel}","templated":true}]}}