{"id":5122,"date":"2020-01-09T10:40:37","date_gmt":"2020-01-09T10:40:37","guid":{"rendered":"https:\/\/www.santateresagalluraturismo.com\/percorsi-naturalistici\/"},"modified":"2020-05-17T18:02:41","modified_gmt":"2020-05-17T18:02:41","slug":"die-naturpfade","status":"publish","type":"page","link":"https:\/\/www.santateresagalluraturismo.com\/de\/die-naturpfade\/","title":{"rendered":"Die Naturpfade"},"content":{"rendered":"<div class=\"wpb-content-wrapper\"><p>[vc_row bg_type=&#8220;image&#8220; parallax_style=&#8220;vcpb-default&#8220; bg_image_new=&#8220;id^5959|url^https:\/\/www.santateresagalluraturismo.com\/wp-content\/uploads\/2020\/05\/PERCORSI-BITO.jpg|caption^null|alt^null|title^PERCORSI-BITO|description^null&#8220; bg_image_repeat=&#8220;no-repeat&#8220; bg_img_attach=&#8220;fixed&#8220; bg_override=&#8220;ex-full&#8220; enable_overlay=&#8220;enable_overlay_value&#8220; overlay_color=&#8220;rgba(0,0,0,0.41)&#8220; type=&#8220;vc_default&#8220; css=&#8220;.vc_custom_1589738560185{padding-top: 20% !important;padding-bottom: 20% !important;}&#8220;][vc_column css=&#8220;.vc_custom_1492694838569{padding-top: 6% !important;padding-bottom: 6% !important;}&#8220; offset=&#8220;vc_col-lg-offset-2 vc_col-lg-8 vc_col-md-offset-1 vc_col-md-10 vc_col-sm-offset-0&#8243;]<div id=\"ultimate-heading-262369e2ffd50ba21\" class=\"uvc-heading ult-adjust-bottom-margin ultimate-heading-262369e2ffd50ba21 uvc-389 \" data-hspacer=\"no_spacer\"  data-halign=\"center\" style=\"text-align:center\"><div class=\"uvc-heading-spacer no_spacer\" style=\"top\"><\/div><div class=\"uvc-main-heading ult-responsive\"  data-ultimate-target='.uvc-heading.ultimate-heading-262369e2ffd50ba21 h2'  data-responsive-json-new='{\"font-size\":\"desktop:70px;tablet:50px;tablet_portrait:40px;mobile_landscape:28px;\",\"line-height\":\"desktop:80px;tablet:60px;tablet_portrait:50px;mobile_landscape:38px;\"}' ><h2 style=\"font-weight:bold;color:#ffffff;margin-bottom:30px;\">Santa Teresa Gallura<\/h2><\/div><div class=\"uvc-sub-heading ult-responsive\"  data-ultimate-target='.uvc-heading.ultimate-heading-262369e2ffd50ba21 .uvc-sub-heading '  data-responsive-json-new='{\"font-size\":\"desktop:28px;mobile_landscape:18px;\",\"line-height\":\"desktop:38px;mobile_landscape:28px;\"}'  style=\"font-family:&#039;Roboto Slab&#039;;font-weight:700;color:#ffffff;\">Die Naturpfade<\/div><\/div>[\/vc_column][\/vc_row][vc_row equal_height=&#8220;yes&#8220; type=&#8220;vc_default&#8220; css=&#8220;.vc_custom_1492758885864{padding-top: 100px !important;padding-bottom: 50px !important;}&#8220;][vc_column width=&#8220;1\/2&#8243; css=&#8220;.vc_custom_1578215197353{padding-bottom: 50px !important;}&#8220; offset=&#8220;vc_col-lg-6 vc_col-md-6&#8243;]<div id=\"ultimate-heading-560369e2ffd50ba86\" class=\"uvc-heading ult-adjust-bottom-margin ultimate-heading-560369e2ffd50ba86 uvc-9384 \" data-hspacer=\"no_spacer\"  data-halign=\"left\" style=\"text-align:left\"><div class=\"uvc-heading-spacer no_spacer\" style=\"top\"><\/div><div class=\"uvc-main-heading ult-responsive\"  data-ultimate-target='.uvc-heading.ultimate-heading-560369e2ffd50ba86 h2'  data-responsive-json-new='{\"font-size\":\"desktop:36px;\",\"line-height\":\"desktop:46px;\"}' ><h2 style=\"font-weight:bold;margin-bottom:25px;\">DER PARK PUNTA CONTESSA<\/h2><\/div><\/div>[vc_column_text]Der \u201cParkPunta Contessa\u201d befindet sich im Gebiet der Gemeinde Santa Teresa Gallura, und wird mit seinen 101.9890 Ha Fl\u00e4che vom Forstamt Sardinien verwaltet.<\/p>\n<p>Der Besuch kann \u00fcber kleinere Erststra\u00dfen und ein Netz von Wegen erfolgen, die suggestive Bereiche durchziehen, mit Ausblicken auf die K\u00fcste, die reich an mit der Macchia \u00fcberdeckten Kaps ist, mit daneben reizvollen Felslandschaften, die aus vom Wind geformtem Gestein bestehen, und Panoramen auf die Stra\u00dfe von Bonifacio und die Insel Korsika.<\/p>\n<p>Der Standort ist Teil des GGB-Areals \u201eCapo Testa\u201d (ITB010007) und in das \u00f6kologische Netz \u201eNatur 2000\u201d eingebunden, ein System von Gebieten, das der Bewahrung der Artenvielfalt gewidmet ist, und sich durch die Pr\u00e4senz von Habitats und faunistischen und floristischen Arten gemeinschaftlichen Interesses auszeichnet, die in die Richtlinie \u201eHabitat\u201d (92\/43\/CEE) und in die Richtlinie \u201eV\u00f6gel\u201d (79\/409\/EWG, ersetzt durch die Richtlinie 2009\/147\/EG) aufgenommen sind.<\/p>\n<p>Die Landschaft zeichnet sich durch eine betr\u00e4chtliche Vielfalt typischer Granitformen aus, die dem Gebiet eine starke landschaftliche Pers\u00f6nlichkeit und Einzigartigkeit bescheren.<\/p>\n<p>&nbsp;<\/p>\n<p>Die besonderen geomorphologischen Eigenschaften gestatten die Entwicklung zahlreicher Habitats, die dem Gebiet eine starke Artenvielfalt verleihen, mit faunistischen Arten, insbesondere V\u00f6geln, von denen viele im Anhang I der \u201eVogel\u201d-Richtlinie enthalten sind, und floristischen Arten von besonderer Seltenheit und Bedeutung, von denen einige f\u00fcr Sardinien endemisch oder f\u00fcr das Gebiet von Capo Testa ausschlie\u00dflich sind.<\/p>\n<p>Das \u201eWegenetz\u201d wurde vom Forstamt Sardinien entwickelt und geplant, welches, in Zusammenarbeit mit der Gemeinde Santa Teresa Gallura, f\u00fcr die Instandhaltung und Aktualisierung der Strecken sorgt.[\/vc_column_text][\/vc_column][vc_column width=&#8220;1\/2&#8243; css=&#8220;.vc_custom_1578566741920{background-position: center !important;background-repeat: no-repeat !important;background-size: cover !important;}&#8220; offset=&#8220;vc_col-lg-6 vc_col-md-6&#8243;][vc_single_image image=&#8220;3756&#8243; img_size=&#8220;full&#8220; alignment=&#8220;center&#8220; onclick=&#8220;link_image&#8220;][vc_single_image image=&#8220;4234&#8243; img_size=&#8220;full&#8220; alignment=&#8220;center&#8220; onclick=&#8220;link_image&#8220;][vc_empty_space height=&#8220;22px&#8220;][\/vc_column][\/vc_row][vc_row equal_height=&#8220;yes&#8220; type=&#8220;vc_default&#8220; css=&#8220;.vc_custom_1579710614384{background-color: #f7f7f7 !important;}&#8220;][vc_column width=&#8220;1\/2&#8243; css=&#8220;.vc_custom_1579710629071{padding-bottom: 90px !important;}&#8220;]<div id=\"ultimate-heading-666869e2ffd50bab4\" class=\"uvc-heading ult-adjust-bottom-margin ultimate-heading-666869e2ffd50bab4 uvc-2741 \" data-hspacer=\"no_spacer\"  data-halign=\"left\" style=\"text-align:left\"><div class=\"uvc-heading-spacer no_spacer\" style=\"top\"><\/div><div class=\"uvc-main-heading ult-responsive\"  data-ultimate-target='.uvc-heading.ultimate-heading-666869e2ffd50bab4 h2'  data-responsive-json-new='{\"font-size\":\"desktop:36px;\",\"line-height\":\"desktop:46px;\"}' ><h2 style=\"font-weight:bold;margin-bottom:25px;\">PUNTA FALCONE<\/h2><\/div><\/div>[vc_column_text]Sie ist die n\u00f6rdlichste Spitze Sardiniens, \u00f6stlich des Ortes, vor der Stra\u00dfe von Bonifacio und den Inseln des La-Maddalena-Archipels. Besuchen Sie die alten Milit\u00e4rbatterien Ferrero und De Carolis, die in diesem Kontext von au\u00dferordentlicher landschaftlicher Sch\u00f6nheit, die typisch f\u00fcr den Mittelmeerraum ist, w\u00e4hrend des zweiten Weltkrieges verlassen wurden.<\/p>\n<p>Fahren Sie die Panoramastra\u00dfe entlang, die vom Hafen von Santa Teresa zu dem Touristenort Marmorata f\u00fchrt.<\/p>\n<p>Biegen Sie, an der Hauptkreuzung angelangt, zum Gebiet der Ficaccia ab und setzen Sie den Weg durch ein h\u00f6lzernes Tor hindurch auf einem engen Feldweg fort. Fahren Sie mit dem Auto jedoch nur dann weiter, wenn Sie einen Gel\u00e4ndewagen besitzen, andernfalls ist es empfehlenswert, den Weg zu Fu\u00df weiterzugehen.[\/vc_column_text][vc_empty_space height=&#8220;22px&#8220;][\/vc_column][vc_column width=&#8220;1\/2&#8243;][vc_single_image image=&#8220;3534&#8243; img_size=&#8220;full&#8220;][\/vc_column][\/vc_row][vc_row full_width=&#8220;stretch_row&#8220; css=&#8220;.vc_custom_1579792705728{padding-top: 30px !important;background-color: #e8e8e8 !important;}&#8220;][vc_column width=&#8220;1\/2&#8243;][vc_single_image image=&#8220;4201&#8243; img_size=&#8220;full&#8220; onclick=&#8220;link_image&#8220;][vc_column_text]<div class='w3eden'><!-- WPDM Link Template: Default Template -->\n\n<div class=\"link-template-default card mb-2\">\n    <div class=\"card-body\">\n        <div class=\"media\">\n            <div class=\"mr-3 img-48\"><img decoding=\"async\" class=\"wpdm_icon\" alt=\"Icon\" src=\"https:\/\/www.santateresagalluraturismo.com\/wp-content\/plugins\/download-manager\/assets\/file-type-icons\/pdf.svg\" \/><\/div>\n            <div class=\"media-body\">\n                <h3 class=\"package-title\"><a href='https:\/\/www.santateresagalluraturismo.com\/de\/download\/carta-del-territorio-stg\/'>Carta del Territorio Santa Teresa Gallura<\/a><\/h3>\n                <div class=\"text-muted text-small\"><i class=\"fas fa-copy\"><\/i> 1 Datei(en) <i class=\"fas fa-hdd ml-3\"><\/i> 21.92 MB<\/div>\n            <\/div>\n            <div class=\"ml-3\">\n                <a class='wpdm-download-link download-on-click btn btn-primary ' rel='nofollow' href='#' data-downloadurl=\"https:\/\/www.santateresagalluraturismo.com\/de\/download\/carta-del-territorio-stg\/?wpdmdl=4006&refresh=69e2ffd50cd021776484309\">Download<\/a>\n            <\/div>\n        <\/div>\n    <\/div>\n<\/div>\n\n<\/div>[\/vc_column_text][\/vc_column][vc_column width=&#8220;1\/2&#8243;][vc_single_image image=&#8220;4196&#8243; img_size=&#8220;full&#8220; onclick=&#8220;link_image&#8220;][vc_column_text]<div class='w3eden'><!-- WPDM Link Template: Default Template -->\n\n<div class=\"link-template-default card mb-2\">\n    <div class=\"card-body\">\n        <div class=\"media\">\n            <div class=\"mr-3 img-48\"><img decoding=\"async\" class=\"wpdm_icon\" alt=\"Icon\" src=\"https:\/\/www.santateresagalluraturismo.com\/wp-content\/plugins\/download-manager\/assets\/file-type-icons\/pdf.svg\" \/><\/div>\n            <div class=\"media-body\">\n                <h3 class=\"package-title\"><a href='https:\/\/www.santateresagalluraturismo.com\/de\/download\/strassenverzeichnis-von-santa-teresa-gallura\/'>Strassenverzeichnis von Santa Teresa Gallura<\/a><\/h3>\n                <div class=\"text-muted text-small\"><i class=\"fas fa-copy\"><\/i> 1 Datei(en) <i class=\"fas fa-hdd ml-3\"><\/i> 10.95 MB<\/div>\n            <\/div>\n            <div class=\"ml-3\">\n                <a class='wpdm-download-link download-on-click btn btn-primary ' rel='nofollow' href='#' data-downloadurl=\"https:\/\/www.santateresagalluraturismo.com\/de\/download\/strassenverzeichnis-von-santa-teresa-gallura\/?wpdmdl=5109&refresh=69e2ffd50f13c1776484309\">Download<\/a>\n            <\/div>\n        <\/div>\n    <\/div>\n<\/div>\n\n<\/div>[\/vc_column_text][\/vc_column][\/vc_row]<\/p>\n<\/div>","protected":false},"excerpt":{"rendered":"<p>[vc_row bg_type=&#8220;image&#8220; parallax_style=&#8220;vcpb-default&#8220; bg_image_new=&#8220;id^5959|url^https:\/\/www.santateresagalluraturismo.com\/wp-content\/uploads\/2020\/05\/PERCORSI-BITO.jpg|caption^null|alt^null|title^PERCORSI-BITO|description^null&#8220; bg_image_repeat=&#8220;no-repeat&#8220; bg_img_attach=&#8220;fixed&#8220; bg_override=&#8220;ex-full&#8220; enable_overlay=&#8220;enable_overlay_value&#8220; overlay_color=&#8220;rgba(0,0,0,0.41)&#8220; type=&#8220;vc_default&#8220; css=&#8220;.vc_custom_1589738560185{padding-top: 20% !important;padding-bottom: 20% !important;}&#8220;][vc_column css=&#8220;.vc_custom_1492694838569{padding-top: 6% !important;padding-bottom: 6% !important;}&#8220; offset=&#8220;vc_col-lg-offset-2 vc_col-lg-8 vc_col-md-offset-1 vc_col-md-10 vc_col-sm-offset-0&#8243;][\/vc_column][\/vc_row][vc_row equal_height=&#8220;yes&#8220; type=&#8220;vc_default&#8220; css=&#8220;.vc_custom_1492758885864{padding-top: 100px !important;padding-bottom: 50px !important;}&#8220;][vc_column width=&#8220;1\/2&#8243; css=&#8220;.vc_custom_1578215197353{padding-bottom: 50px !important;}&#8220; offset=&#8220;vc_col-lg-6 vc_col-md-6&#8243;][vc_column_text]Der \u201cParkPunta Contessa\u201d befindet sich im Gebiet der Gemeinde Santa Teresa Gallura, und wird mit seinen 101.9890 Ha&hellip;<\/p>\n","protected":false},"author":1,"featured_media":0,"parent":0,"menu_order":0,"comment_status":"closed","ping_status":"closed","template":"","meta":{"_acf_changed":false},"class_list":["post-5122","page","type-page","status-publish","hentry","description-off"],"acf":[],"yoast_head":"<!-- This site is optimized with the Yoast SEO plugin v25.3 - https:\/\/yoast.com\/wordpress\/plugins\/seo\/ -->\n<title>Die Naturpfade - Santa Teresa Gallura Turismo<\/title>\n<meta name=\"robots\" content=\"index, follow, max-snippet:-1, max-image-preview:large, max-video-preview:-1\" \/>\n<link rel=\"canonical\" href=\"https:\/\/www.santateresagalluraturismo.com\/de\/die-naturpfade\/\" \/>\n<meta property=\"og:locale\" content=\"de_DE\" \/>\n<meta property=\"og:type\" content=\"article\" \/>\n<meta property=\"og:title\" content=\"Die Naturpfade - Santa Teresa Gallura Turismo\" \/>\n<meta property=\"og:description\" content=\"[vc_row bg_type=&#8220;image&#8220; parallax_style=&#8220;vcpb-default&#8220; bg_image_new=&#8220;id^5959|url^https:\/\/www.santateresagalluraturismo.com\/wp-content\/uploads\/2020\/05\/PERCORSI-BITO.jpg|caption^null|alt^null|title^PERCORSI-BITO|description^null&#8220; bg_image_repeat=&#8220;no-repeat&#8220; bg_img_attach=&#8220;fixed&#8220; bg_override=&#8220;ex-full&#8220; enable_overlay=&#8220;enable_overlay_value&#8220; overlay_color=&#8220;rgba(0,0,0,0.41)&#8220; type=&#8220;vc_default&#8220; css=&#8220;.vc_custom_1589738560185{padding-top: 20% !important;padding-bottom: 20% !important;}&#8220;][vc_column css=&#8220;.vc_custom_1492694838569{padding-top: 6% !important;padding-bottom: 6% !important;}&#8220; offset=&#8220;vc_col-lg-offset-2 vc_col-lg-8 vc_col-md-offset-1 vc_col-md-10 vc_col-sm-offset-0&#8243;][\/vc_column][\/vc_row][vc_row equal_height=&#8220;yes&#8220; type=&#8220;vc_default&#8220; css=&#8220;.vc_custom_1492758885864{padding-top: 100px !important;padding-bottom: 50px !important;}&#8220;][vc_column width=&#8220;1\/2&#8243; css=&#8220;.vc_custom_1578215197353{padding-bottom: 50px !important;}&#8220; offset=&#8220;vc_col-lg-6 vc_col-md-6&#8243;][vc_column_text]Der \u201cParkPunta Contessa\u201d befindet sich im Gebiet der Gemeinde Santa Teresa Gallura, und wird mit seinen 101.9890 Ha&hellip;\" \/>\n<meta property=\"og:url\" content=\"https:\/\/www.santateresagalluraturismo.com\/de\/die-naturpfade\/\" \/>\n<meta property=\"og:site_name\" content=\"Santa Teresa Gallura Turismo\" \/>\n<meta property=\"article:publisher\" content=\"https:\/\/www.facebook.com\/santateresagalluraturismo\/\" \/>\n<meta property=\"article:modified_time\" content=\"2020-05-17T18:02:41+00:00\" \/>\n<meta name=\"twitter:card\" content=\"summary_large_image\" \/>\n<meta name=\"twitter:label1\" content=\"Gesch\u00e4tzte Lesezeit\" \/>\n\t<meta name=\"twitter:data1\" content=\"4\u00a0Minuten\" \/>\n<script type=\"application\/ld+json\" class=\"yoast-schema-graph\">{\"@context\":\"https:\/\/schema.org\",\"@graph\":[{\"@type\":\"WebPage\",\"@id\":\"https:\/\/www.santateresagalluraturismo.com\/de\/die-naturpfade\/\",\"url\":\"https:\/\/www.santateresagalluraturismo.com\/de\/die-naturpfade\/\",\"name\":\"Die Naturpfade - Santa Teresa Gallura Turismo\",\"isPartOf\":{\"@id\":\"https:\/\/www.santateresagalluraturismo.com\/de\/#website\"},\"datePublished\":\"2020-01-09T10:40:37+00:00\",\"dateModified\":\"2020-05-17T18:02:41+00:00\",\"breadcrumb\":{\"@id\":\"https:\/\/www.santateresagalluraturismo.com\/de\/die-naturpfade\/#breadcrumb\"},\"inLanguage\":\"de\",\"potentialAction\":[{\"@type\":\"ReadAction\",\"target\":[\"https:\/\/www.santateresagalluraturismo.com\/de\/die-naturpfade\/\"]}]},{\"@type\":\"BreadcrumbList\",\"@id\":\"https:\/\/www.santateresagalluraturismo.com\/de\/die-naturpfade\/#breadcrumb\",\"itemListElement\":[{\"@type\":\"ListItem\",\"position\":1,\"name\":\"Home\",\"item\":\"https:\/\/www.santateresagalluraturismo.com\/de\/\"},{\"@type\":\"ListItem\",\"position\":2,\"name\":\"Die Naturpfade\"}]},{\"@type\":\"WebSite\",\"@id\":\"https:\/\/www.santateresagalluraturismo.com\/de\/#website\",\"url\":\"https:\/\/www.santateresagalluraturismo.com\/de\/\",\"name\":\"Santa Teresa Gallura Turismo\",\"description\":\"\",\"publisher\":{\"@id\":\"https:\/\/www.santateresagalluraturismo.com\/de\/#organization\"},\"potentialAction\":[{\"@type\":\"SearchAction\",\"target\":{\"@type\":\"EntryPoint\",\"urlTemplate\":\"https:\/\/www.santateresagalluraturismo.com\/de\/?s={search_term_string}\"},\"query-input\":{\"@type\":\"PropertyValueSpecification\",\"valueRequired\":true,\"valueName\":\"search_term_string\"}}],\"inLanguage\":\"de\"},{\"@type\":\"Organization\",\"@id\":\"https:\/\/www.santateresagalluraturismo.com\/de\/#organization\",\"name\":\"Santa Teresa Gallura Turismo\",\"url\":\"https:\/\/www.santateresagalluraturismo.com\/de\/\",\"logo\":{\"@type\":\"ImageObject\",\"inLanguage\":\"de\",\"@id\":\"https:\/\/www.santateresagalluraturismo.com\/de\/#\/schema\/logo\/image\/\",\"url\":\"https:\/\/www.santateresagalluraturismo.com\/wp-content\/uploads\/2019\/12\/logo300px.png\",\"contentUrl\":\"https:\/\/www.santateresagalluraturismo.com\/wp-content\/uploads\/2019\/12\/logo300px.png\",\"width\":300,\"height\":102,\"caption\":\"Santa Teresa Gallura Turismo\"},\"image\":{\"@id\":\"https:\/\/www.santateresagalluraturismo.com\/de\/#\/schema\/logo\/image\/\"},\"sameAs\":[\"https:\/\/www.facebook.com\/santateresagalluraturismo\/\",\"https:\/\/www.instagram.com\/santateresagalluraturismo\/\"]}]}<\/script>\n<!-- \/ Yoast SEO plugin. -->","yoast_head_json":{"title":"Die Naturpfade - Santa Teresa Gallura Turismo","robots":{"index":"index","follow":"follow","max-snippet":"max-snippet:-1","max-image-preview":"max-image-preview:large","max-video-preview":"max-video-preview:-1"},"canonical":"https:\/\/www.santateresagalluraturismo.com\/de\/die-naturpfade\/","og_locale":"de_DE","og_type":"article","og_title":"Die Naturpfade - Santa Teresa Gallura Turismo","og_description":"[vc_row bg_type=&#8220;image&#8220; parallax_style=&#8220;vcpb-default&#8220; bg_image_new=&#8220;id^5959|url^https:\/\/www.santateresagalluraturismo.com\/wp-content\/uploads\/2020\/05\/PERCORSI-BITO.jpg|caption^null|alt^null|title^PERCORSI-BITO|description^null&#8220; bg_image_repeat=&#8220;no-repeat&#8220; bg_img_attach=&#8220;fixed&#8220; bg_override=&#8220;ex-full&#8220; enable_overlay=&#8220;enable_overlay_value&#8220; overlay_color=&#8220;rgba(0,0,0,0.41)&#8220; type=&#8220;vc_default&#8220; css=&#8220;.vc_custom_1589738560185{padding-top: 20% !important;padding-bottom: 20% !important;}&#8220;][vc_column css=&#8220;.vc_custom_1492694838569{padding-top: 6% !important;padding-bottom: 6% !important;}&#8220; offset=&#8220;vc_col-lg-offset-2 vc_col-lg-8 vc_col-md-offset-1 vc_col-md-10 vc_col-sm-offset-0&#8243;][\/vc_column][\/vc_row][vc_row equal_height=&#8220;yes&#8220; type=&#8220;vc_default&#8220; css=&#8220;.vc_custom_1492758885864{padding-top: 100px !important;padding-bottom: 50px !important;}&#8220;][vc_column width=&#8220;1\/2&#8243; css=&#8220;.vc_custom_1578215197353{padding-bottom: 50px !important;}&#8220; offset=&#8220;vc_col-lg-6 vc_col-md-6&#8243;][vc_column_text]Der \u201cParkPunta Contessa\u201d befindet sich im Gebiet der Gemeinde Santa Teresa Gallura, und wird mit seinen 101.9890 Ha&hellip;","og_url":"https:\/\/www.santateresagalluraturismo.com\/de\/die-naturpfade\/","og_site_name":"Santa Teresa Gallura Turismo","article_publisher":"https:\/\/www.facebook.com\/santateresagalluraturismo\/","article_modified_time":"2020-05-17T18:02:41+00:00","twitter_card":"summary_large_image","twitter_misc":{"Gesch\u00e4tzte Lesezeit":"4\u00a0Minuten"},"schema":{"@context":"https:\/\/schema.org","@graph":[{"@type":"WebPage","@id":"https:\/\/www.santateresagalluraturismo.com\/de\/die-naturpfade\/","url":"https:\/\/www.santateresagalluraturismo.com\/de\/die-naturpfade\/","name":"Die Naturpfade - Santa Teresa Gallura Turismo","isPartOf":{"@id":"https:\/\/www.santateresagalluraturismo.com\/de\/#website"},"datePublished":"2020-01-09T10:40:37+00:00","dateModified":"2020-05-17T18:02:41+00:00","breadcrumb":{"@id":"https:\/\/www.santateresagalluraturismo.com\/de\/die-naturpfade\/#breadcrumb"},"inLanguage":"de","potentialAction":[{"@type":"ReadAction","target":["https:\/\/www.santateresagalluraturismo.com\/de\/die-naturpfade\/"]}]},{"@type":"BreadcrumbList","@id":"https:\/\/www.santateresagalluraturismo.com\/de\/die-naturpfade\/#breadcrumb","itemListElement":[{"@type":"ListItem","position":1,"name":"Home","item":"https:\/\/www.santateresagalluraturismo.com\/de\/"},{"@type":"ListItem","position":2,"name":"Die Naturpfade"}]},{"@type":"WebSite","@id":"https:\/\/www.santateresagalluraturismo.com\/de\/#website","url":"https:\/\/www.santateresagalluraturismo.com\/de\/","name":"Santa Teresa Gallura Turismo","description":"","publisher":{"@id":"https:\/\/www.santateresagalluraturismo.com\/de\/#organization"},"potentialAction":[{"@type":"SearchAction","target":{"@type":"EntryPoint","urlTemplate":"https:\/\/www.santateresagalluraturismo.com\/de\/?s={search_term_string}"},"query-input":{"@type":"PropertyValueSpecification","valueRequired":true,"valueName":"search_term_string"}}],"inLanguage":"de"},{"@type":"Organization","@id":"https:\/\/www.santateresagalluraturismo.com\/de\/#organization","name":"Santa Teresa Gallura Turismo","url":"https:\/\/www.santateresagalluraturismo.com\/de\/","logo":{"@type":"ImageObject","inLanguage":"de","@id":"https:\/\/www.santateresagalluraturismo.com\/de\/#\/schema\/logo\/image\/","url":"https:\/\/www.santateresagalluraturismo.com\/wp-content\/uploads\/2019\/12\/logo300px.png","contentUrl":"https:\/\/www.santateresagalluraturismo.com\/wp-content\/uploads\/2019\/12\/logo300px.png","width":300,"height":102,"caption":"Santa Teresa Gallura Turismo"},"image":{"@id":"https:\/\/www.santateresagalluraturismo.com\/de\/#\/schema\/logo\/image\/"},"sameAs":["https:\/\/www.facebook.com\/santateresagalluraturismo\/","https:\/\/www.instagram.com\/santateresagalluraturismo\/"]}]}},"_links":{"self":[{"href":"https:\/\/www.santateresagalluraturismo.com\/de\/wp-json\/wp\/v2\/pages\/5122","targetHints":{"allow":["GET"]}}],"collection":[{"href":"https:\/\/www.santateresagalluraturismo.com\/de\/wp-json\/wp\/v2\/pages"}],"about":[{"href":"https:\/\/www.santateresagalluraturismo.com\/de\/wp-json\/wp\/v2\/types\/page"}],"author":[{"embeddable":true,"href":"https:\/\/www.santateresagalluraturismo.com\/de\/wp-json\/wp\/v2\/users\/1"}],"replies":[{"embeddable":true,"href":"https:\/\/www.santateresagalluraturismo.com\/de\/wp-json\/wp\/v2\/comments?post=5122"}],"version-history":[{"count":3,"href":"https:\/\/www.santateresagalluraturismo.com\/de\/wp-json\/wp\/v2\/pages\/5122\/revisions"}],"predecessor-version":[{"id":5964,"href":"https:\/\/www.santateresagalluraturismo.com\/de\/wp-json\/wp\/v2\/pages\/5122\/revisions\/5964"}],"wp:attachment":[{"href":"https:\/\/www.santateresagalluraturismo.com\/de\/wp-json\/wp\/v2\/media?parent=5122"}],"curies":[{"name":"wp","href":"https:\/\/api.w.org\/{rel}","templated":true}]}}