{"id":5105,"date":"2020-01-08T18:38:59","date_gmt":"2020-01-08T18:38:59","guid":{"rendered":"https:\/\/www.santateresagalluraturismo.com\/il-paese\/"},"modified":"2025-08-30T10:26:53","modified_gmt":"2025-08-30T10:26:53","slug":"der-ort","status":"publish","type":"page","link":"https:\/\/www.santateresagalluraturismo.com\/de\/der-ort\/","title":{"rendered":"Der Ort"},"content":{"rendered":"<div class=\"wpb-content-wrapper\"><p>[vc_row bg_type=&#8220;image&#8220; parallax_style=&#8220;vcpb-default&#8220; bg_image_new=&#8220;id^5939|url^https:\/\/www.santateresagalluraturismo.com\/wp-content\/uploads\/2020\/05\/PAESE-BITO.jpg|caption^null|alt^null|title^PAESE-BITO|description^null&#8220; bg_image_repeat=&#8220;no-repeat&#8220; bg_img_attach=&#8220;fixed&#8220; bg_override=&#8220;ex-full&#8220; enable_overlay=&#8220;enable_overlay_value&#8220; overlay_color=&#8220;rgba(0,0,0,0.41)&#8220; type=&#8220;vc_default&#8220; css=&#8220;.vc_custom_1589738225368{padding-top: 20% !important;padding-bottom: 20% !important;}&#8220;][vc_column css=&#8220;.vc_custom_1492694838569{padding-top: 6% !important;padding-bottom: 6% !important;}&#8220; offset=&#8220;vc_col-lg-offset-2 vc_col-lg-8 vc_col-md-offset-1 vc_col-md-10 vc_col-sm-offset-0&#8243;]<div id=\"ultimate-heading-460269e2feb5b8c75\" class=\"uvc-heading ult-adjust-bottom-margin ultimate-heading-460269e2feb5b8c75 uvc-5552 \" data-hspacer=\"no_spacer\"  data-halign=\"center\" style=\"text-align:center\"><div class=\"uvc-heading-spacer no_spacer\" style=\"top\"><\/div><div class=\"uvc-main-heading ult-responsive\"  data-ultimate-target='.uvc-heading.ultimate-heading-460269e2feb5b8c75 h2'  data-responsive-json-new='{\"font-size\":\"desktop:70px;tablet:50px;tablet_portrait:40px;mobile_landscape:28px;\",\"line-height\":\"desktop:80px;tablet:60px;tablet_portrait:50px;mobile_landscape:38px;\"}' ><h2 style=\"font-weight:bold;color:#ffffff;margin-bottom:30px;\">Santa Teresa Gallura<\/h2><\/div><div class=\"uvc-sub-heading ult-responsive\"  data-ultimate-target='.uvc-heading.ultimate-heading-460269e2feb5b8c75 .uvc-sub-heading '  data-responsive-json-new='{\"font-size\":\"desktop:28px;mobile_landscape:18px;\",\"line-height\":\"desktop:38px;mobile_landscape:28px;\"}'  style=\"font-family:&#039;Roboto Slab&#039;;font-weight:700;color:#ffffff;\">Der Ort<\/div><\/div>[\/vc_column][\/vc_row][vc_row equal_height=&#8220;yes&#8220; type=&#8220;vc_default&#8220; css=&#8220;.vc_custom_1580291810452{padding-bottom: 15px !important;background-color: #f7f7f7 !important;}&#8220; el_id=&#8220;frazioni&#8220;][vc_column width=&#8220;1\/2&#8243; css=&#8220;.vc_custom_1579791688206{padding-top: 30px !important;}&#8220;][vc_column_text]Schlendern Sie durch die Stra\u00dfen der Ortes und besuchen Sie die Pfarrkirche San Vittorio aus dem XIX. Jahrhundert, den Strand mit der Blauen Flagge seit 1987 \u201eRena Bianca\u201d, den spanischen Turm von Longonsardo, Punta Bechi und La Madonna \u201eStella Maris\u201d, eine Skulptur\u00a0 von Maria Scano, in der N\u00e4he des Turmes, das Kirchlein Santa Lucia, das auf dem H\u00fcgel vor dem Eingang zum Handelshafen gelegen ist. Nicht zu vergessen sind der Touristenhafen von Longonsardo, mit den Ruinen der Burg von Arborea und der Ausblick vom Kirchlein San Diego.<\/p>\n<p>Der Touristenhafen, der bereits in r\u00f6mischer Epoche unter dem Namen Longonis bekannt war, ist vor den Winden gut gesch\u00fctzt und einer der bestausgestatteten H\u00e4fen von Nordsardinien. Die Via del Porto hinaufgehend und nach links abbiegend erreichen Sie in der N\u00e4he der Piazza Bruno Modesto das Kriegerdenkmal des K\u00fcnstlers Maria Scano und die Skulptur von Pinuccio Sciola \u201eDie Geschichte der Zeit\u201d. In Richtung Zentrum, die Via Carlo Alberto entlanggehend, erreichen Sie die Piazza Vittorio Emanuele I und die Via XX Settembre, auf denen, w\u00e4hrend der Sommersaison, der kunsthandwerkliche Markt und die Hauptveranstaltungen stattfinden.[\/vc_column_text][vc_empty_space height=&#8220;22px&#8220;][\/vc_column][vc_column width=&#8220;1\/2&#8243; css=&#8220;.vc_custom_1579791693929{padding-top: 30px !important;}&#8220;][vc_media_grid grid_id=&#8220;vc_gid:1756549477195-65f8688f-727d-0&#8243; include=&#8220;3994,3989,3984,3979,3974,3969,3964,3959,4216&#8243;][\/vc_column][\/vc_row][vc_row full_width=&#8220;stretch_row&#8220; equal_height=&#8220;yes&#8220; type=&#8220;vc_default&#8220; css=&#8220;.vc_custom_1578565845114{padding-top: 100px !important;padding-bottom: 50px !important;background-color: #ffffff !important;}&#8220; el_id=&#8220;porto&#8220;][vc_column width=&#8220;1\/2&#8243; css=&#8220;.vc_custom_1580291885525{padding-top: 15px !important;padding-bottom: 15px !important;}&#8220; offset=&#8220;vc_col-lg-6 vc_col-md-6&#8243;]<div id=\"ultimate-heading-148069e2feb5b8cdd\" class=\"uvc-heading ult-adjust-bottom-margin ultimate-heading-148069e2feb5b8cdd uvc-6152 \" data-hspacer=\"no_spacer\"  data-halign=\"left\" style=\"text-align:left\"><div class=\"uvc-heading-spacer no_spacer\" style=\"top\"><\/div><div class=\"uvc-main-heading ult-responsive\"  data-ultimate-target='.uvc-heading.ultimate-heading-148069e2feb5b8cdd h2'  data-responsive-json-new='{\"font-size\":\"desktop:36px;\",\"line-height\":\"desktop:46px;\"}' ><h2 style=\"font-weight:bold;margin-bottom:25px;\">DER HAFEN<\/h2><\/div><\/div>[vc_column_text]Im <a href=\"https:\/\/portosantateresa.com\/en\/\" target=\"_blank\" rel=\"noopener noreferrer\"><strong>Hafen von Longonsardo<\/strong><\/a>, welcher bereits den R\u00f6mern wegen seiner gl\u00fccklichen vor dem Mistral gesch\u00fctzten Position bekannt war, hat sich einer der bestausgestatteten Tourismus- und Handelsh\u00e4fen von Nordsardinien entwickelt, mit circa 700 Bootspl\u00e4tzen, die Boote von 30-35 Metern L\u00e4nge aufzunehmen in der Lage sind.<\/p>\n<p>Es bestehen t\u00e4gliche Verbindungen mit der nahegelegenen Korsika, die 50 Reiseminuten entfernt liegt.<\/p>\n<p>W\u00e4hrend der Sommersaison ist er der Ausgangspunkt f\u00fcr unvergessliche Ausfl\u00fcge zum La-Maddalena-Archipel und zum korsischen Archipel, und er bildet auch einen suggestiven Hintergrund f\u00fcr die \u00f6nogastronomischen und sonstigen Veranstaltungen.<\/p>\n<p>Seine langgezogene Form bildet den Ursprung des antiken Namens von Santa Teresa: Longonis.<\/p>\n<p><strong>Der Hafen von Longonsardo besitzt die blaue FEE-Flagge.<\/strong>[\/vc_column_text][\/vc_column][vc_column width=&#8220;1\/2&#8243; css=&#8220;.vc_custom_1580291932207{padding-top: 80px !important;padding-bottom: 15px !important;background-position: center !important;background-repeat: no-repeat !important;background-size: cover !important;}&#8220; offset=&#8220;vc_col-lg-6 vc_col-md-6&#8243;][vc_single_image image=&#8220;2579&#8243; img_size=&#8220;600&#215;400&#8243; onclick=&#8220;link_image&#8220;][\/vc_column][\/vc_row][vc_row][vc_column width=&#8220;1\/2&#8243;][vc_column_text]<div class='w3eden'><!-- WPDM Link Template: Default Template -->\n\n<div class=\"link-template-default card mb-2\">\n    <div class=\"card-body\">\n        <div class=\"media\">\n            <div class=\"mr-3 img-48\"><img decoding=\"async\" class=\"wpdm_icon\" alt=\"Icon\" src=\"https:\/\/www.santateresagalluraturismo.com\/wp-content\/plugins\/download-manager\/assets\/file-type-icons\/pdf.svg\" \/><\/div>\n            <div class=\"media-body\">\n                <h3 class=\"package-title\"><a href='https:\/\/www.santateresagalluraturismo.com\/de\/download\/strassenverzeichnis-von-santa-teresa-gallura\/'>Strassenverzeichnis von Santa Teresa Gallura<\/a><\/h3>\n                <div class=\"text-muted text-small\"><i class=\"fas fa-copy\"><\/i> 1 Datei(en) <i class=\"fas fa-hdd ml-3\"><\/i> 10.95 MB<\/div>\n            <\/div>\n            <div class=\"ml-3\">\n                <a class='wpdm-download-link download-on-click btn btn-primary ' rel='nofollow' href='#' data-downloadurl=\"https:\/\/www.santateresagalluraturismo.com\/de\/download\/strassenverzeichnis-von-santa-teresa-gallura\/?wpdmdl=5109&refresh=69e2feb5ba6011776484021\">Download<\/a>\n            <\/div>\n        <\/div>\n    <\/div>\n<\/div>\n\n<\/div>[\/vc_column_text][\/vc_column][vc_column width=&#8220;1\/2&#8243;][\/vc_column][\/vc_row]<\/p>\n<\/div>","protected":false},"excerpt":{"rendered":"<p>[vc_row bg_type=&#8220;image&#8220; parallax_style=&#8220;vcpb-default&#8220; bg_image_new=&#8220;id^5939|url^https:\/\/www.santateresagalluraturismo.com\/wp-content\/uploads\/2020\/05\/PAESE-BITO.jpg|caption^null|alt^null|title^PAESE-BITO|description^null&#8220; bg_image_repeat=&#8220;no-repeat&#8220; bg_img_attach=&#8220;fixed&#8220; bg_override=&#8220;ex-full&#8220; enable_overlay=&#8220;enable_overlay_value&#8220; overlay_color=&#8220;rgba(0,0,0,0.41)&#8220; type=&#8220;vc_default&#8220; css=&#8220;.vc_custom_1589738225368{padding-top: 20% !important;padding-bottom: 20% !important;}&#8220;][vc_column css=&#8220;.vc_custom_1492694838569{padding-top: 6% !important;padding-bottom: 6% !important;}&#8220; offset=&#8220;vc_col-lg-offset-2 vc_col-lg-8 vc_col-md-offset-1 vc_col-md-10 vc_col-sm-offset-0&#8243;][\/vc_column][\/vc_row][vc_row equal_height=&#8220;yes&#8220; type=&#8220;vc_default&#8220; css=&#8220;.vc_custom_1580291810452{padding-bottom: 15px !important;background-color: #f7f7f7 !important;}&#8220; el_id=&#8220;frazioni&#8220;][vc_column width=&#8220;1\/2&#8243; css=&#8220;.vc_custom_1579791688206{padding-top: 30px !important;}&#8220;][vc_column_text]Schlendern Sie durch die Stra\u00dfen der Ortes und besuchen Sie die Pfarrkirche San Vittorio aus dem XIX. Jahrhundert, den&hellip;<\/p>\n","protected":false},"author":1,"featured_media":0,"parent":0,"menu_order":0,"comment_status":"closed","ping_status":"closed","template":"","meta":{"_acf_changed":false},"class_list":["post-5105","page","type-page","status-publish","hentry","description-off"],"acf":[],"yoast_head":"<!-- This site is optimized with the Yoast SEO plugin v25.3 - https:\/\/yoast.com\/wordpress\/plugins\/seo\/ -->\n<title>Der Ort - Santa Teresa Gallura Turismo<\/title>\n<meta name=\"robots\" content=\"index, follow, max-snippet:-1, max-image-preview:large, max-video-preview:-1\" \/>\n<link rel=\"canonical\" href=\"https:\/\/www.santateresagalluraturismo.com\/de\/der-ort\/\" \/>\n<meta property=\"og:locale\" content=\"de_DE\" \/>\n<meta property=\"og:type\" content=\"article\" \/>\n<meta property=\"og:title\" content=\"Der Ort - Santa Teresa Gallura Turismo\" \/>\n<meta property=\"og:description\" content=\"[vc_row bg_type=&#8220;image&#8220; parallax_style=&#8220;vcpb-default&#8220; bg_image_new=&#8220;id^5939|url^https:\/\/www.santateresagalluraturismo.com\/wp-content\/uploads\/2020\/05\/PAESE-BITO.jpg|caption^null|alt^null|title^PAESE-BITO|description^null&#8220; bg_image_repeat=&#8220;no-repeat&#8220; bg_img_attach=&#8220;fixed&#8220; bg_override=&#8220;ex-full&#8220; enable_overlay=&#8220;enable_overlay_value&#8220; overlay_color=&#8220;rgba(0,0,0,0.41)&#8220; type=&#8220;vc_default&#8220; css=&#8220;.vc_custom_1589738225368{padding-top: 20% !important;padding-bottom: 20% !important;}&#8220;][vc_column css=&#8220;.vc_custom_1492694838569{padding-top: 6% !important;padding-bottom: 6% !important;}&#8220; offset=&#8220;vc_col-lg-offset-2 vc_col-lg-8 vc_col-md-offset-1 vc_col-md-10 vc_col-sm-offset-0&#8243;][\/vc_column][\/vc_row][vc_row equal_height=&#8220;yes&#8220; type=&#8220;vc_default&#8220; css=&#8220;.vc_custom_1580291810452{padding-bottom: 15px !important;background-color: #f7f7f7 !important;}&#8220; el_id=&#8220;frazioni&#8220;][vc_column width=&#8220;1\/2&#8243; css=&#8220;.vc_custom_1579791688206{padding-top: 30px !important;}&#8220;][vc_column_text]Schlendern Sie durch die Stra\u00dfen der Ortes und besuchen Sie die Pfarrkirche San Vittorio aus dem XIX. Jahrhundert, den&hellip;\" \/>\n<meta property=\"og:url\" content=\"https:\/\/www.santateresagalluraturismo.com\/de\/der-ort\/\" \/>\n<meta property=\"og:site_name\" content=\"Santa Teresa Gallura Turismo\" \/>\n<meta property=\"article:publisher\" content=\"https:\/\/www.facebook.com\/santateresagalluraturismo\/\" \/>\n<meta property=\"article:modified_time\" content=\"2025-08-30T10:26:53+00:00\" \/>\n<meta name=\"twitter:card\" content=\"summary_large_image\" \/>\n<meta name=\"twitter:label1\" content=\"Gesch\u00e4tzte Lesezeit\" \/>\n\t<meta name=\"twitter:data1\" content=\"5\u00a0Minuten\" \/>\n<script type=\"application\/ld+json\" class=\"yoast-schema-graph\">{\"@context\":\"https:\/\/schema.org\",\"@graph\":[{\"@type\":\"WebPage\",\"@id\":\"https:\/\/www.santateresagalluraturismo.com\/de\/der-ort\/\",\"url\":\"https:\/\/www.santateresagalluraturismo.com\/de\/der-ort\/\",\"name\":\"Der Ort - Santa Teresa Gallura Turismo\",\"isPartOf\":{\"@id\":\"https:\/\/www.santateresagalluraturismo.com\/de\/#website\"},\"datePublished\":\"2020-01-08T18:38:59+00:00\",\"dateModified\":\"2025-08-30T10:26:53+00:00\",\"breadcrumb\":{\"@id\":\"https:\/\/www.santateresagalluraturismo.com\/de\/der-ort\/#breadcrumb\"},\"inLanguage\":\"de\",\"potentialAction\":[{\"@type\":\"ReadAction\",\"target\":[\"https:\/\/www.santateresagalluraturismo.com\/de\/der-ort\/\"]}]},{\"@type\":\"BreadcrumbList\",\"@id\":\"https:\/\/www.santateresagalluraturismo.com\/de\/der-ort\/#breadcrumb\",\"itemListElement\":[{\"@type\":\"ListItem\",\"position\":1,\"name\":\"Home\",\"item\":\"https:\/\/www.santateresagalluraturismo.com\/de\/\"},{\"@type\":\"ListItem\",\"position\":2,\"name\":\"Der Ort\"}]},{\"@type\":\"WebSite\",\"@id\":\"https:\/\/www.santateresagalluraturismo.com\/de\/#website\",\"url\":\"https:\/\/www.santateresagalluraturismo.com\/de\/\",\"name\":\"Santa Teresa Gallura Turismo\",\"description\":\"\",\"publisher\":{\"@id\":\"https:\/\/www.santateresagalluraturismo.com\/de\/#organization\"},\"potentialAction\":[{\"@type\":\"SearchAction\",\"target\":{\"@type\":\"EntryPoint\",\"urlTemplate\":\"https:\/\/www.santateresagalluraturismo.com\/de\/?s={search_term_string}\"},\"query-input\":{\"@type\":\"PropertyValueSpecification\",\"valueRequired\":true,\"valueName\":\"search_term_string\"}}],\"inLanguage\":\"de\"},{\"@type\":\"Organization\",\"@id\":\"https:\/\/www.santateresagalluraturismo.com\/de\/#organization\",\"name\":\"Santa Teresa Gallura Turismo\",\"url\":\"https:\/\/www.santateresagalluraturismo.com\/de\/\",\"logo\":{\"@type\":\"ImageObject\",\"inLanguage\":\"de\",\"@id\":\"https:\/\/www.santateresagalluraturismo.com\/de\/#\/schema\/logo\/image\/\",\"url\":\"https:\/\/www.santateresagalluraturismo.com\/wp-content\/uploads\/2019\/12\/logo300px.png\",\"contentUrl\":\"https:\/\/www.santateresagalluraturismo.com\/wp-content\/uploads\/2019\/12\/logo300px.png\",\"width\":300,\"height\":102,\"caption\":\"Santa Teresa Gallura Turismo\"},\"image\":{\"@id\":\"https:\/\/www.santateresagalluraturismo.com\/de\/#\/schema\/logo\/image\/\"},\"sameAs\":[\"https:\/\/www.facebook.com\/santateresagalluraturismo\/\",\"https:\/\/www.instagram.com\/santateresagalluraturismo\/\"]}]}<\/script>\n<!-- \/ Yoast SEO plugin. -->","yoast_head_json":{"title":"Der Ort - Santa Teresa Gallura Turismo","robots":{"index":"index","follow":"follow","max-snippet":"max-snippet:-1","max-image-preview":"max-image-preview:large","max-video-preview":"max-video-preview:-1"},"canonical":"https:\/\/www.santateresagalluraturismo.com\/de\/der-ort\/","og_locale":"de_DE","og_type":"article","og_title":"Der Ort - Santa Teresa Gallura Turismo","og_description":"[vc_row bg_type=&#8220;image&#8220; parallax_style=&#8220;vcpb-default&#8220; bg_image_new=&#8220;id^5939|url^https:\/\/www.santateresagalluraturismo.com\/wp-content\/uploads\/2020\/05\/PAESE-BITO.jpg|caption^null|alt^null|title^PAESE-BITO|description^null&#8220; bg_image_repeat=&#8220;no-repeat&#8220; bg_img_attach=&#8220;fixed&#8220; bg_override=&#8220;ex-full&#8220; enable_overlay=&#8220;enable_overlay_value&#8220; overlay_color=&#8220;rgba(0,0,0,0.41)&#8220; type=&#8220;vc_default&#8220; css=&#8220;.vc_custom_1589738225368{padding-top: 20% !important;padding-bottom: 20% !important;}&#8220;][vc_column css=&#8220;.vc_custom_1492694838569{padding-top: 6% !important;padding-bottom: 6% !important;}&#8220; offset=&#8220;vc_col-lg-offset-2 vc_col-lg-8 vc_col-md-offset-1 vc_col-md-10 vc_col-sm-offset-0&#8243;][\/vc_column][\/vc_row][vc_row equal_height=&#8220;yes&#8220; type=&#8220;vc_default&#8220; css=&#8220;.vc_custom_1580291810452{padding-bottom: 15px !important;background-color: #f7f7f7 !important;}&#8220; el_id=&#8220;frazioni&#8220;][vc_column width=&#8220;1\/2&#8243; css=&#8220;.vc_custom_1579791688206{padding-top: 30px !important;}&#8220;][vc_column_text]Schlendern Sie durch die Stra\u00dfen der Ortes und besuchen Sie die Pfarrkirche San Vittorio aus dem XIX. Jahrhundert, den&hellip;","og_url":"https:\/\/www.santateresagalluraturismo.com\/de\/der-ort\/","og_site_name":"Santa Teresa Gallura Turismo","article_publisher":"https:\/\/www.facebook.com\/santateresagalluraturismo\/","article_modified_time":"2025-08-30T10:26:53+00:00","twitter_card":"summary_large_image","twitter_misc":{"Gesch\u00e4tzte Lesezeit":"5\u00a0Minuten"},"schema":{"@context":"https:\/\/schema.org","@graph":[{"@type":"WebPage","@id":"https:\/\/www.santateresagalluraturismo.com\/de\/der-ort\/","url":"https:\/\/www.santateresagalluraturismo.com\/de\/der-ort\/","name":"Der Ort - Santa Teresa Gallura Turismo","isPartOf":{"@id":"https:\/\/www.santateresagalluraturismo.com\/de\/#website"},"datePublished":"2020-01-08T18:38:59+00:00","dateModified":"2025-08-30T10:26:53+00:00","breadcrumb":{"@id":"https:\/\/www.santateresagalluraturismo.com\/de\/der-ort\/#breadcrumb"},"inLanguage":"de","potentialAction":[{"@type":"ReadAction","target":["https:\/\/www.santateresagalluraturismo.com\/de\/der-ort\/"]}]},{"@type":"BreadcrumbList","@id":"https:\/\/www.santateresagalluraturismo.com\/de\/der-ort\/#breadcrumb","itemListElement":[{"@type":"ListItem","position":1,"name":"Home","item":"https:\/\/www.santateresagalluraturismo.com\/de\/"},{"@type":"ListItem","position":2,"name":"Der Ort"}]},{"@type":"WebSite","@id":"https:\/\/www.santateresagalluraturismo.com\/de\/#website","url":"https:\/\/www.santateresagalluraturismo.com\/de\/","name":"Santa Teresa Gallura Turismo","description":"","publisher":{"@id":"https:\/\/www.santateresagalluraturismo.com\/de\/#organization"},"potentialAction":[{"@type":"SearchAction","target":{"@type":"EntryPoint","urlTemplate":"https:\/\/www.santateresagalluraturismo.com\/de\/?s={search_term_string}"},"query-input":{"@type":"PropertyValueSpecification","valueRequired":true,"valueName":"search_term_string"}}],"inLanguage":"de"},{"@type":"Organization","@id":"https:\/\/www.santateresagalluraturismo.com\/de\/#organization","name":"Santa Teresa Gallura Turismo","url":"https:\/\/www.santateresagalluraturismo.com\/de\/","logo":{"@type":"ImageObject","inLanguage":"de","@id":"https:\/\/www.santateresagalluraturismo.com\/de\/#\/schema\/logo\/image\/","url":"https:\/\/www.santateresagalluraturismo.com\/wp-content\/uploads\/2019\/12\/logo300px.png","contentUrl":"https:\/\/www.santateresagalluraturismo.com\/wp-content\/uploads\/2019\/12\/logo300px.png","width":300,"height":102,"caption":"Santa Teresa Gallura Turismo"},"image":{"@id":"https:\/\/www.santateresagalluraturismo.com\/de\/#\/schema\/logo\/image\/"},"sameAs":["https:\/\/www.facebook.com\/santateresagalluraturismo\/","https:\/\/www.instagram.com\/santateresagalluraturismo\/"]}]}},"_links":{"self":[{"href":"https:\/\/www.santateresagalluraturismo.com\/de\/wp-json\/wp\/v2\/pages\/5105","targetHints":{"allow":["GET"]}}],"collection":[{"href":"https:\/\/www.santateresagalluraturismo.com\/de\/wp-json\/wp\/v2\/pages"}],"about":[{"href":"https:\/\/www.santateresagalluraturismo.com\/de\/wp-json\/wp\/v2\/types\/page"}],"author":[{"embeddable":true,"href":"https:\/\/www.santateresagalluraturismo.com\/de\/wp-json\/wp\/v2\/users\/1"}],"replies":[{"embeddable":true,"href":"https:\/\/www.santateresagalluraturismo.com\/de\/wp-json\/wp\/v2\/comments?post=5105"}],"version-history":[{"count":7,"href":"https:\/\/www.santateresagalluraturismo.com\/de\/wp-json\/wp\/v2\/pages\/5105\/revisions"}],"predecessor-version":[{"id":22489,"href":"https:\/\/www.santateresagalluraturismo.com\/de\/wp-json\/wp\/v2\/pages\/5105\/revisions\/22489"}],"wp:attachment":[{"href":"https:\/\/www.santateresagalluraturismo.com\/de\/wp-json\/wp\/v2\/media?parent=5105"}],"curies":[{"name":"wp","href":"https:\/\/api.w.org\/{rel}","templated":true}]}}