{"id":5069,"date":"2020-01-22T15:37:23","date_gmt":"2020-01-22T15:37:23","guid":{"rendered":"https:\/\/www.santateresagalluraturismo.com\/das-gebiet\/come-arrivare\/"},"modified":"2025-10-13T14:47:54","modified_gmt":"2025-10-13T14:47:54","slug":"wie-man-hinkommt","status":"publish","type":"page","link":"https:\/\/www.santateresagalluraturismo.com\/de\/das-gebiet\/wie-man-hinkommt\/","title":{"rendered":"Wie man Hinkommt"},"content":{"rendered":"<div class=\"wpb-content-wrapper\"><p>[vc_row bg_type=&#8220;image&#8220; parallax_style=&#8220;vcpb-default&#8220; bg_image_new=&#8220;id^5918|url^https:\/\/www.santateresagalluraturismo.com\/wp-content\/uploads\/2020\/05\/TRASPORTI-ACHENZA.jpg|caption^null|alt^null|title^TRASPORTI-ACHENZA|description^null&#8220; bg_image_repeat=&#8220;no-repeat&#8220; bg_img_attach=&#8220;fixed&#8220; bg_override=&#8220;ex-full&#8220; enable_overlay=&#8220;enable_overlay_value&#8220; overlay_color=&#8220;rgba(0,0,0,0.6)&#8220; type=&#8220;vc_default&#8220; css=&#8220;.vc_custom_1589737518256{padding-top: 6% !important;padding-bottom: 6% !important;}&#8220;][vc_column css=&#8220;.vc_custom_1492694838569{padding-top: 6% !important;padding-bottom: 6% !important;}&#8220; offset=&#8220;vc_col-lg-offset-2 vc_col-lg-8 vc_col-md-offset-1 vc_col-md-10 vc_col-sm-offset-0&#8243;]<div id=\"ultimate-heading-169169e2ffcd92986\" class=\"uvc-heading ult-adjust-bottom-margin ultimate-heading-169169e2ffcd92986 uvc-1317 \" data-hspacer=\"no_spacer\"  data-halign=\"center\" style=\"text-align:center\"><div class=\"uvc-heading-spacer no_spacer\" style=\"top\"><\/div><div class=\"uvc-main-heading ult-responsive\"  data-ultimate-target='.uvc-heading.ultimate-heading-169169e2ffcd92986 h2'  data-responsive-json-new='{\"font-size\":\"desktop:70px;tablet:50px;tablet_portrait:40px;mobile_landscape:28px;\",\"line-height\":\"desktop:80px;tablet:60px;tablet_portrait:50px;mobile_landscape:38px;\"}' ><h2 style=\"font-weight:bold;color:#ffffff;margin-bottom:30px;\">Santa Teresa Gallura<\/h2><\/div><div class=\"uvc-sub-heading ult-responsive\"  data-ultimate-target='.uvc-heading.ultimate-heading-169169e2ffcd92986 .uvc-sub-heading '  data-responsive-json-new='{\"font-size\":\"desktop:28px;mobile_landscape:18px;\",\"line-height\":\"desktop:38px;mobile_landscape:28px;\"}'  style=\"font-family:&#039;Roboto Slab&#039;;font-weight:700;color:#ffffff;\">Transporte<\/div><\/div>[\/vc_column][\/vc_row][vc_row equal_height=&#8220;yes&#8220; bg_type=&#8220;bg_color&#8220; bg_override=&#8220;ex-full&#8220; type=&#8220;vc_default&#8220; bg_color_value=&#8220;#f4f4f4&#8243; el_id=&#8220;come-arrivare&#8220;][vc_column width=&#8220;1\/2&#8243; css=&#8220;.vc_custom_1492764938173{padding-top: 90px !important;padding-bottom: 90px !important;}&#8220;]<div id=\"ultimate-heading-455669e2ffcd929e4\" class=\"uvc-heading ult-adjust-bottom-margin ultimate-heading-455669e2ffcd929e4 uvc-3101 accent-subtitle-color\" data-hspacer=\"no_spacer\"  data-halign=\"left\" style=\"text-align:left\"><div class=\"uvc-heading-spacer no_spacer\" style=\"top\"><\/div><div class=\"uvc-main-heading ult-responsive\"  data-ultimate-target='.uvc-heading.ultimate-heading-455669e2ffcd929e4 h2'  data-responsive-json-new='{\"font-size\":\"desktop:36px;\",\"line-height\":\"desktop:46px;\"}' ><h2 style=\"font-weight:bold;margin-bottom:10px;\">WIE MAN HINKOMMT<\/h2><\/div><div class=\"uvc-sub-heading ult-responsive\"  data-ultimate-target='.uvc-heading.ultimate-heading-455669e2ffcd929e4 .uvc-sub-heading '  data-responsive-json-new='{\"font-size\":\"desktop:22px;\",\"line-height\":\"desktop:32px;\"}'  style=\"font-family:&#039;Roboto Slab&#039;;font-weight:700;margin-bottom:25px;\"><strong>Flugzeug, F\u00e4hre und Bus<\/strong><\/div><\/div>[vc_column_text css=&#8220;.vc_custom_1583748073249{padding-bottom: 25px !important;}&#8220;]Um Santa Teresa Gallura in Sardinien zu erreichen, gibt es in der Hauptsache zwei M\u00f6glichkeiten, mit dem Flugzeug oder per Schiff. Dar\u00fcber hinaus gibt es an den Flugh\u00e4fen und H\u00e4fen Buslinien, mit denen man den Touristenort innerhalb kurzer Zeit erreichen kann.[\/vc_column_text]<div class=\"standard-arrow bullet-top\"><ul>\n<li><strong>Flugzeug<\/strong>: Der am n\u00e4chsten gelegene Flughafen ist der \u201eCosta Smeralda\u201d von Olbia, der nur 60 km von Santa Teresa Gallura entfernt ist. Auf der Westk\u00fcste ist der Flughafen Alghero Fertilia 133 km entfernt.<\/li>\n<li><strong>Schiff<\/strong>: Die Anlaufh\u00e4fen, die Santa Teresa Gallura am n\u00e4chsten gelegen sind, sind Olbia, Golfo Aranci, Porto Torres und Palau.<\/li>\n<li><strong>Bus<\/strong>: Bei den Flugh\u00e4fen und H\u00e4fen stehen Autobusse von \u00f6ffentlichen und privaten Busgesellschaften zur Verf\u00fcgung, die bis nach Santa Teresa fahren.<\/li>\n<\/ul>\n<\/div><div id=\"ultimate-heading-786569e2ffcd92a7a\" class=\"uvc-heading ult-adjust-bottom-margin ultimate-heading-786569e2ffcd92a7a uvc-8048 accent-subtitle-color\" data-hspacer=\"no_spacer\"  data-halign=\"left\" style=\"text-align:left\"><div class=\"uvc-heading-spacer no_spacer\" style=\"top\"><\/div><div class=\"uvc-main-heading ult-responsive\"  data-ultimate-target='.uvc-heading.ultimate-heading-786569e2ffcd92a7a h2'  data-responsive-json-new='{\"font-size\":\"desktop:36px;\",\"line-height\":\"desktop:46px;\"}' ><h2 style=\"font-weight:bold;margin-bottom:10px;\">WIE MAN SICH FORTBEWEGT<\/h2><\/div><\/div><div class=\"standard-arrow bullet-top\"><p>Von Santa Teresa aus kann man mit den \u00f6ffentlichen oder privaten Busdlinien verschiedene Orte Sardiniens erreichen. W\u00e4hrend der Sommersaison besteht auch ein Transportdienst zu den wichtigsten Str\u00e4nden auf teresinischem Gebiet. Zudem besteht auch die M\u00f6glichkeit von Bootsausfl\u00fcgen zu den Inseln des La-Maddalena-Archipels und denen von Korsika.<\/p>\n<p id=\"tw-target-text\" class=\"tw-data-text tw-text-large tw-ta\" dir=\"ltr\" data-placeholder=\"Traduzione\"><a href=\"https:\/\/www.santateresagalluraturismo.com\/wp-content\/uploads\/2025\/10\/ORARI-AUTOBUS-BASSA-STAGIONE-2025-26-4.png\" target=\"_blank\" rel=\"noopener\"><strong><span class=\"Y2IQFc\" lang=\"de\">F\u00dcR DIE TRANSPORTZEITEN 2025-26 KLICKEN SIE HIER<\/span><\/strong><\/a><\/p>\n<p><a href=\"https:\/\/gruppoturmotravel.com\/\">TURMOTRAVEL<\/a> TICKETS AUF DER &#8222;TURMOTRAVEL&#8220; APP<\/p>\n<p><a href=\"http:\/\/www.sardabus.it\/\">SARDABUS<\/a><\/p>\n<p><a href=\"https:\/\/www.digitur.it\/\">DIGITUR<\/a><\/p>\n<p><a href=\"https:\/\/www.moby.it\/\">MOBYLINES<\/a><\/p>\n<p><a href=\"https:\/\/ichnusalines.com\/\" target=\"_blank\" rel=\"noopener\">ICHNUSA LINES<\/a><\/p>\n<\/div>[\/vc_column][vc_column width=&#8220;1\/2&#8243; css=&#8220;.vc_custom_1579708031460{margin-right: -25% !important;padding-top: 25% !important;padding-bottom: 25% !important;background-position: center !important;background-repeat: no-repeat !important;background-size: cover !important;}&#8220;][vc_single_image image=&#8220;1910&#8243; img_size=&#8220;full&#8220; alignment=&#8220;center&#8220; onclick=&#8220;custom_link&#8220; img_link_target=&#8220;_blank&#8220; link=&#8220;https:\/\/goo.gl\/maps\/2eURVVrXCtQGsuDc8&#8243;][\/vc_column][\/vc_row]<\/p>\n<\/div>","protected":false},"excerpt":{"rendered":"<p>[vc_row bg_type=&#8220;image&#8220; parallax_style=&#8220;vcpb-default&#8220; bg_image_new=&#8220;id^5918|url^https:\/\/www.santateresagalluraturismo.com\/wp-content\/uploads\/2020\/05\/TRASPORTI-ACHENZA.jpg|caption^null|alt^null|title^TRASPORTI-ACHENZA|description^null&#8220; bg_image_repeat=&#8220;no-repeat&#8220; bg_img_attach=&#8220;fixed&#8220; bg_override=&#8220;ex-full&#8220; enable_overlay=&#8220;enable_overlay_value&#8220; overlay_color=&#8220;rgba(0,0,0,0.6)&#8220; type=&#8220;vc_default&#8220; css=&#8220;.vc_custom_1589737518256{padding-top: 6% !important;padding-bottom: 6% !important;}&#8220;][vc_column css=&#8220;.vc_custom_1492694838569{padding-top: 6% !important;padding-bottom: 6% !important;}&#8220; offset=&#8220;vc_col-lg-offset-2 vc_col-lg-8 vc_col-md-offset-1 vc_col-md-10 vc_col-sm-offset-0&#8243;][\/vc_column][\/vc_row][vc_row equal_height=&#8220;yes&#8220; bg_type=&#8220;bg_color&#8220; bg_override=&#8220;ex-full&#8220; type=&#8220;vc_default&#8220; bg_color_value=&#8220;#f4f4f4&#8243; el_id=&#8220;come-arrivare&#8220;][vc_column width=&#8220;1\/2&#8243; css=&#8220;.vc_custom_1492764938173{padding-top: 90px !important;padding-bottom: 90px !important;}&#8220;][vc_column_text css=&#8220;.vc_custom_1583748073249{padding-bottom: 25px !important;}&#8220;]Um Santa Teresa Gallura in Sardinien zu erreichen, gibt es in der Hauptsache zwei M\u00f6glichkeiten, mit&hellip;<\/p>\n","protected":false},"author":1,"featured_media":0,"parent":1898,"menu_order":0,"comment_status":"closed","ping_status":"closed","template":"","meta":{"_acf_changed":false},"class_list":["post-5069","page","type-page","status-publish","hentry","description-off"],"acf":[],"yoast_head":"<!-- This site is optimized with the Yoast SEO plugin v25.3 - https:\/\/yoast.com\/wordpress\/plugins\/seo\/ -->\n<title>Wie man Hinkommt - Santa Teresa Gallura Turismo<\/title>\n<meta name=\"robots\" content=\"index, follow, max-snippet:-1, max-image-preview:large, max-video-preview:-1\" \/>\n<link rel=\"canonical\" href=\"https:\/\/www.santateresagalluraturismo.com\/de\/das-gebiet\/wie-man-hinkommt\/\" \/>\n<meta property=\"og:locale\" content=\"de_DE\" \/>\n<meta property=\"og:type\" content=\"article\" \/>\n<meta property=\"og:title\" content=\"Wie man Hinkommt - Santa Teresa Gallura Turismo\" \/>\n<meta property=\"og:description\" content=\"[vc_row bg_type=&#8220;image&#8220; parallax_style=&#8220;vcpb-default&#8220; bg_image_new=&#8220;id^5918|url^https:\/\/www.santateresagalluraturismo.com\/wp-content\/uploads\/2020\/05\/TRASPORTI-ACHENZA.jpg|caption^null|alt^null|title^TRASPORTI-ACHENZA|description^null&#8220; bg_image_repeat=&#8220;no-repeat&#8220; bg_img_attach=&#8220;fixed&#8220; bg_override=&#8220;ex-full&#8220; enable_overlay=&#8220;enable_overlay_value&#8220; overlay_color=&#8220;rgba(0,0,0,0.6)&#8220; type=&#8220;vc_default&#8220; css=&#8220;.vc_custom_1589737518256{padding-top: 6% !important;padding-bottom: 6% !important;}&#8220;][vc_column css=&#8220;.vc_custom_1492694838569{padding-top: 6% !important;padding-bottom: 6% !important;}&#8220; offset=&#8220;vc_col-lg-offset-2 vc_col-lg-8 vc_col-md-offset-1 vc_col-md-10 vc_col-sm-offset-0&#8243;][\/vc_column][\/vc_row][vc_row equal_height=&#8220;yes&#8220; bg_type=&#8220;bg_color&#8220; bg_override=&#8220;ex-full&#8220; type=&#8220;vc_default&#8220; bg_color_value=&#8220;#f4f4f4&#8243; el_id=&#8220;come-arrivare&#8220;][vc_column width=&#8220;1\/2&#8243; css=&#8220;.vc_custom_1492764938173{padding-top: 90px !important;padding-bottom: 90px !important;}&#8220;][vc_column_text css=&#8220;.vc_custom_1583748073249{padding-bottom: 25px !important;}&#8220;]Um Santa Teresa Gallura in Sardinien zu erreichen, gibt es in der Hauptsache zwei M\u00f6glichkeiten, mit&hellip;\" \/>\n<meta property=\"og:url\" content=\"https:\/\/www.santateresagalluraturismo.com\/de\/das-gebiet\/wie-man-hinkommt\/\" \/>\n<meta property=\"og:site_name\" content=\"Santa Teresa Gallura Turismo\" \/>\n<meta property=\"article:publisher\" content=\"https:\/\/www.facebook.com\/santateresagalluraturismo\/\" \/>\n<meta property=\"article:modified_time\" content=\"2025-10-13T14:47:54+00:00\" \/>\n<meta name=\"twitter:card\" content=\"summary_large_image\" \/>\n<meta name=\"twitter:label1\" content=\"Gesch\u00e4tzte Lesezeit\" \/>\n\t<meta name=\"twitter:data1\" content=\"2\u00a0Minuten\" \/>\n<script type=\"application\/ld+json\" class=\"yoast-schema-graph\">{\"@context\":\"https:\/\/schema.org\",\"@graph\":[{\"@type\":\"WebPage\",\"@id\":\"https:\/\/www.santateresagalluraturismo.com\/de\/das-gebiet\/wie-man-hinkommt\/\",\"url\":\"https:\/\/www.santateresagalluraturismo.com\/de\/das-gebiet\/wie-man-hinkommt\/\",\"name\":\"Wie man Hinkommt - Santa Teresa Gallura Turismo\",\"isPartOf\":{\"@id\":\"https:\/\/www.santateresagalluraturismo.com\/de\/#website\"},\"datePublished\":\"2020-01-22T15:37:23+00:00\",\"dateModified\":\"2025-10-13T14:47:54+00:00\",\"breadcrumb\":{\"@id\":\"https:\/\/www.santateresagalluraturismo.com\/de\/das-gebiet\/wie-man-hinkommt\/#breadcrumb\"},\"inLanguage\":\"de\",\"potentialAction\":[{\"@type\":\"ReadAction\",\"target\":[\"https:\/\/www.santateresagalluraturismo.com\/de\/das-gebiet\/wie-man-hinkommt\/\"]}]},{\"@type\":\"BreadcrumbList\",\"@id\":\"https:\/\/www.santateresagalluraturismo.com\/de\/das-gebiet\/wie-man-hinkommt\/#breadcrumb\",\"itemListElement\":[{\"@type\":\"ListItem\",\"position\":1,\"name\":\"Home\",\"item\":\"https:\/\/www.santateresagalluraturismo.com\/de\/\"},{\"@type\":\"ListItem\",\"position\":2,\"name\":\"Das Gebiet\",\"item\":\"https:\/\/www.santateresagalluraturismo.com\/de\/das-gebiet\/\"},{\"@type\":\"ListItem\",\"position\":3,\"name\":\"Wie man Hinkommt\"}]},{\"@type\":\"WebSite\",\"@id\":\"https:\/\/www.santateresagalluraturismo.com\/de\/#website\",\"url\":\"https:\/\/www.santateresagalluraturismo.com\/de\/\",\"name\":\"Santa Teresa Gallura Turismo\",\"description\":\"\",\"publisher\":{\"@id\":\"https:\/\/www.santateresagalluraturismo.com\/de\/#organization\"},\"potentialAction\":[{\"@type\":\"SearchAction\",\"target\":{\"@type\":\"EntryPoint\",\"urlTemplate\":\"https:\/\/www.santateresagalluraturismo.com\/de\/?s={search_term_string}\"},\"query-input\":{\"@type\":\"PropertyValueSpecification\",\"valueRequired\":true,\"valueName\":\"search_term_string\"}}],\"inLanguage\":\"de\"},{\"@type\":\"Organization\",\"@id\":\"https:\/\/www.santateresagalluraturismo.com\/de\/#organization\",\"name\":\"Santa Teresa Gallura Turismo\",\"url\":\"https:\/\/www.santateresagalluraturismo.com\/de\/\",\"logo\":{\"@type\":\"ImageObject\",\"inLanguage\":\"de\",\"@id\":\"https:\/\/www.santateresagalluraturismo.com\/de\/#\/schema\/logo\/image\/\",\"url\":\"https:\/\/www.santateresagalluraturismo.com\/wp-content\/uploads\/2019\/12\/logo300px.png\",\"contentUrl\":\"https:\/\/www.santateresagalluraturismo.com\/wp-content\/uploads\/2019\/12\/logo300px.png\",\"width\":300,\"height\":102,\"caption\":\"Santa Teresa Gallura Turismo\"},\"image\":{\"@id\":\"https:\/\/www.santateresagalluraturismo.com\/de\/#\/schema\/logo\/image\/\"},\"sameAs\":[\"https:\/\/www.facebook.com\/santateresagalluraturismo\/\",\"https:\/\/www.instagram.com\/santateresagalluraturismo\/\"]}]}<\/script>\n<!-- \/ Yoast SEO plugin. -->","yoast_head_json":{"title":"Wie man Hinkommt - Santa Teresa Gallura Turismo","robots":{"index":"index","follow":"follow","max-snippet":"max-snippet:-1","max-image-preview":"max-image-preview:large","max-video-preview":"max-video-preview:-1"},"canonical":"https:\/\/www.santateresagalluraturismo.com\/de\/das-gebiet\/wie-man-hinkommt\/","og_locale":"de_DE","og_type":"article","og_title":"Wie man Hinkommt - Santa Teresa Gallura Turismo","og_description":"[vc_row bg_type=&#8220;image&#8220; parallax_style=&#8220;vcpb-default&#8220; bg_image_new=&#8220;id^5918|url^https:\/\/www.santateresagalluraturismo.com\/wp-content\/uploads\/2020\/05\/TRASPORTI-ACHENZA.jpg|caption^null|alt^null|title^TRASPORTI-ACHENZA|description^null&#8220; bg_image_repeat=&#8220;no-repeat&#8220; bg_img_attach=&#8220;fixed&#8220; bg_override=&#8220;ex-full&#8220; enable_overlay=&#8220;enable_overlay_value&#8220; overlay_color=&#8220;rgba(0,0,0,0.6)&#8220; type=&#8220;vc_default&#8220; css=&#8220;.vc_custom_1589737518256{padding-top: 6% !important;padding-bottom: 6% !important;}&#8220;][vc_column css=&#8220;.vc_custom_1492694838569{padding-top: 6% !important;padding-bottom: 6% !important;}&#8220; offset=&#8220;vc_col-lg-offset-2 vc_col-lg-8 vc_col-md-offset-1 vc_col-md-10 vc_col-sm-offset-0&#8243;][\/vc_column][\/vc_row][vc_row equal_height=&#8220;yes&#8220; bg_type=&#8220;bg_color&#8220; bg_override=&#8220;ex-full&#8220; type=&#8220;vc_default&#8220; bg_color_value=&#8220;#f4f4f4&#8243; el_id=&#8220;come-arrivare&#8220;][vc_column width=&#8220;1\/2&#8243; css=&#8220;.vc_custom_1492764938173{padding-top: 90px !important;padding-bottom: 90px !important;}&#8220;][vc_column_text css=&#8220;.vc_custom_1583748073249{padding-bottom: 25px !important;}&#8220;]Um Santa Teresa Gallura in Sardinien zu erreichen, gibt es in der Hauptsache zwei M\u00f6glichkeiten, mit&hellip;","og_url":"https:\/\/www.santateresagalluraturismo.com\/de\/das-gebiet\/wie-man-hinkommt\/","og_site_name":"Santa Teresa Gallura Turismo","article_publisher":"https:\/\/www.facebook.com\/santateresagalluraturismo\/","article_modified_time":"2025-10-13T14:47:54+00:00","twitter_card":"summary_large_image","twitter_misc":{"Gesch\u00e4tzte Lesezeit":"2\u00a0Minuten"},"schema":{"@context":"https:\/\/schema.org","@graph":[{"@type":"WebPage","@id":"https:\/\/www.santateresagalluraturismo.com\/de\/das-gebiet\/wie-man-hinkommt\/","url":"https:\/\/www.santateresagalluraturismo.com\/de\/das-gebiet\/wie-man-hinkommt\/","name":"Wie man Hinkommt - Santa Teresa Gallura Turismo","isPartOf":{"@id":"https:\/\/www.santateresagalluraturismo.com\/de\/#website"},"datePublished":"2020-01-22T15:37:23+00:00","dateModified":"2025-10-13T14:47:54+00:00","breadcrumb":{"@id":"https:\/\/www.santateresagalluraturismo.com\/de\/das-gebiet\/wie-man-hinkommt\/#breadcrumb"},"inLanguage":"de","potentialAction":[{"@type":"ReadAction","target":["https:\/\/www.santateresagalluraturismo.com\/de\/das-gebiet\/wie-man-hinkommt\/"]}]},{"@type":"BreadcrumbList","@id":"https:\/\/www.santateresagalluraturismo.com\/de\/das-gebiet\/wie-man-hinkommt\/#breadcrumb","itemListElement":[{"@type":"ListItem","position":1,"name":"Home","item":"https:\/\/www.santateresagalluraturismo.com\/de\/"},{"@type":"ListItem","position":2,"name":"Das Gebiet","item":"https:\/\/www.santateresagalluraturismo.com\/de\/das-gebiet\/"},{"@type":"ListItem","position":3,"name":"Wie man Hinkommt"}]},{"@type":"WebSite","@id":"https:\/\/www.santateresagalluraturismo.com\/de\/#website","url":"https:\/\/www.santateresagalluraturismo.com\/de\/","name":"Santa Teresa Gallura Turismo","description":"","publisher":{"@id":"https:\/\/www.santateresagalluraturismo.com\/de\/#organization"},"potentialAction":[{"@type":"SearchAction","target":{"@type":"EntryPoint","urlTemplate":"https:\/\/www.santateresagalluraturismo.com\/de\/?s={search_term_string}"},"query-input":{"@type":"PropertyValueSpecification","valueRequired":true,"valueName":"search_term_string"}}],"inLanguage":"de"},{"@type":"Organization","@id":"https:\/\/www.santateresagalluraturismo.com\/de\/#organization","name":"Santa Teresa Gallura Turismo","url":"https:\/\/www.santateresagalluraturismo.com\/de\/","logo":{"@type":"ImageObject","inLanguage":"de","@id":"https:\/\/www.santateresagalluraturismo.com\/de\/#\/schema\/logo\/image\/","url":"https:\/\/www.santateresagalluraturismo.com\/wp-content\/uploads\/2019\/12\/logo300px.png","contentUrl":"https:\/\/www.santateresagalluraturismo.com\/wp-content\/uploads\/2019\/12\/logo300px.png","width":300,"height":102,"caption":"Santa Teresa Gallura Turismo"},"image":{"@id":"https:\/\/www.santateresagalluraturismo.com\/de\/#\/schema\/logo\/image\/"},"sameAs":["https:\/\/www.facebook.com\/santateresagalluraturismo\/","https:\/\/www.instagram.com\/santateresagalluraturismo\/"]}]}},"_links":{"self":[{"href":"https:\/\/www.santateresagalluraturismo.com\/de\/wp-json\/wp\/v2\/pages\/5069","targetHints":{"allow":["GET"]}}],"collection":[{"href":"https:\/\/www.santateresagalluraturismo.com\/de\/wp-json\/wp\/v2\/pages"}],"about":[{"href":"https:\/\/www.santateresagalluraturismo.com\/de\/wp-json\/wp\/v2\/types\/page"}],"author":[{"embeddable":true,"href":"https:\/\/www.santateresagalluraturismo.com\/de\/wp-json\/wp\/v2\/users\/1"}],"replies":[{"embeddable":true,"href":"https:\/\/www.santateresagalluraturismo.com\/de\/wp-json\/wp\/v2\/comments?post=5069"}],"version-history":[{"count":30,"href":"https:\/\/www.santateresagalluraturismo.com\/de\/wp-json\/wp\/v2\/pages\/5069\/revisions"}],"predecessor-version":[{"id":23228,"href":"https:\/\/www.santateresagalluraturismo.com\/de\/wp-json\/wp\/v2\/pages\/5069\/revisions\/23228"}],"up":[{"embeddable":true,"href":"https:\/\/www.santateresagalluraturismo.com\/de\/wp-json\/wp\/v2\/pages\/1898"}],"wp:attachment":[{"href":"https:\/\/www.santateresagalluraturismo.com\/de\/wp-json\/wp\/v2\/media?parent=5069"}],"curies":[{"name":"wp","href":"https:\/\/api.w.org\/{rel}","templated":true}]}}