{"id":5065,"date":"2020-01-07T22:54:18","date_gmt":"2020-01-07T22:54:18","guid":{"rendered":"https:\/\/www.santateresagalluraturismo.com\/das-gebiet\/la-storia\/"},"modified":"2020-05-17T17:39:10","modified_gmt":"2020-05-17T17:39:10","slug":"die-geschichte","status":"publish","type":"page","link":"https:\/\/www.santateresagalluraturismo.com\/de\/das-gebiet\/die-geschichte\/","title":{"rendered":"Die Geschichte"},"content":{"rendered":"<div class=\"wpb-content-wrapper\"><p>[vc_row bg_type=&#8220;image&#8220; parallax_style=&#8220;vcpb-default&#8220; bg_image_new=&#8220;id^5908|url^https:\/\/www.santateresagalluraturismo.com\/wp-content\/uploads\/2020\/05\/COLONNE-BITO.jpg|caption^null|alt^null|title^COLONNE-BITO|description^null&#8220; bg_image_repeat=&#8220;no-repeat&#8220; bg_img_attach=&#8220;fixed&#8220; bg_override=&#8220;ex-full&#8220; enable_overlay=&#8220;enable_overlay_value&#8220; overlay_color=&#8220;rgba(0,0,0,0.6)&#8220; type=&#8220;vc_default&#8220; css=&#8220;.vc_custom_1589737147004{padding-top: 6% !important;padding-bottom: 6% !important;}&#8220;][vc_column css=&#8220;.vc_custom_1492694838569{padding-top: 6% !important;padding-bottom: 6% !important;}&#8220; offset=&#8220;vc_col-lg-offset-2 vc_col-lg-8 vc_col-md-offset-1 vc_col-md-10 vc_col-sm-offset-0&#8243;]<div id=\"ultimate-heading-285969e2ffd0f32d8\" class=\"uvc-heading ult-adjust-bottom-margin ultimate-heading-285969e2ffd0f32d8 uvc-1723 \" data-hspacer=\"no_spacer\"  data-halign=\"center\" style=\"text-align:center\"><div class=\"uvc-heading-spacer no_spacer\" style=\"top\"><\/div><div class=\"uvc-main-heading ult-responsive\"  data-ultimate-target='.uvc-heading.ultimate-heading-285969e2ffd0f32d8 h2'  data-responsive-json-new='{\"font-size\":\"desktop:70px;tablet:50px;tablet_portrait:40px;mobile_landscape:28px;\",\"line-height\":\"desktop:80px;tablet:60px;tablet_portrait:50px;mobile_landscape:38px;\"}' ><h2 style=\"font-weight:bold;color:#ffffff;margin-bottom:30px;\">Santa Teresa Gallura<\/h2><\/div><div class=\"uvc-sub-heading ult-responsive\"  data-ultimate-target='.uvc-heading.ultimate-heading-285969e2ffd0f32d8 .uvc-sub-heading '  data-responsive-json-new='{\"font-size\":\"desktop:28px;mobile_landscape:18px;\",\"line-height\":\"desktop:38px;mobile_landscape:28px;\"}'  style=\"font-family:&#039;Roboto Slab&#039;;font-weight:700;color:#ffffff;\">Die Geschichte<\/div><\/div>[\/vc_column][\/vc_row][vc_row equal_height=&#8220;yes&#8220; type=&#8220;vc_default&#8220; el_id=&#8220;storia&#8220;][vc_column width=&#8220;1\/2&#8243; css=&#8220;.vc_custom_1492764938173{padding-top: 90px !important;padding-bottom: 90px !important;}&#8220;]<div id=\"ultimate-heading-223469e2ffd0f3333\" class=\"uvc-heading ult-adjust-bottom-margin ultimate-heading-223469e2ffd0f3333 uvc-5587 accent-subtitle-color\" data-hspacer=\"no_spacer\"  data-halign=\"left\" style=\"text-align:left\"><div class=\"uvc-heading-spacer no_spacer\" style=\"top\"><\/div><div class=\"uvc-main-heading ult-responsive\"  data-ultimate-target='.uvc-heading.ultimate-heading-223469e2ffd0f3333 h2'  data-responsive-json-new='{\"font-size\":\"desktop:36px;\",\"line-height\":\"desktop:46px;\"}' ><h2 style=\"font-weight:bold;margin-bottom:10px;\">DIE GESCHICHTE<\/h2><\/div><\/div>[vc_column_text css=&#8220;.vc_custom_1583747893968{padding-bottom: 25px !important;}&#8220;]Die historischen Zeugnisse im Gebiet sind \u00e4u\u00dferst antik und reichen zur\u00fcck bis zum \u00c4neolithikum. Von besonderem Interesse sind sicherlich die Ausgrabungsst\u00e4tten von Lu Brandali (aus nuragischer Epoche, die auf das XIV.-X. Jahrh. v.Chr. zur\u00fcckgehen) und die r\u00f6mischen Steoinbr\u00fcche von Capo Testa, die \u00e4u\u00dferst antik sind, und sehr interessante anthropologische und arch\u00e4ologische Spuren hinterlassen haben. Aus dem Mittelalter stammen die \u00dcberreste der Burg von Eleonora d\u2019Arborea im Hafen, ein Zeugnis aus der Judikatszeit. Die g\u00fcnstige Position des Ortes, die sich durch Golfe und Buchten auszeichnet, die sich auch zu Landungen vom Meer aus eignen, weckte vor allen Dingen f\u00fcr milit\u00e4rische Zwecke Interesse, denn in der Tat beschloss bereits in der zweiten H\u00e4lfte des 16. Jahrhunderts K\u00f6nig Phillip II. von Spanien, den K\u00fcstenturm von Longonsardo zu errichten, ein Bau, der zusammen mit weiteren etwa hundert T\u00fcrmen, die die ganze K\u00fcste der Insel entlang verstreut sind, die Funktion der Verteidigung und der Kontrolle eventueller \u00a0feindlicher \u00dcberf\u00e4lle inne hatte. Der Name Santa Teresa Gallura entstand 1808, als der K\u00f6nig Viktor Emanuel \u00a0I. beschloss, einen Ort zu gr\u00fcnden, der seinem geliebten Turin \u00e4hnelte, und ihn zu Ehren seiner Ehefrau, der K\u00f6nigin Maria Theresia von \u00d6sterreich-Este, benannte.[\/vc_column_text][\/vc_column][vc_column width=&#8220;1\/2&#8243; css=&#8220;.vc_custom_1578301383980{padding-top: 25% !important;padding-bottom: 25% !important;background-position: center !important;background-repeat: no-repeat !important;background-size: cover !important;}&#8220;][vc_masonry_media_grid element_width=&#8220;6&#8243; grid_id=&#8220;vc_gid:1589737114060-1e3bba51-f0e0-3&#8243; include=&#8220;3924,3929,3934,3939,3944&#8243;][\/vc_column][\/vc_row]<\/p>\n<\/div>","protected":false},"excerpt":{"rendered":"<p>[vc_row bg_type=&#8220;image&#8220; parallax_style=&#8220;vcpb-default&#8220; bg_image_new=&#8220;id^5908|url^https:\/\/www.santateresagalluraturismo.com\/wp-content\/uploads\/2020\/05\/COLONNE-BITO.jpg|caption^null|alt^null|title^COLONNE-BITO|description^null&#8220; bg_image_repeat=&#8220;no-repeat&#8220; bg_img_attach=&#8220;fixed&#8220; bg_override=&#8220;ex-full&#8220; enable_overlay=&#8220;enable_overlay_value&#8220; overlay_color=&#8220;rgba(0,0,0,0.6)&#8220; type=&#8220;vc_default&#8220; css=&#8220;.vc_custom_1589737147004{padding-top: 6% !important;padding-bottom: 6% !important;}&#8220;][vc_column css=&#8220;.vc_custom_1492694838569{padding-top: 6% !important;padding-bottom: 6% !important;}&#8220; offset=&#8220;vc_col-lg-offset-2 vc_col-lg-8 vc_col-md-offset-1 vc_col-md-10 vc_col-sm-offset-0&#8243;][\/vc_column][\/vc_row][vc_row equal_height=&#8220;yes&#8220; type=&#8220;vc_default&#8220; el_id=&#8220;storia&#8220;][vc_column width=&#8220;1\/2&#8243; css=&#8220;.vc_custom_1492764938173{padding-top: 90px !important;padding-bottom: 90px !important;}&#8220;][vc_column_text css=&#8220;.vc_custom_1583747893968{padding-bottom: 25px !important;}&#8220;]Die historischen Zeugnisse im Gebiet sind \u00e4u\u00dferst antik und reichen zur\u00fcck bis zum \u00c4neolithikum. Von besonderem Interesse sind sicherlich&hellip;<\/p>\n","protected":false},"author":1,"featured_media":0,"parent":1898,"menu_order":0,"comment_status":"closed","ping_status":"closed","template":"","meta":{"_acf_changed":false},"class_list":["post-5065","page","type-page","status-publish","hentry","description-off"],"acf":[],"yoast_head":"<!-- This site is optimized with the Yoast SEO plugin v25.3 - https:\/\/yoast.com\/wordpress\/plugins\/seo\/ -->\n<title>Die Geschichte - Santa Teresa Gallura Turismo<\/title>\n<meta name=\"robots\" content=\"index, follow, max-snippet:-1, max-image-preview:large, max-video-preview:-1\" \/>\n<link rel=\"canonical\" href=\"https:\/\/www.santateresagalluraturismo.com\/de\/das-gebiet\/die-geschichte\/\" \/>\n<meta property=\"og:locale\" content=\"de_DE\" \/>\n<meta property=\"og:type\" content=\"article\" \/>\n<meta property=\"og:title\" content=\"Die Geschichte - Santa Teresa Gallura Turismo\" \/>\n<meta property=\"og:description\" content=\"[vc_row bg_type=&#8220;image&#8220; parallax_style=&#8220;vcpb-default&#8220; bg_image_new=&#8220;id^5908|url^https:\/\/www.santateresagalluraturismo.com\/wp-content\/uploads\/2020\/05\/COLONNE-BITO.jpg|caption^null|alt^null|title^COLONNE-BITO|description^null&#8220; bg_image_repeat=&#8220;no-repeat&#8220; bg_img_attach=&#8220;fixed&#8220; bg_override=&#8220;ex-full&#8220; enable_overlay=&#8220;enable_overlay_value&#8220; overlay_color=&#8220;rgba(0,0,0,0.6)&#8220; type=&#8220;vc_default&#8220; css=&#8220;.vc_custom_1589737147004{padding-top: 6% !important;padding-bottom: 6% !important;}&#8220;][vc_column css=&#8220;.vc_custom_1492694838569{padding-top: 6% !important;padding-bottom: 6% !important;}&#8220; offset=&#8220;vc_col-lg-offset-2 vc_col-lg-8 vc_col-md-offset-1 vc_col-md-10 vc_col-sm-offset-0&#8243;][\/vc_column][\/vc_row][vc_row equal_height=&#8220;yes&#8220; type=&#8220;vc_default&#8220; el_id=&#8220;storia&#8220;][vc_column width=&#8220;1\/2&#8243; css=&#8220;.vc_custom_1492764938173{padding-top: 90px !important;padding-bottom: 90px !important;}&#8220;][vc_column_text css=&#8220;.vc_custom_1583747893968{padding-bottom: 25px !important;}&#8220;]Die historischen Zeugnisse im Gebiet sind \u00e4u\u00dferst antik und reichen zur\u00fcck bis zum \u00c4neolithikum. Von besonderem Interesse sind sicherlich&hellip;\" \/>\n<meta property=\"og:url\" content=\"https:\/\/www.santateresagalluraturismo.com\/de\/das-gebiet\/die-geschichte\/\" \/>\n<meta property=\"og:site_name\" content=\"Santa Teresa Gallura Turismo\" \/>\n<meta property=\"article:publisher\" content=\"https:\/\/www.facebook.com\/santateresagalluraturismo\/\" \/>\n<meta property=\"article:modified_time\" content=\"2020-05-17T17:39:10+00:00\" \/>\n<meta name=\"twitter:card\" content=\"summary_large_image\" \/>\n<meta name=\"twitter:label1\" content=\"Gesch\u00e4tzte Lesezeit\" \/>\n\t<meta name=\"twitter:data1\" content=\"3\u00a0Minuten\" \/>\n<script type=\"application\/ld+json\" class=\"yoast-schema-graph\">{\"@context\":\"https:\/\/schema.org\",\"@graph\":[{\"@type\":\"WebPage\",\"@id\":\"https:\/\/www.santateresagalluraturismo.com\/de\/das-gebiet\/die-geschichte\/\",\"url\":\"https:\/\/www.santateresagalluraturismo.com\/de\/das-gebiet\/die-geschichte\/\",\"name\":\"Die Geschichte - Santa Teresa Gallura Turismo\",\"isPartOf\":{\"@id\":\"https:\/\/www.santateresagalluraturismo.com\/de\/#website\"},\"datePublished\":\"2020-01-07T22:54:18+00:00\",\"dateModified\":\"2020-05-17T17:39:10+00:00\",\"breadcrumb\":{\"@id\":\"https:\/\/www.santateresagalluraturismo.com\/de\/das-gebiet\/die-geschichte\/#breadcrumb\"},\"inLanguage\":\"de\",\"potentialAction\":[{\"@type\":\"ReadAction\",\"target\":[\"https:\/\/www.santateresagalluraturismo.com\/de\/das-gebiet\/die-geschichte\/\"]}]},{\"@type\":\"BreadcrumbList\",\"@id\":\"https:\/\/www.santateresagalluraturismo.com\/de\/das-gebiet\/die-geschichte\/#breadcrumb\",\"itemListElement\":[{\"@type\":\"ListItem\",\"position\":1,\"name\":\"Home\",\"item\":\"https:\/\/www.santateresagalluraturismo.com\/de\/\"},{\"@type\":\"ListItem\",\"position\":2,\"name\":\"Das Gebiet\",\"item\":\"https:\/\/www.santateresagalluraturismo.com\/de\/das-gebiet\/\"},{\"@type\":\"ListItem\",\"position\":3,\"name\":\"Die Geschichte\"}]},{\"@type\":\"WebSite\",\"@id\":\"https:\/\/www.santateresagalluraturismo.com\/de\/#website\",\"url\":\"https:\/\/www.santateresagalluraturismo.com\/de\/\",\"name\":\"Santa Teresa Gallura Turismo\",\"description\":\"\",\"publisher\":{\"@id\":\"https:\/\/www.santateresagalluraturismo.com\/de\/#organization\"},\"potentialAction\":[{\"@type\":\"SearchAction\",\"target\":{\"@type\":\"EntryPoint\",\"urlTemplate\":\"https:\/\/www.santateresagalluraturismo.com\/de\/?s={search_term_string}\"},\"query-input\":{\"@type\":\"PropertyValueSpecification\",\"valueRequired\":true,\"valueName\":\"search_term_string\"}}],\"inLanguage\":\"de\"},{\"@type\":\"Organization\",\"@id\":\"https:\/\/www.santateresagalluraturismo.com\/de\/#organization\",\"name\":\"Santa Teresa Gallura Turismo\",\"url\":\"https:\/\/www.santateresagalluraturismo.com\/de\/\",\"logo\":{\"@type\":\"ImageObject\",\"inLanguage\":\"de\",\"@id\":\"https:\/\/www.santateresagalluraturismo.com\/de\/#\/schema\/logo\/image\/\",\"url\":\"https:\/\/www.santateresagalluraturismo.com\/wp-content\/uploads\/2019\/12\/logo300px.png\",\"contentUrl\":\"https:\/\/www.santateresagalluraturismo.com\/wp-content\/uploads\/2019\/12\/logo300px.png\",\"width\":300,\"height\":102,\"caption\":\"Santa Teresa Gallura Turismo\"},\"image\":{\"@id\":\"https:\/\/www.santateresagalluraturismo.com\/de\/#\/schema\/logo\/image\/\"},\"sameAs\":[\"https:\/\/www.facebook.com\/santateresagalluraturismo\/\",\"https:\/\/www.instagram.com\/santateresagalluraturismo\/\"]}]}<\/script>\n<!-- \/ Yoast SEO plugin. -->","yoast_head_json":{"title":"Die Geschichte - Santa Teresa Gallura Turismo","robots":{"index":"index","follow":"follow","max-snippet":"max-snippet:-1","max-image-preview":"max-image-preview:large","max-video-preview":"max-video-preview:-1"},"canonical":"https:\/\/www.santateresagalluraturismo.com\/de\/das-gebiet\/die-geschichte\/","og_locale":"de_DE","og_type":"article","og_title":"Die Geschichte - Santa Teresa Gallura Turismo","og_description":"[vc_row bg_type=&#8220;image&#8220; parallax_style=&#8220;vcpb-default&#8220; bg_image_new=&#8220;id^5908|url^https:\/\/www.santateresagalluraturismo.com\/wp-content\/uploads\/2020\/05\/COLONNE-BITO.jpg|caption^null|alt^null|title^COLONNE-BITO|description^null&#8220; bg_image_repeat=&#8220;no-repeat&#8220; bg_img_attach=&#8220;fixed&#8220; bg_override=&#8220;ex-full&#8220; enable_overlay=&#8220;enable_overlay_value&#8220; overlay_color=&#8220;rgba(0,0,0,0.6)&#8220; type=&#8220;vc_default&#8220; css=&#8220;.vc_custom_1589737147004{padding-top: 6% !important;padding-bottom: 6% !important;}&#8220;][vc_column css=&#8220;.vc_custom_1492694838569{padding-top: 6% !important;padding-bottom: 6% !important;}&#8220; offset=&#8220;vc_col-lg-offset-2 vc_col-lg-8 vc_col-md-offset-1 vc_col-md-10 vc_col-sm-offset-0&#8243;][\/vc_column][\/vc_row][vc_row equal_height=&#8220;yes&#8220; type=&#8220;vc_default&#8220; el_id=&#8220;storia&#8220;][vc_column width=&#8220;1\/2&#8243; css=&#8220;.vc_custom_1492764938173{padding-top: 90px !important;padding-bottom: 90px !important;}&#8220;][vc_column_text css=&#8220;.vc_custom_1583747893968{padding-bottom: 25px !important;}&#8220;]Die historischen Zeugnisse im Gebiet sind \u00e4u\u00dferst antik und reichen zur\u00fcck bis zum \u00c4neolithikum. Von besonderem Interesse sind sicherlich&hellip;","og_url":"https:\/\/www.santateresagalluraturismo.com\/de\/das-gebiet\/die-geschichte\/","og_site_name":"Santa Teresa Gallura Turismo","article_publisher":"https:\/\/www.facebook.com\/santateresagalluraturismo\/","article_modified_time":"2020-05-17T17:39:10+00:00","twitter_card":"summary_large_image","twitter_misc":{"Gesch\u00e4tzte Lesezeit":"3\u00a0Minuten"},"schema":{"@context":"https:\/\/schema.org","@graph":[{"@type":"WebPage","@id":"https:\/\/www.santateresagalluraturismo.com\/de\/das-gebiet\/die-geschichte\/","url":"https:\/\/www.santateresagalluraturismo.com\/de\/das-gebiet\/die-geschichte\/","name":"Die Geschichte - Santa Teresa Gallura Turismo","isPartOf":{"@id":"https:\/\/www.santateresagalluraturismo.com\/de\/#website"},"datePublished":"2020-01-07T22:54:18+00:00","dateModified":"2020-05-17T17:39:10+00:00","breadcrumb":{"@id":"https:\/\/www.santateresagalluraturismo.com\/de\/das-gebiet\/die-geschichte\/#breadcrumb"},"inLanguage":"de","potentialAction":[{"@type":"ReadAction","target":["https:\/\/www.santateresagalluraturismo.com\/de\/das-gebiet\/die-geschichte\/"]}]},{"@type":"BreadcrumbList","@id":"https:\/\/www.santateresagalluraturismo.com\/de\/das-gebiet\/die-geschichte\/#breadcrumb","itemListElement":[{"@type":"ListItem","position":1,"name":"Home","item":"https:\/\/www.santateresagalluraturismo.com\/de\/"},{"@type":"ListItem","position":2,"name":"Das Gebiet","item":"https:\/\/www.santateresagalluraturismo.com\/de\/das-gebiet\/"},{"@type":"ListItem","position":3,"name":"Die Geschichte"}]},{"@type":"WebSite","@id":"https:\/\/www.santateresagalluraturismo.com\/de\/#website","url":"https:\/\/www.santateresagalluraturismo.com\/de\/","name":"Santa Teresa Gallura Turismo","description":"","publisher":{"@id":"https:\/\/www.santateresagalluraturismo.com\/de\/#organization"},"potentialAction":[{"@type":"SearchAction","target":{"@type":"EntryPoint","urlTemplate":"https:\/\/www.santateresagalluraturismo.com\/de\/?s={search_term_string}"},"query-input":{"@type":"PropertyValueSpecification","valueRequired":true,"valueName":"search_term_string"}}],"inLanguage":"de"},{"@type":"Organization","@id":"https:\/\/www.santateresagalluraturismo.com\/de\/#organization","name":"Santa Teresa Gallura Turismo","url":"https:\/\/www.santateresagalluraturismo.com\/de\/","logo":{"@type":"ImageObject","inLanguage":"de","@id":"https:\/\/www.santateresagalluraturismo.com\/de\/#\/schema\/logo\/image\/","url":"https:\/\/www.santateresagalluraturismo.com\/wp-content\/uploads\/2019\/12\/logo300px.png","contentUrl":"https:\/\/www.santateresagalluraturismo.com\/wp-content\/uploads\/2019\/12\/logo300px.png","width":300,"height":102,"caption":"Santa Teresa Gallura Turismo"},"image":{"@id":"https:\/\/www.santateresagalluraturismo.com\/de\/#\/schema\/logo\/image\/"},"sameAs":["https:\/\/www.facebook.com\/santateresagalluraturismo\/","https:\/\/www.instagram.com\/santateresagalluraturismo\/"]}]}},"_links":{"self":[{"href":"https:\/\/www.santateresagalluraturismo.com\/de\/wp-json\/wp\/v2\/pages\/5065","targetHints":{"allow":["GET"]}}],"collection":[{"href":"https:\/\/www.santateresagalluraturismo.com\/de\/wp-json\/wp\/v2\/pages"}],"about":[{"href":"https:\/\/www.santateresagalluraturismo.com\/de\/wp-json\/wp\/v2\/types\/page"}],"author":[{"embeddable":true,"href":"https:\/\/www.santateresagalluraturismo.com\/de\/wp-json\/wp\/v2\/users\/1"}],"replies":[{"embeddable":true,"href":"https:\/\/www.santateresagalluraturismo.com\/de\/wp-json\/wp\/v2\/comments?post=5065"}],"version-history":[{"count":2,"href":"https:\/\/www.santateresagalluraturismo.com\/de\/wp-json\/wp\/v2\/pages\/5065\/revisions"}],"predecessor-version":[{"id":5913,"href":"https:\/\/www.santateresagalluraturismo.com\/de\/wp-json\/wp\/v2\/pages\/5065\/revisions\/5913"}],"up":[{"embeddable":true,"href":"https:\/\/www.santateresagalluraturismo.com\/de\/wp-json\/wp\/v2\/pages\/1898"}],"wp:attachment":[{"href":"https:\/\/www.santateresagalluraturismo.com\/de\/wp-json\/wp\/v2\/media?parent=5065"}],"curies":[{"name":"wp","href":"https:\/\/api.w.org\/{rel}","templated":true}]}}