{"id":16756,"date":"2024-07-17T15:30:33","date_gmt":"2024-07-17T15:30:33","guid":{"rendered":"https:\/\/www.santateresagalluraturismo.com\/souvenir\/"},"modified":"2025-07-30T08:14:46","modified_gmt":"2025-07-30T08:14:46","slug":"souvenir","status":"publish","type":"page","link":"https:\/\/www.santateresagalluraturismo.com\/de\/souvenir\/","title":{"rendered":"Santa Teresa Gallura Sommer-Souvenirs"},"content":{"rendered":"<div class=\"wpb-content-wrapper\"><p>[vc_row bg_type=&#8220;image&#8220; parallax_style=&#8220;vcpb-default&#8220; bg_image_new=&#8220;id^16437|url^https:\/\/www.santateresagalluraturismo.com\/wp-content\/uploads\/2024\/07\/sfondo.jpg|caption^null|alt^null|title^sfondo|description^null&#8220; bg_image_repeat=&#8220;no-repeat&#8220; bg_img_attach=&#8220;fixed&#8220; bg_override=&#8220;ex-full&#8220; enable_overlay=&#8220;enable_overlay_value&#8220; overlay_color=&#8220;rgba(0,0,0,0.38)&#8220; type=&#8220;vc_default&#8220; css=&#8220;.vc_custom_1721228184183{padding-top: 6% !important;padding-bottom: 6% !important;}&#8220;][vc_column css=&#8220;.vc_custom_1492694838569{padding-top: 6% !important;padding-bottom: 6% !important;}&#8220; offset=&#8220;vc_col-lg-offset-2 vc_col-lg-8 vc_col-md-offset-1 vc_col-md-10 vc_col-sm-offset-0&#8243;]<div id=\"ultimate-heading-767569e2ffce2c935\" class=\"uvc-heading ult-adjust-bottom-margin ultimate-heading-767569e2ffce2c935 uvc-9757 \" data-hspacer=\"no_spacer\"  data-halign=\"center\" style=\"text-align:center\"><div class=\"uvc-heading-spacer no_spacer\" style=\"top\"><\/div><div class=\"uvc-main-heading ult-responsive\"  data-ultimate-target='.uvc-heading.ultimate-heading-767569e2ffce2c935 h2'  data-responsive-json-new='{\"font-size\":\"desktop:70px;tablet:50px;tablet_portrait:40px;mobile_landscape:28px;\",\"line-height\":\"desktop:80px;tablet:60px;tablet_portrait:50px;mobile_landscape:38px;\"}' ><h2 style=\"font-weight:bold;color:#ffffff;margin-bottom:30px;\">Santa Teresa Gallura Sommer-Souvenirs<\/h2><\/div><div class=\"uvc-sub-heading ult-responsive\"  data-ultimate-target='.uvc-heading.ultimate-heading-767569e2ffce2c935 .uvc-sub-heading '  data-responsive-json-new='{\"font-size\":\"desktop:28px;mobile_landscape:18px;\",\"line-height\":\"desktop:38px;mobile_landscape:28px;\"}'  style=\"font-family:&#039;Roboto Slab&#039;;font-weight:700;color:#ffffff;\"><strong>Entdecken Sie die Auswahl<\/strong><\/div><\/div>[\/vc_column][\/vc_row][vc_row equal_height=&#8220;yes&#8220; type=&#8220;vc_default&#8220; css=&#8220;.vc_custom_1580250132571{padding-top: 15px !important;padding-bottom: 15px !important;}&#8220;][vc_column width=&#8220;1\/2&#8243; offset=&#8220;vc_col-lg-6 vc_col-md-6&#8243;]<div id=\"ultimate-heading-753369e2ffce2c9a8\" class=\"uvc-heading ult-adjust-bottom-margin ultimate-heading-753369e2ffce2c9a8 uvc-2560 \" data-hspacer=\"no_spacer\"  data-halign=\"left\" style=\"text-align:left\"><div class=\"uvc-heading-spacer no_spacer\" style=\"top\"><\/div><\/div>[vc_column_text]Hier sind die <strong>Love Santa Teresa Gallura Souvenirs<\/strong>, angeboten von der Cristoforo Sozialgenossenschaft, die das Fremdenverkehrsamt leitet.<\/p>\n<p>Eine Auswahl an n\u00fctzlichen und wundersch\u00f6nen Gegenst\u00e4nden, die Sie w\u00e4hrend Ihres Urlaubs in Santa Teresa Gallura und dar\u00fcber hinaus begleiten werden.<\/p>\n<p>Damit Sie immer die Erinnerung an die Sonne, das Meer, die Geschm\u00e4cker, die D\u00fcfte und die Farben von Santa Teresa Gallura mitnehmen k\u00f6nnen.<\/p>\n<p>Lassen Sie sich verf\u00fchren!<\/p>\n<p><strong>Sie k\u00f6nnen sie direkt im Fremdenverkehrsb\u00fcro auf der Rena Bianca strand.<\/strong><\/p>\n<p>Welches gef\u00e4llt Ihnen am besten?<\/p>\n<p><strong>Das Meer ist wie Musik! Es enth\u00e4lt und erweckt alle Tr\u00e4ume der Seele. C.G. Jung<\/strong>[\/vc_column_text][vc_empty_space height=&#8220;22px&#8220;][\/vc_column][vc_column width=&#8220;1\/2&#8243; offset=&#8220;vc_col-lg-6 vc_col-md-6&#8243;]<div class=\"shortcode-single-image-wrap alignnone \" style=\"margin-top:0px; margin-bottom:0px; margin-left:0px; margin-right:0px; width:600px;\"><div class=\"shortcode-single-image\"><div class=\"fancy-media-wrap\" style=\"\"><a class=\"layzr-bg rollover rollover-zoom dt-pswp-item pswp-image\" href=\"https:\/\/www.santateresagalluraturismo.com\/wp-content\/uploads\/2024\/07\/Souvenir.png\" title=\"Souvenir\" data-dt-img-description=\"\" data-large_image_width=\"2993\" data-large_image_height = \"2069\"  style=\"\"><img loading=\"lazy\" decoding=\"async\" class=\"preload-me lazy-load\" src=\"data:image\/svg+xml,%3Csvg%20xmlns%3D&#39;http%3A%2F%2Fwww.w3.org%2F2000%2Fsvg&#39;%20viewBox%3D&#39;0%200%20600%20400&#39;%2F%3E\" data-src=\"https:\/\/www.santateresagalluraturismo.com\/wp-content\/uploads\/2024\/07\/Souvenir-600x400.png\" data-srcset=\"https:\/\/www.santateresagalluraturismo.com\/wp-content\/uploads\/2024\/07\/Souvenir-600x400.png 600w, https:\/\/www.santateresagalluraturismo.com\/wp-content\/uploads\/2024\/07\/Souvenir-1200x800.png 1200w\" width=\"600\" height=\"400\"  data-dt-location=\"https:\/\/www.santateresagalluraturismo.com\/de\/souvenir\/attachment\/souvenir-2\/\" alt=\"\" \/><\/a><\/div><\/div><\/div>[\/vc_column][\/vc_row][vc_row][vc_column][vc_empty_space][vc_media_grid gap=&#8220;10&#8243; grid_id=&#8220;vc_gid:1753863245675-d557cb02-8094-9&#8243; include=&#8220;16593,16603,16623,16613,16638,16588,16618,16538,16643&#8243;][\/vc_column][\/vc_row][vc_row][vc_column][\/vc_column][\/vc_row]<\/p>\n<\/div>","protected":false},"excerpt":{"rendered":"<p>[vc_row bg_type=&#8220;image&#8220; parallax_style=&#8220;vcpb-default&#8220; bg_image_new=&#8220;id^16437|url^https:\/\/www.santateresagalluraturismo.com\/wp-content\/uploads\/2024\/07\/sfondo.jpg|caption^null|alt^null|title^sfondo|description^null&#8220; bg_image_repeat=&#8220;no-repeat&#8220; bg_img_attach=&#8220;fixed&#8220; bg_override=&#8220;ex-full&#8220; enable_overlay=&#8220;enable_overlay_value&#8220; overlay_color=&#8220;rgba(0,0,0,0.38)&#8220; type=&#8220;vc_default&#8220; css=&#8220;.vc_custom_1721228184183{padding-top: 6% !important;padding-bottom: 6% !important;}&#8220;][vc_column css=&#8220;.vc_custom_1492694838569{padding-top: 6% !important;padding-bottom: 6% !important;}&#8220; offset=&#8220;vc_col-lg-offset-2 vc_col-lg-8 vc_col-md-offset-1 vc_col-md-10 vc_col-sm-offset-0&#8243;][\/vc_column][\/vc_row][vc_row equal_height=&#8220;yes&#8220; type=&#8220;vc_default&#8220; css=&#8220;.vc_custom_1580250132571{padding-top: 15px !important;padding-bottom: 15px !important;}&#8220;][vc_column width=&#8220;1\/2&#8243; offset=&#8220;vc_col-lg-6 vc_col-md-6&#8243;][vc_column_text]Hier sind die Love Santa Teresa Gallura Souvenirs, angeboten von der Cristoforo Sozialgenossenschaft, die das Fremdenverkehrsamt leitet. Eine Auswahl an n\u00fctzlichen&hellip;<\/p>\n","protected":false},"author":1,"featured_media":0,"parent":0,"menu_order":0,"comment_status":"closed","ping_status":"closed","template":"","meta":{"_acf_changed":false},"class_list":["post-16756","page","type-page","status-publish","hentry","description-off"],"acf":[],"yoast_head":"<!-- This site is optimized with the Yoast SEO plugin v25.3 - https:\/\/yoast.com\/wordpress\/plugins\/seo\/ -->\n<title>Santa Teresa Gallura Sommer-Souvenirs - Santa Teresa Gallura Turismo<\/title>\n<meta name=\"robots\" content=\"index, follow, max-snippet:-1, max-image-preview:large, max-video-preview:-1\" \/>\n<link rel=\"canonical\" href=\"https:\/\/www.santateresagalluraturismo.com\/de\/souvenir\/\" \/>\n<meta property=\"og:locale\" content=\"de_DE\" \/>\n<meta property=\"og:type\" content=\"article\" \/>\n<meta property=\"og:title\" content=\"Santa Teresa Gallura Sommer-Souvenirs - Santa Teresa Gallura Turismo\" \/>\n<meta property=\"og:description\" content=\"[vc_row bg_type=&#8220;image&#8220; parallax_style=&#8220;vcpb-default&#8220; bg_image_new=&#8220;id^16437|url^https:\/\/www.santateresagalluraturismo.com\/wp-content\/uploads\/2024\/07\/sfondo.jpg|caption^null|alt^null|title^sfondo|description^null&#8220; bg_image_repeat=&#8220;no-repeat&#8220; bg_img_attach=&#8220;fixed&#8220; bg_override=&#8220;ex-full&#8220; enable_overlay=&#8220;enable_overlay_value&#8220; overlay_color=&#8220;rgba(0,0,0,0.38)&#8220; type=&#8220;vc_default&#8220; css=&#8220;.vc_custom_1721228184183{padding-top: 6% !important;padding-bottom: 6% !important;}&#8220;][vc_column css=&#8220;.vc_custom_1492694838569{padding-top: 6% !important;padding-bottom: 6% !important;}&#8220; offset=&#8220;vc_col-lg-offset-2 vc_col-lg-8 vc_col-md-offset-1 vc_col-md-10 vc_col-sm-offset-0&#8243;][\/vc_column][\/vc_row][vc_row equal_height=&#8220;yes&#8220; type=&#8220;vc_default&#8220; css=&#8220;.vc_custom_1580250132571{padding-top: 15px !important;padding-bottom: 15px !important;}&#8220;][vc_column width=&#8220;1\/2&#8243; offset=&#8220;vc_col-lg-6 vc_col-md-6&#8243;][vc_column_text]Hier sind die Love Santa Teresa Gallura Souvenirs, angeboten von der Cristoforo Sozialgenossenschaft, die das Fremdenverkehrsamt leitet. Eine Auswahl an n\u00fctzlichen&hellip;\" \/>\n<meta property=\"og:url\" content=\"https:\/\/www.santateresagalluraturismo.com\/de\/souvenir\/\" \/>\n<meta property=\"og:site_name\" content=\"Santa Teresa Gallura Turismo\" \/>\n<meta property=\"article:publisher\" content=\"https:\/\/www.facebook.com\/santateresagalluraturismo\/\" \/>\n<meta property=\"article:modified_time\" content=\"2025-07-30T08:14:46+00:00\" \/>\n<meta name=\"twitter:card\" content=\"summary_large_image\" \/>\n<meta name=\"twitter:label1\" content=\"Gesch\u00e4tzte Lesezeit\" \/>\n\t<meta name=\"twitter:data1\" content=\"3\u00a0Minuten\" \/>\n<script type=\"application\/ld+json\" class=\"yoast-schema-graph\">{\"@context\":\"https:\/\/schema.org\",\"@graph\":[{\"@type\":\"WebPage\",\"@id\":\"https:\/\/www.santateresagalluraturismo.com\/de\/souvenir\/\",\"url\":\"https:\/\/www.santateresagalluraturismo.com\/de\/souvenir\/\",\"name\":\"Santa Teresa Gallura Sommer-Souvenirs - Santa Teresa Gallura Turismo\",\"isPartOf\":{\"@id\":\"https:\/\/www.santateresagalluraturismo.com\/de\/#website\"},\"datePublished\":\"2024-07-17T15:30:33+00:00\",\"dateModified\":\"2025-07-30T08:14:46+00:00\",\"breadcrumb\":{\"@id\":\"https:\/\/www.santateresagalluraturismo.com\/de\/souvenir\/#breadcrumb\"},\"inLanguage\":\"de\",\"potentialAction\":[{\"@type\":\"ReadAction\",\"target\":[\"https:\/\/www.santateresagalluraturismo.com\/de\/souvenir\/\"]}]},{\"@type\":\"BreadcrumbList\",\"@id\":\"https:\/\/www.santateresagalluraturismo.com\/de\/souvenir\/#breadcrumb\",\"itemListElement\":[{\"@type\":\"ListItem\",\"position\":1,\"name\":\"Home\",\"item\":\"https:\/\/www.santateresagalluraturismo.com\/de\/\"},{\"@type\":\"ListItem\",\"position\":2,\"name\":\"Santa Teresa Gallura Sommer-Souvenirs\"}]},{\"@type\":\"WebSite\",\"@id\":\"https:\/\/www.santateresagalluraturismo.com\/de\/#website\",\"url\":\"https:\/\/www.santateresagalluraturismo.com\/de\/\",\"name\":\"Santa Teresa Gallura Turismo\",\"description\":\"\",\"publisher\":{\"@id\":\"https:\/\/www.santateresagalluraturismo.com\/de\/#organization\"},\"potentialAction\":[{\"@type\":\"SearchAction\",\"target\":{\"@type\":\"EntryPoint\",\"urlTemplate\":\"https:\/\/www.santateresagalluraturismo.com\/de\/?s={search_term_string}\"},\"query-input\":{\"@type\":\"PropertyValueSpecification\",\"valueRequired\":true,\"valueName\":\"search_term_string\"}}],\"inLanguage\":\"de\"},{\"@type\":\"Organization\",\"@id\":\"https:\/\/www.santateresagalluraturismo.com\/de\/#organization\",\"name\":\"Santa Teresa Gallura Turismo\",\"url\":\"https:\/\/www.santateresagalluraturismo.com\/de\/\",\"logo\":{\"@type\":\"ImageObject\",\"inLanguage\":\"de\",\"@id\":\"https:\/\/www.santateresagalluraturismo.com\/de\/#\/schema\/logo\/image\/\",\"url\":\"https:\/\/www.santateresagalluraturismo.com\/wp-content\/uploads\/2019\/12\/logo300px.png\",\"contentUrl\":\"https:\/\/www.santateresagalluraturismo.com\/wp-content\/uploads\/2019\/12\/logo300px.png\",\"width\":300,\"height\":102,\"caption\":\"Santa Teresa Gallura Turismo\"},\"image\":{\"@id\":\"https:\/\/www.santateresagalluraturismo.com\/de\/#\/schema\/logo\/image\/\"},\"sameAs\":[\"https:\/\/www.facebook.com\/santateresagalluraturismo\/\",\"https:\/\/www.instagram.com\/santateresagalluraturismo\/\"]}]}<\/script>\n<!-- \/ Yoast SEO plugin. -->","yoast_head_json":{"title":"Santa Teresa Gallura Sommer-Souvenirs - Santa Teresa Gallura Turismo","robots":{"index":"index","follow":"follow","max-snippet":"max-snippet:-1","max-image-preview":"max-image-preview:large","max-video-preview":"max-video-preview:-1"},"canonical":"https:\/\/www.santateresagalluraturismo.com\/de\/souvenir\/","og_locale":"de_DE","og_type":"article","og_title":"Santa Teresa Gallura Sommer-Souvenirs - Santa Teresa Gallura Turismo","og_description":"[vc_row bg_type=&#8220;image&#8220; parallax_style=&#8220;vcpb-default&#8220; bg_image_new=&#8220;id^16437|url^https:\/\/www.santateresagalluraturismo.com\/wp-content\/uploads\/2024\/07\/sfondo.jpg|caption^null|alt^null|title^sfondo|description^null&#8220; bg_image_repeat=&#8220;no-repeat&#8220; bg_img_attach=&#8220;fixed&#8220; bg_override=&#8220;ex-full&#8220; enable_overlay=&#8220;enable_overlay_value&#8220; overlay_color=&#8220;rgba(0,0,0,0.38)&#8220; type=&#8220;vc_default&#8220; css=&#8220;.vc_custom_1721228184183{padding-top: 6% !important;padding-bottom: 6% !important;}&#8220;][vc_column css=&#8220;.vc_custom_1492694838569{padding-top: 6% !important;padding-bottom: 6% !important;}&#8220; offset=&#8220;vc_col-lg-offset-2 vc_col-lg-8 vc_col-md-offset-1 vc_col-md-10 vc_col-sm-offset-0&#8243;][\/vc_column][\/vc_row][vc_row equal_height=&#8220;yes&#8220; type=&#8220;vc_default&#8220; css=&#8220;.vc_custom_1580250132571{padding-top: 15px !important;padding-bottom: 15px !important;}&#8220;][vc_column width=&#8220;1\/2&#8243; offset=&#8220;vc_col-lg-6 vc_col-md-6&#8243;][vc_column_text]Hier sind die Love Santa Teresa Gallura Souvenirs, angeboten von der Cristoforo Sozialgenossenschaft, die das Fremdenverkehrsamt leitet. Eine Auswahl an n\u00fctzlichen&hellip;","og_url":"https:\/\/www.santateresagalluraturismo.com\/de\/souvenir\/","og_site_name":"Santa Teresa Gallura Turismo","article_publisher":"https:\/\/www.facebook.com\/santateresagalluraturismo\/","article_modified_time":"2025-07-30T08:14:46+00:00","twitter_card":"summary_large_image","twitter_misc":{"Gesch\u00e4tzte Lesezeit":"3\u00a0Minuten"},"schema":{"@context":"https:\/\/schema.org","@graph":[{"@type":"WebPage","@id":"https:\/\/www.santateresagalluraturismo.com\/de\/souvenir\/","url":"https:\/\/www.santateresagalluraturismo.com\/de\/souvenir\/","name":"Santa Teresa Gallura Sommer-Souvenirs - Santa Teresa Gallura Turismo","isPartOf":{"@id":"https:\/\/www.santateresagalluraturismo.com\/de\/#website"},"datePublished":"2024-07-17T15:30:33+00:00","dateModified":"2025-07-30T08:14:46+00:00","breadcrumb":{"@id":"https:\/\/www.santateresagalluraturismo.com\/de\/souvenir\/#breadcrumb"},"inLanguage":"de","potentialAction":[{"@type":"ReadAction","target":["https:\/\/www.santateresagalluraturismo.com\/de\/souvenir\/"]}]},{"@type":"BreadcrumbList","@id":"https:\/\/www.santateresagalluraturismo.com\/de\/souvenir\/#breadcrumb","itemListElement":[{"@type":"ListItem","position":1,"name":"Home","item":"https:\/\/www.santateresagalluraturismo.com\/de\/"},{"@type":"ListItem","position":2,"name":"Santa Teresa Gallura Sommer-Souvenirs"}]},{"@type":"WebSite","@id":"https:\/\/www.santateresagalluraturismo.com\/de\/#website","url":"https:\/\/www.santateresagalluraturismo.com\/de\/","name":"Santa Teresa Gallura Turismo","description":"","publisher":{"@id":"https:\/\/www.santateresagalluraturismo.com\/de\/#organization"},"potentialAction":[{"@type":"SearchAction","target":{"@type":"EntryPoint","urlTemplate":"https:\/\/www.santateresagalluraturismo.com\/de\/?s={search_term_string}"},"query-input":{"@type":"PropertyValueSpecification","valueRequired":true,"valueName":"search_term_string"}}],"inLanguage":"de"},{"@type":"Organization","@id":"https:\/\/www.santateresagalluraturismo.com\/de\/#organization","name":"Santa Teresa Gallura Turismo","url":"https:\/\/www.santateresagalluraturismo.com\/de\/","logo":{"@type":"ImageObject","inLanguage":"de","@id":"https:\/\/www.santateresagalluraturismo.com\/de\/#\/schema\/logo\/image\/","url":"https:\/\/www.santateresagalluraturismo.com\/wp-content\/uploads\/2019\/12\/logo300px.png","contentUrl":"https:\/\/www.santateresagalluraturismo.com\/wp-content\/uploads\/2019\/12\/logo300px.png","width":300,"height":102,"caption":"Santa Teresa Gallura Turismo"},"image":{"@id":"https:\/\/www.santateresagalluraturismo.com\/de\/#\/schema\/logo\/image\/"},"sameAs":["https:\/\/www.facebook.com\/santateresagalluraturismo\/","https:\/\/www.instagram.com\/santateresagalluraturismo\/"]}]}},"_links":{"self":[{"href":"https:\/\/www.santateresagalluraturismo.com\/de\/wp-json\/wp\/v2\/pages\/16756","targetHints":{"allow":["GET"]}}],"collection":[{"href":"https:\/\/www.santateresagalluraturismo.com\/de\/wp-json\/wp\/v2\/pages"}],"about":[{"href":"https:\/\/www.santateresagalluraturismo.com\/de\/wp-json\/wp\/v2\/types\/page"}],"author":[{"embeddable":true,"href":"https:\/\/www.santateresagalluraturismo.com\/de\/wp-json\/wp\/v2\/users\/1"}],"replies":[{"embeddable":true,"href":"https:\/\/www.santateresagalluraturismo.com\/de\/wp-json\/wp\/v2\/comments?post=16756"}],"version-history":[{"count":3,"href":"https:\/\/www.santateresagalluraturismo.com\/de\/wp-json\/wp\/v2\/pages\/16756\/revisions"}],"predecessor-version":[{"id":21640,"href":"https:\/\/www.santateresagalluraturismo.com\/de\/wp-json\/wp\/v2\/pages\/16756\/revisions\/21640"}],"wp:attachment":[{"href":"https:\/\/www.santateresagalluraturismo.com\/de\/wp-json\/wp\/v2\/media?parent=16756"}],"curies":[{"name":"wp","href":"https:\/\/api.w.org\/{rel}","templated":true}]}}